{"id":456,"date":"2022-02-19T09:36:34","date_gmt":"2022-02-19T09:36:34","guid":{"rendered":"https:\/\/poelenburgh.nl\/?post_type=product&#038;p=456"},"modified":"2026-03-17T17:26:28","modified_gmt":"2026-03-17T15:26:28","slug":"instructieweekend","status":"publish","type":"product","link":"https:\/\/poelenburgh.nl\/de\/produkt\/instructieweekend\/","title":{"rendered":"Unterrichtswochenende"},"content":{"rendered":"<p>Mehrmals im Jahr veranstalten wir Unterrichtswochenenden, siehe\u00a0<a href=\"https:\/\/poelenburgh.nl\/de\/agenda\/\">Agenda<\/a>. W\u00e4hrend eines solchen Wochenendes wird der theoretischen und technischen Seite des Reitens mehr Aufmerksamkeit geschenkt.<\/p>\n<p>Ein Unterrichtswochenende beginnt am Freitagabend und endet am Sonntagnachmittag. \u00dcbernachten k\u00f6nnt ihr bei uns, wir haben komplett renovierte Schlafs\u00e4le und Sanit\u00e4ranlagen.<\/p>\n<p>W\u00e4hrend des Wochenendes werden am Freitagabend ein Rennen und am Samstag und Sonntag zwei Rennen ausgetragen. Unter anderem werden Filmaufnahmen des Unterrichts gemacht, damit dieser im Anschluss besprochen werden kann.<\/p>\n<p>Wir organisieren auch spezielle Springunterrichtswochenenden, an denen dem Springen besondere Aufmerksamkeit geschenkt wird.<\/p>\n<p>De kosten voor een instructieweekend zijn \u20ac 237,50 per persoon, voor Poelenburgh-leden met manegepaard \u20ac 215,00 en voor leden met eigen paard<br \/>\n209,50 \u20ac (dies beinhaltet 2 \u00dcbernachtungen, 2x Fr\u00fchst\u00fcck, 2x Mittagessen, 1x Abendessen).<\/p>\n<p>&nbsp;<\/p>\n<p>&nbsp;<\/p>","protected":false},"excerpt":{"rendered":"<p>Mehrmals im Jahr veranstalten wir Unterrichtswochenenden, siehe\u00a0<a href=\"https:\/\/poelenburgh.nl\/de\/agenda\/\">Agenda<\/a>. W\u00e4hrend eines solchen Wochenendes wird der theoretischen und technischen Seite des Reitens mehr Aufmerksamkeit geschenkt.<\/p>\n<p>Ein Unterrichtswochenende beginnt am Freitagabend und endet am Sonntagnachmittag. \u00dcbernachten k\u00f6nnt ihr bei uns, wir haben komplett renovierte Schlafs\u00e4le und Sanit\u00e4ranlagen.<\/p>\n<p>W\u00e4hrend des Wochenendes werden am Freitagabend ein Rennen und am Samstag und Sonntag zwei Rennen ausgetragen. Unter anderem werden Filmaufnahmen des Unterrichts gemacht, damit dieser im Anschluss besprochen werden kann.<\/p>","protected":false},"featured_media":0,"comment_status":"open","ping_status":"closed","template":"","meta":{"_acf_changed":false,"_angie_page":false,"jetpack_publicize_message":"","jetpack_publicize_feature_enabled":true,"jetpack_social_post_already_shared":false,"jetpack_social_options":{"image_generator_settings":{"template":"highway","default_image_id":0,"font":"","enabled":false},"version":2}},"product_brand":[],"product_cat":[25],"product_tag":[48,113],"class_list":{"0":"post-456","1":"product","2":"type-product","3":"status-publish","5":"product_cat-ruiterweekenden","6":"product_tag-instructie","7":"product_tag-instructieweekend","9":"first","10":"instock","11":"taxable","12":"shipping-taxable","13":"purchasable","14":"product-type-variable"},"exclude_global_add_ons":false,"addons":[{"name":"Name des eigenen Pferdes","type":"custom_text","position":0,"required":false,"title_format":"label","default":"","description_enable":false,"description":"","placeholder_enable":false,"placeholder":"","display":"select","restrictions_type":"any_text","adjust_price":false,"price":"","price_type":"flat_fee","restrictions":false,"min":"0","max":"0","options":[],"id":1706616627},{"name":"Gr\u00f6\u00dfe des eigenen Pferdes (cm)","type":"custom_text","position":1,"required":false,"title_format":"label","default":"","description_enable":false,"description":"","placeholder_enable":false,"placeholder":"","display":"select","restrictions_type":"any_text","adjust_price":false,"price":"","price_type":"flat_fee","restrictions":false,"min":"0","max":"0","options":[],"id":1706616628},{"name":"Sex eigenes Pferd","type":"multiple_choice","position":2,"required":false,"title_format":"label","default":"","description_enable":false,"description":"","placeholder_enable":false,"placeholder":"","display":"select","restrictions_type":"any_text","adjust_price":false,"price":"","price_type":"flat_fee","restrictions":false,"min":"0","max":"0","options":[{"label":"Merrie","price":"","price_type":"flat_fee","image":0,"visibility":true},{"label":"Ruin","price":"","price_type":"flat_fee","image":0,"visibility":true},{"label":"Hengst","price":"","price_type":"flat_fee","image":0,"visibility":true}],"id":1706616629},{"name":"Jahrelange Sprungerfahrung","type":"custom_text","position":0,"required":true,"title_format":"label","default":"","description_enable":false,"description":"","placeholder_enable":false,"placeholder":"","display":"select","restrictions_type":"only_numbers","adjust_price":false,"price":"","price_type":"flat_fee","restrictions":false,"min":"0","max":"0","options":[],"id":1705524763},{"name":"langj\u00e4hrige Dressurerfahrung","type":"custom_text","position":1,"required":true,"title_format":"label","default":"","description_enable":false,"description":"","placeholder_enable":false,"placeholder":"","display":"select","restrictions_type":"only_numbers","adjust_price":false,"price":"","price_type":"flat_fee","restrictions":false,"min":"0","max":"0","options":[],"id":1705524764},{"name":"Vorname (Fahrer)","type":"custom_text","position":0,"required":true,"title_format":"label","default":"","description_enable":false,"description":"","placeholder_enable":false,"placeholder":"","display":"select","restrictions_type":"any_text","adjust_price":false,"price":"","price_type":"flat_fee","restrictions":false,"min":"0","max":"0","options":[],"id":1719823287},{"name":"Nachname (Fahrer)","type":"custom_text","position":1,"required":true,"title_format":"label","default":"","description_enable":false,"description":"","placeholder_enable":false,"placeholder":"","display":"select","restrictions_type":"any_text","adjust_price":false,"price":"","price_type":"flat_fee","restrictions":false,"min":"0","max":"0","options":[],"id":1719823288},{"name":"Geburtsdatum (Fahrer)","type":"custom_text","position":2,"required":true,"title_format":"label","default":"","description_enable":false,"description":"","placeholder_enable":false,"placeholder":"","display":"select","restrictions_type":"any_text","adjust_price":false,"price":"","price_type":"flat_fee","restrictions":false,"min":"0","max":"0","options":[],"id":1719823290},{"name":"Geschlecht (Fahrer)","type":"multiple_choice","position":3,"required":true,"title_format":"label","default":"","description_enable":false,"description":"","placeholder_enable":false,"placeholder":"","display":"select","restrictions_type":"any_text","adjust_price":false,"price":"","price_type":"flat_fee","restrictions":false,"min":"0","max":"0","options":[{"label":"Vrouw","price":"","price_type":"flat_fee","image":0,"visibility":true},{"label":"Man","price":"","price_type":"flat_fee","image":0,"visibility":true},{"label":"Anders","price":"","price_type":"flat_fee","image":0,"visibility":true}],"id":1719823289},{"name":"Gr\u00f6\u00dfe (cm) (Fahrer)","type":"custom_text","position":4,"required":true,"title_format":"label","default":"","description_enable":false,"description":"","placeholder_enable":false,"placeholder":"","display":"select","restrictions_type":"only_numbers","adjust_price":false,"price":"","price_type":"flat_fee","restrictions":false,"min":"0","max":"0","options":[],"id":1719823291},{"name":"Gewicht (kg) (Fahrer)","type":"custom_text","position":5,"required":true,"title_format":"label","default":"","description_enable":false,"description":"","placeholder_enable":false,"placeholder":"","display":"select","restrictions_type":"only_numbers","adjust_price":false,"price":"","price_type":"flat_fee","restrictions":false,"min":"0","max":"0","options":[],"id":1719823292},{"name":"Nummer des Reiterpasses","type":"custom_text","position":6,"required":false,"title_format":"label","default":"","description_enable":false,"description":"","placeholder_enable":false,"placeholder":"","display":"select","restrictions_type":"any_text","adjust_price":false,"price":"","price_type":"flat_fee","restrictions":false,"min":"0","max":"0","options":[],"id":1719823377}],"acf":[],"yoast_head":"<!-- This site is optimized with the Yoast SEO plugin v27.3 - https:\/\/yoast.com\/product\/yoast-seo-wordpress\/ -->\n<title>Instructieweekend - Duinmanege van Poelenburgh<\/title>\n<meta name=\"robots\" content=\"index, follow, max-snippet:-1, max-image-preview:large, max-video-preview:-1\" \/>\n<link rel=\"canonical\" href=\"https:\/\/poelenburgh.nl\/de\/produkt\/instructieweekend\/\" \/>\n<meta property=\"og:locale\" content=\"de_DE\" \/>\n<meta property=\"og:type\" content=\"article\" \/>\n<meta property=\"og:title\" content=\"Instructieweekend - Duinmanege van Poelenburgh\" \/>\n<meta property=\"og:description\" content=\"Meerdere malen per jaar organiseren wij instructieweekenden,\u00a0zie\u00a0agenda. Tijdens zo\u2019n weekend wordt meer aandacht besteed aan de theoretische en rijtechnische kant van het paardrijden.  Een instructieweekend begint vrijdagavond en is zondagmiddag afgelopen. Je kunt bij ons blijven overnachten, wij beschikken over geheel vernieuwde slaapzalen en sanitaire voorzieningen.  Tijdens het weekend wordt er vrijdagavond \u00e9\u00e9nmaal gereden en op zaterdag en zondag wordt tweemaal gereden. Er worden o.a. filmopnamen van de lessen gemaakt zodat die naderhand kunnen worden besproken.\" \/>\n<meta property=\"og:url\" content=\"https:\/\/poelenburgh.nl\/de\/produkt\/instructieweekend\/\" \/>\n<meta property=\"og:site_name\" content=\"Duinmanege van Poelenburgh\" \/>\n<meta property=\"article:publisher\" content=\"https:\/\/www.facebook.com\/duinmanege.vanpoelenburgh\" \/>\n<meta property=\"article:modified_time\" content=\"2026-03-17T15:26:28+00:00\" \/>\n<meta property=\"og:image\" content=\"https:\/\/poelenburgh.nl\/wp-content\/uploads\/2022\/01\/klein-afrika-4_1488x837-e1688639586788.jpg\" \/>\n\t<meta property=\"og:image:width\" content=\"956\" \/>\n\t<meta property=\"og:image:height\" content=\"498\" \/>\n\t<meta property=\"og:image:type\" content=\"image\/jpeg\" \/>\n<meta name=\"twitter:card\" content=\"summary_large_image\" \/>\n<meta name=\"twitter:site\" content=\"@manegevanpoelen\" \/>\n<meta name=\"twitter:label1\" content=\"Gesch\u00e4tzte Lesezeit\" \/>\n\t<meta name=\"twitter:data1\" content=\"1\u00a0Minute\" \/>\n<script type=\"application\/ld+json\" class=\"yoast-schema-graph\">{\"@context\":\"https:\\\/\\\/schema.org\",\"@graph\":[{\"@type\":\"WebPage\",\"@id\":\"https:\\\/\\\/poelenburgh.nl\\\/product\\\/instructieweekend\\\/\",\"url\":\"https:\\\/\\\/poelenburgh.nl\\\/product\\\/instructieweekend\\\/\",\"name\":\"Instructieweekend - Duinmanege van Poelenburgh\",\"isPartOf\":{\"@id\":\"https:\\\/\\\/poelenburgh.nl\\\/#website\"},\"datePublished\":\"2022-02-19T09:36:34+00:00\",\"dateModified\":\"2026-03-17T15:26:28+00:00\",\"breadcrumb\":{\"@id\":\"https:\\\/\\\/poelenburgh.nl\\\/product\\\/instructieweekend\\\/#breadcrumb\"},\"inLanguage\":\"de\",\"potentialAction\":[{\"@type\":\"ReadAction\",\"target\":[\"https:\\\/\\\/poelenburgh.nl\\\/product\\\/instructieweekend\\\/\"]}]},{\"@type\":\"BreadcrumbList\",\"@id\":\"https:\\\/\\\/poelenburgh.nl\\\/product\\\/instructieweekend\\\/#breadcrumb\",\"itemListElement\":[{\"@type\":\"ListItem\",\"position\":1,\"name\":\"Winkel\",\"item\":\"https:\\\/\\\/poelenburgh.nl\\\/winkel\\\/\"},{\"@type\":\"ListItem\",\"position\":2,\"name\":\"Instructieweekend\"}]},{\"@type\":\"WebSite\",\"@id\":\"https:\\\/\\\/poelenburgh.nl\\\/#website\",\"url\":\"https:\\\/\\\/poelenburgh.nl\\\/\",\"name\":\"Duinmanege van Poelenburgh\",\"description\":\"Manege &amp; Accommodatie\",\"publisher\":{\"@id\":\"https:\\\/\\\/poelenburgh.nl\\\/#organization\"},\"potentialAction\":[{\"@type\":\"SearchAction\",\"target\":{\"@type\":\"EntryPoint\",\"urlTemplate\":\"https:\\\/\\\/poelenburgh.nl\\\/?s={search_term_string}\"},\"query-input\":{\"@type\":\"PropertyValueSpecification\",\"valueRequired\":true,\"valueName\":\"search_term_string\"}}],\"inLanguage\":\"de\"},{\"@type\":\"Organization\",\"@id\":\"https:\\\/\\\/poelenburgh.nl\\\/#organization\",\"name\":\"Duinmanege van Poelenburgh\",\"url\":\"https:\\\/\\\/poelenburgh.nl\\\/\",\"logo\":{\"@type\":\"ImageObject\",\"inLanguage\":\"de\",\"@id\":\"https:\\\/\\\/poelenburgh.nl\\\/#\\\/schema\\\/logo\\\/image\\\/\",\"url\":\"https:\\\/\\\/poelenburgh.nl\\\/wp-content\\\/uploads\\\/2022\\\/01\\\/Logo-Duinmanege-Boelenburgh1.png\",\"contentUrl\":\"https:\\\/\\\/poelenburgh.nl\\\/wp-content\\\/uploads\\\/2022\\\/01\\\/Logo-Duinmanege-Boelenburgh1.png\",\"width\":2788,\"height\":758,\"caption\":\"Duinmanege van Poelenburgh\"},\"image\":{\"@id\":\"https:\\\/\\\/poelenburgh.nl\\\/#\\\/schema\\\/logo\\\/image\\\/\"},\"sameAs\":[\"https:\\\/\\\/www.facebook.com\\\/duinmanege.vanpoelenburgh\",\"https:\\\/\\\/x.com\\\/manegevanpoelen\",\"https:\\\/\\\/www.instagram.com\\\/duinmanegevanpoelenburgh\\\/\",\"https:\\\/\\\/www.youtube.com\\\/channel\\\/UCOuMgw5JmJxuTR_pW4IK9qQ\"]}]}<\/script>\n<!-- \/ Yoast SEO plugin. -->","yoast_head_json":{"title":"Instructieweekend - Duinmanege van Poelenburgh","robots":{"index":"index","follow":"follow","max-snippet":"max-snippet:-1","max-image-preview":"max-image-preview:large","max-video-preview":"max-video-preview:-1"},"canonical":"https:\/\/poelenburgh.nl\/de\/produkt\/instructieweekend\/","og_locale":"de_DE","og_type":"article","og_title":"Instructieweekend - Duinmanege van Poelenburgh","og_description":"Meerdere malen per jaar organiseren wij instructieweekenden,\u00a0zie\u00a0agenda. Tijdens zo\u2019n weekend wordt meer aandacht besteed aan de theoretische en rijtechnische kant van het paardrijden.  Een instructieweekend begint vrijdagavond en is zondagmiddag afgelopen. Je kunt bij ons blijven overnachten, wij beschikken over geheel vernieuwde slaapzalen en sanitaire voorzieningen.  Tijdens het weekend wordt er vrijdagavond \u00e9\u00e9nmaal gereden en op zaterdag en zondag wordt tweemaal gereden. Er worden o.a. filmopnamen van de lessen gemaakt zodat die naderhand kunnen worden besproken.","og_url":"https:\/\/poelenburgh.nl\/de\/produkt\/instructieweekend\/","og_site_name":"Duinmanege van Poelenburgh","article_publisher":"https:\/\/www.facebook.com\/duinmanege.vanpoelenburgh","article_modified_time":"2026-03-17T15:26:28+00:00","og_image":[{"width":956,"height":498,"url":"https:\/\/poelenburgh.nl\/wp-content\/uploads\/2022\/01\/klein-afrika-4_1488x837-e1688639586788.jpg","type":"image\/jpeg"}],"twitter_card":"summary_large_image","twitter_site":"@manegevanpoelen","twitter_misc":{"Gesch\u00e4tzte Lesezeit":"1\u00a0Minute"},"schema":{"@context":"https:\/\/schema.org","@graph":[{"@type":"WebPage","@id":"https:\/\/poelenburgh.nl\/product\/instructieweekend\/","url":"https:\/\/poelenburgh.nl\/product\/instructieweekend\/","name":"Instructieweekend - Duinmanege van Poelenburgh","isPartOf":{"@id":"https:\/\/poelenburgh.nl\/#website"},"datePublished":"2022-02-19T09:36:34+00:00","dateModified":"2026-03-17T15:26:28+00:00","breadcrumb":{"@id":"https:\/\/poelenburgh.nl\/product\/instructieweekend\/#breadcrumb"},"inLanguage":"de","potentialAction":[{"@type":"ReadAction","target":["https:\/\/poelenburgh.nl\/product\/instructieweekend\/"]}]},{"@type":"BreadcrumbList","@id":"https:\/\/poelenburgh.nl\/product\/instructieweekend\/#breadcrumb","itemListElement":[{"@type":"ListItem","position":1,"name":"Winkel","item":"https:\/\/poelenburgh.nl\/winkel\/"},{"@type":"ListItem","position":2,"name":"Instructieweekend"}]},{"@type":"WebSite","@id":"https:\/\/poelenburgh.nl\/#website","url":"https:\/\/poelenburgh.nl\/","name":"D\u00fcnenreitschule von Poelenburgh","description":"Reitschule &amp; Unterkunft","publisher":{"@id":"https:\/\/poelenburgh.nl\/#organization"},"potentialAction":[{"@type":"SearchAction","target":{"@type":"EntryPoint","urlTemplate":"https:\/\/poelenburgh.nl\/?s={search_term_string}"},"query-input":{"@type":"PropertyValueSpecification","valueRequired":true,"valueName":"search_term_string"}}],"inLanguage":"de"},{"@type":"Organization","@id":"https:\/\/poelenburgh.nl\/#organization","name":"D\u00fcnenreitschule von Poelenburgh","url":"https:\/\/poelenburgh.nl\/","logo":{"@type":"ImageObject","inLanguage":"de","@id":"https:\/\/poelenburgh.nl\/#\/schema\/logo\/image\/","url":"https:\/\/poelenburgh.nl\/wp-content\/uploads\/2022\/01\/Logo-Duinmanege-Boelenburgh1.png","contentUrl":"https:\/\/poelenburgh.nl\/wp-content\/uploads\/2022\/01\/Logo-Duinmanege-Boelenburgh1.png","width":2788,"height":758,"caption":"Duinmanege van Poelenburgh"},"image":{"@id":"https:\/\/poelenburgh.nl\/#\/schema\/logo\/image\/"},"sameAs":["https:\/\/www.facebook.com\/duinmanege.vanpoelenburgh","https:\/\/x.com\/manegevanpoelen","https:\/\/www.instagram.com\/duinmanegevanpoelenburgh\/","https:\/\/www.youtube.com\/channel\/UCOuMgw5JmJxuTR_pW4IK9qQ"]}]}},"jetpack_publicize_connections":[],"jetpack-related-posts":[{"id":865,"url":"https:\/\/poelenburgh.nl\/de\/produkt\/instructiedag\/","url_meta":{"origin":456,"position":0},"title":"Unterrichtstag","author":"admin","date":"M\u00e4rz 5, 2022","format":false,"excerpt":"Meerdere malen per jaar organiseren wij instructieweekenden,\u00a0zie\u00a0agenda. Tijdens zo\u2019n weekend wordt meer aandacht besteed aan de theoretische en rijtechnische kant van het paardrijden. Een instructieweekend begint vrijdagavond en is zondagmiddag afgelopen. Je kunt bij ons blijven overnachten, wij beschikken over geheel vernieuwde slaapzalen en sanitaire voorzieningen. Tijdens het weekend wordt\u2026","rel":"","context":"\u00c4hnlicher Beitrag","block_context":{"text":"\u00c4hnlicher Beitrag","link":""},"img":{"alt_text":"","src":"","width":0,"height":0},"classes":[]},{"id":6666,"url":"https:\/\/poelenburgh.nl\/de\/produkt\/verkort-instructieweekend\/","url_meta":{"origin":456,"position":1},"title":"Verk\u00fcrztes Unterrichtswochenende","author":"admin","date":"November 20, 2023","format":false,"excerpt":"Meerdere malen per jaar organiseren wij instructieweekenden,\u00a0zie\u00a0agenda. Tijdens zo\u2019n weekend wordt meer aandacht besteed aan de theoretische en rijtechnische kant van het paardrijden. Een verkort instructieweekend begint zaterdagavond en is zondagmiddag afgelopen. Je kunt bij ons blijven overnachten, wij beschikken over geheel vernieuwde slaapzalen en sanitaire voorzieningen. Tijdens het weekend\u2026","rel":"","context":"\u00c4hnlicher Beitrag","block_context":{"text":"\u00c4hnlicher Beitrag","link":""},"img":{"alt_text":"","src":"","width":0,"height":0},"classes":[]},{"id":403,"url":"https:\/\/poelenburgh.nl\/de\/produkt\/ruiterweekend\/","url_meta":{"origin":456,"position":2},"title":"Reitwochenende im Freien","author":"admin","date":"Februar 19, 2022","format":false,"excerpt":"Paardrijden in de mooiste omgeving van Noord-Holland! Bekijk\u00a0hier\u00a0de video om een indruk te krijgen van een buitenrit! Tijdens dit weekend staat het\u00a0buitenrijden\u00a0(video)\u00a0centraal, dus elke dag genieten van bos-\/duinritten en strandritten. Het is ook een goed voorbereiding voor het behalen van het ruiterbewijs.","rel":"","context":"\u00c4hnlicher Beitrag","block_context":{"text":"\u00c4hnlicher Beitrag","link":""},"img":{"alt_text":"","src":"","width":0,"height":0},"classes":[]}],"jetpack_sharing_enabled":true,"_links":{"self":[{"href":"https:\/\/poelenburgh.nl\/de\/wp-json\/wp\/v2\/product\/456","targetHints":{"allow":["GET"]}}],"collection":[{"href":"https:\/\/poelenburgh.nl\/de\/wp-json\/wp\/v2\/product"}],"about":[{"href":"https:\/\/poelenburgh.nl\/de\/wp-json\/wp\/v2\/types\/product"}],"replies":[{"embeddable":true,"href":"https:\/\/poelenburgh.nl\/de\/wp-json\/wp\/v2\/comments?post=456"}],"version-history":[{"count":9,"href":"https:\/\/poelenburgh.nl\/de\/wp-json\/wp\/v2\/product\/456\/revisions"}],"predecessor-version":[{"id":780,"href":"https:\/\/poelenburgh.nl\/de\/wp-json\/wp\/v2\/product\/456\/revisions\/780"}],"wp:attachment":[{"href":"https:\/\/poelenburgh.nl\/de\/wp-json\/wp\/v2\/media?parent=456"}],"wp:term":[{"taxonomy":"product_brand","embeddable":true,"href":"https:\/\/poelenburgh.nl\/de\/wp-json\/wp\/v2\/product_brand?post=456"},{"taxonomy":"product_cat","embeddable":true,"href":"https:\/\/poelenburgh.nl\/de\/wp-json\/wp\/v2\/product_cat?post=456"},{"taxonomy":"product_tag","embeddable":true,"href":"https:\/\/poelenburgh.nl\/de\/wp-json\/wp\/v2\/product_tag?post=456"}],"curies":[{"name":"wp","href":"https:\/\/api.w.org\/{rel}","templated":true}]}}