{"id":403,"date":"2022-02-19T09:02:29","date_gmt":"2022-02-19T09:02:29","guid":{"rendered":"https:\/\/poelenburgh.nl\/?post_type=product&#038;p=403"},"modified":"2026-03-03T17:00:48","modified_gmt":"2026-03-03T15:00:48","slug":"ruiterweekend","status":"publish","type":"product","link":"https:\/\/poelenburgh.nl\/de\/produkt\/ruiterweekend\/","title":{"rendered":"Reitwochenende im Freien"},"content":{"rendered":"<p><span style=\"color: #000000\"><span style=\"font-family: Calibri, sans-serif\"><b>Reiten in der sch\u00f6nsten Gegend Nordhollands!<\/b><\/span><\/span><\/p>\n<p>Ansehen\u00a0<a href=\"https:\/\/www.youtube.com\/watch?v=Kwd0lT4sKjI&amp;index=1&amp;list=PLB59OwQZsdcfjL4qFtc1LiVg2fyT4tLfr\">hier<\/a>\u00a0das Video, um einen Eindruck von einer Outdoor-Fahrt zu bekommen!<\/p>\n<p>An diesem Wochenende wird drau\u00dfen gefahren\u00a0<a href=\"http:\/\/www.youtube.com\/watch?v=HfIWnjJgsjc\">(Video)<\/a>\u00a0zentral, genie\u00dfen Sie also jeden Tag Wald- \/ D\u00fcnenfahrten und Strandfahrten. Es ist auch eine gute Vorbereitung auf die Erlangung des Reiterscheins.<\/p>\n<p><span style=\"color: #000000\"><span style=\"font-family: Calibri, sans-serif\"><b>Reiturlaub unter der Woche im Freien<\/b><\/span><\/span><\/p>\n<p><b>Montag<\/b><br \/>\nEinlass ab 15:00 Uhr<br \/>\n17:30 Empfang mit anschlie\u00dfendem Abendessen<br \/>\n21:00-22:00 Gruppenunterricht<\/p>\n<p><b>Dienstag<\/b><br \/>\n08:00 Fr\u00fchst\u00fcck<br \/>\n09:30-11:00 Waldritt<br \/>\n12:00 Uhr<br \/>\n13:30-16:00 Strandritt<br \/>\n18:00 Abendessen<\/p>\n<p><b>Mittwoch<\/b><br \/>\n07:00 Fr\u00fchst\u00fcck<br \/>\n08:00-12:00 PWN-Fahrt mit Strand<br \/>\n13:00 Mittagessen<br \/>\nNachmittag und Abend frei<\/p>\n<p><b>Donnerstag<\/b><br \/>\n07:00 Fr\u00fchst\u00fcck<br \/>\n08:00-10:30 Strandritt<br \/>\n12:30 Mittagessen<br \/>\n14:00-16:00 D\u00fcnenfahrt<br \/>\n18:00 Abendessen<\/p>\n<p><b>Freitag<\/b><br \/>\n08:00 Fr\u00fchst\u00fcck<br \/>\n09:00-10:30 Waldritt<br \/>\n11:30 Kasse<\/p>\n<p><b>Kosten:<\/b><br \/>\n<strong>Wohnung<\/strong>\u00a0(max. vier Personen) bei mindestens zwei Personen 645 Euro pP<br \/>\nEinzelzimmerzuschlag 200 Euro<br \/>\n<strong>Schlafsaal<\/strong>\u00a0(max. 16 Personen) bei mindestens vier Personen 600 Euro p.P<br \/>\n<strong>Bauernhof\u00a0<\/strong>(max. 15 Personen) bei mindestens vier Personen 945 Euro p.P<br \/>\nBei Belegung mit zwei Personen 500,- Aufpreis pP<\/p>\n<p>Linnenpakketten bestaan uit bedlinnen en twee handdoeken. De kosten hiervan zijn 11.50 euro p.p.<br \/>\nF\u00fcr Verf\u00fcgbarkeit und weitere Informationen senden Sie bitte eine E-Mail an manege@poelenburgh.nl<\/p>\n<p><u><b>Reitwochenende im Freien<\/b><\/u><\/p>\n<p><b>Freitag<\/b><br \/>\nEinlass ab 15:00 Uhr<br \/>\n17:30 Empfang mit einem Getr\u00e4nk<br \/>\n18:30 Abendessen<br \/>\n21:00-22:00 Gruppenunterricht<\/p>\n<p><b>Samstag<\/b><br \/>\n08:00 Fr\u00fchst\u00fcck<br \/>\n9:30-11:00 Buschfahrt<br \/>\n12:00 Uhr<br \/>\n13:30-16:00 Strandritt<br \/>\n18:30 Feinschmecker<\/p>\n<p><b>Sonntag<\/b><br \/>\n07:00 Fr\u00fchst\u00fcck<br \/>\n08:00- 12:00 PWN Fahrt mit Strand<br \/>\nAbschluss mit Mittagessen<\/p>\n<p><b>Kosten<\/b><br \/>\n<strong>Wohnung\u00a0<\/strong>(max. 4 Personen) bei einer Mindestbelegung von 2 Personen 370 Euro pP. Einzelzimmerzuschlag 100 Euro.<br \/>\nMontag Kasse 11:00 50 pp extra<br \/>\n<strong>Schlafsaal<\/strong>\u00a0(max. 16 Personen) bei mindestens vier Personen 330 Euro p.P<br \/>\nMontag Check-out 11:00 30 pp extra<br \/>\n<strong>Bauernhof<\/strong>\u00a0(max. 15 Personen) bei einer Mindestbelegung von vier Personen 570 Euro pP Bei Belegung mit zwei Personen 300 Euro Aufpreis pP<br \/>\nMontag Check-out 11:00 100 pp extra<\/p>\n<p><b>Abz\u00fcglich des Freitagabends betragen die Kosten 290 Euro pP und sind nur im Wohnheim m\u00f6glich.<\/b><br \/>\n<b>Die Rezeption ist dann um 08:30 Uhr.<\/b><\/p>\n<p>W\u00e4schepakete bestehen aus Bettw\u00e4sche und zwei Handt\u00fcchern. Die Kosten betragen 11,50 Euro pP<br \/>\nF\u00fcr Verf\u00fcgbarkeit und weitere Informationen senden Sie bitte eine E-Mail an manege@poelenburgh.nl<\/p>","protected":false},"excerpt":{"rendered":"<p><span style=\"color: #000000\"><span style=\"font-family: Calibri, sans-serif\"><b>Reiten in der sch\u00f6nsten Gegend Nordhollands!<\/b><\/span><\/span><\/p>\n<p>Ansehen\u00a0<a href=\"https:\/\/www.youtube.com\/watch?v=Kwd0lT4sKjI&amp;index=1&amp;list=PLB59OwQZsdcfjL4qFtc1LiVg2fyT4tLfr\">hier<\/a>\u00a0das Video, um einen Eindruck von einer Outdoor-Fahrt zu bekommen!<\/p>\n<p>An diesem Wochenende wird drau\u00dfen gefahren\u00a0<a href=\"http:\/\/www.youtube.com\/watch?v=HfIWnjJgsjc\">(Video)<\/a>\u00a0zentral, genie\u00dfen Sie also jeden Tag Wald- \/ D\u00fcnenfahrten und Strandfahrten. Es ist auch eine gute Vorbereitung auf die Erlangung des Reiterscheins.<\/p>","protected":false},"featured_media":0,"comment_status":"open","ping_status":"closed","template":"","meta":{"_acf_changed":false,"_angie_page":false,"jetpack_publicize_message":"","jetpack_publicize_feature_enabled":true,"jetpack_social_post_already_shared":false,"jetpack_social_options":{"image_generator_settings":{"template":"highway","default_image_id":0,"font":"","enabled":false},"version":2}},"product_brand":[],"product_cat":[25],"product_tag":[27,28,26],"class_list":{"0":"post-403","1":"product","2":"type-product","3":"status-publish","5":"product_cat-ruiterweekenden","6":"product_tag-buitenrijweekend","7":"product_tag-midweek","8":"product_tag-ruiterweekend","10":"first","11":"instock","12":"taxable","13":"shipping-taxable","14":"purchasable","15":"product-type-variable","16":"has-default-attributes"},"exclude_global_add_ons":false,"addons":[{"name":"Name des eigenen Pferdes","type":"custom_text","position":0,"required":false,"title_format":"label","default":"","description_enable":false,"description":"","placeholder_enable":false,"placeholder":"","display":"select","restrictions_type":"any_text","adjust_price":false,"price":"","price_type":"flat_fee","restrictions":false,"min":"0","max":"0","options":[],"id":1706616627},{"name":"Gr\u00f6\u00dfe des eigenen Pferdes (cm)","type":"custom_text","position":1,"required":false,"title_format":"label","default":"","description_enable":false,"description":"","placeholder_enable":false,"placeholder":"","display":"select","restrictions_type":"any_text","adjust_price":false,"price":"","price_type":"flat_fee","restrictions":false,"min":"0","max":"0","options":[],"id":1706616628},{"name":"Sex eigenes Pferd","type":"multiple_choice","position":2,"required":false,"title_format":"label","default":"","description_enable":false,"description":"","placeholder_enable":false,"placeholder":"","display":"select","restrictions_type":"any_text","adjust_price":false,"price":"","price_type":"flat_fee","restrictions":false,"min":"0","max":"0","options":[{"label":"Merrie","price":"","price_type":"flat_fee","image":0,"visibility":true},{"label":"Ruin","price":"","price_type":"flat_fee","image":0,"visibility":true},{"label":"Hengst","price":"","price_type":"flat_fee","image":0,"visibility":true}],"id":1706616629},{"name":"Jahrelange Sprungerfahrung","type":"custom_text","position":0,"required":true,"title_format":"label","default":"","description_enable":false,"description":"","placeholder_enable":false,"placeholder":"","display":"select","restrictions_type":"only_numbers","adjust_price":false,"price":"","price_type":"flat_fee","restrictions":false,"min":"0","max":"0","options":[],"id":1705524763},{"name":"langj\u00e4hrige Dressurerfahrung","type":"custom_text","position":1,"required":true,"title_format":"label","default":"","description_enable":false,"description":"","placeholder_enable":false,"placeholder":"","display":"select","restrictions_type":"only_numbers","adjust_price":false,"price":"","price_type":"flat_fee","restrictions":false,"min":"0","max":"0","options":[],"id":1705524764},{"name":"Vorname (Fahrer)","type":"custom_text","position":0,"required":true,"title_format":"label","default":"","description_enable":false,"description":"","placeholder_enable":false,"placeholder":"","display":"select","restrictions_type":"any_text","adjust_price":false,"price":"","price_type":"flat_fee","restrictions":false,"min":"0","max":"0","options":[],"id":1719823287},{"name":"Nachname (Fahrer)","type":"custom_text","position":1,"required":true,"title_format":"label","default":"","description_enable":false,"description":"","placeholder_enable":false,"placeholder":"","display":"select","restrictions_type":"any_text","adjust_price":false,"price":"","price_type":"flat_fee","restrictions":false,"min":"0","max":"0","options":[],"id":1719823288},{"name":"Geburtsdatum (Fahrer)","type":"custom_text","position":2,"required":true,"title_format":"label","default":"","description_enable":false,"description":"","placeholder_enable":false,"placeholder":"","display":"select","restrictions_type":"any_text","adjust_price":false,"price":"","price_type":"flat_fee","restrictions":false,"min":"0","max":"0","options":[],"id":1719823290},{"name":"Geschlecht (Fahrer)","type":"multiple_choice","position":3,"required":true,"title_format":"label","default":"","description_enable":false,"description":"","placeholder_enable":false,"placeholder":"","display":"select","restrictions_type":"any_text","adjust_price":false,"price":"","price_type":"flat_fee","restrictions":false,"min":"0","max":"0","options":[{"label":"Vrouw","price":"","price_type":"flat_fee","image":0,"visibility":true},{"label":"Man","price":"","price_type":"flat_fee","image":0,"visibility":true},{"label":"Anders","price":"","price_type":"flat_fee","image":0,"visibility":true}],"id":1719823289},{"name":"Gr\u00f6\u00dfe (cm) (Fahrer)","type":"custom_text","position":4,"required":true,"title_format":"label","default":"","description_enable":false,"description":"","placeholder_enable":false,"placeholder":"","display":"select","restrictions_type":"only_numbers","adjust_price":false,"price":"","price_type":"flat_fee","restrictions":false,"min":"0","max":"0","options":[],"id":1719823291},{"name":"Gewicht (kg) (Fahrer)","type":"custom_text","position":5,"required":true,"title_format":"label","default":"","description_enable":false,"description":"","placeholder_enable":false,"placeholder":"","display":"select","restrictions_type":"only_numbers","adjust_price":false,"price":"","price_type":"flat_fee","restrictions":false,"min":"0","max":"0","options":[],"id":1719823292},{"name":"Nummer des Reiterpasses","type":"custom_text","position":6,"required":false,"title_format":"label","default":"","description_enable":false,"description":"","placeholder_enable":false,"placeholder":"","display":"select","restrictions_type":"any_text","adjust_price":false,"price":"","price_type":"flat_fee","restrictions":false,"min":"0","max":"0","options":[],"id":1719823377}],"acf":[],"yoast_head":"<!-- This site is optimized with the Yoast SEO plugin v27.3 - https:\/\/yoast.com\/product\/yoast-seo-wordpress\/ -->\n<title>Buitenrijweekend - Duinmanege van Poelenburgh<\/title>\n<meta name=\"robots\" content=\"index, follow, max-snippet:-1, max-image-preview:large, max-video-preview:-1\" \/>\n<link rel=\"canonical\" href=\"https:\/\/poelenburgh.nl\/de\/produkt\/ruiterweekend\/\" \/>\n<meta property=\"og:locale\" content=\"de_DE\" \/>\n<meta property=\"og:type\" content=\"article\" \/>\n<meta property=\"og:title\" content=\"Buitenrijweekend - Duinmanege van Poelenburgh\" \/>\n<meta property=\"og:description\" content=\"Paardrijden in de mooiste omgeving van Noord-Holland!  Bekijk\u00a0hier\u00a0de video om een indruk te krijgen van een buitenrit!  Tijdens dit weekend staat het\u00a0buitenrijden\u00a0(video)\u00a0centraal, dus elke dag genieten van bos-\/duinritten en strandritten. Het is ook een goed voorbereiding voor het behalen van het ruiterbewijs.\" \/>\n<meta property=\"og:url\" content=\"https:\/\/poelenburgh.nl\/de\/produkt\/ruiterweekend\/\" \/>\n<meta property=\"og:site_name\" content=\"Duinmanege van Poelenburgh\" \/>\n<meta property=\"article:publisher\" content=\"https:\/\/www.facebook.com\/duinmanege.vanpoelenburgh\" \/>\n<meta property=\"article:modified_time\" content=\"2026-03-03T15:00:48+00:00\" \/>\n<meta property=\"og:image\" content=\"https:\/\/poelenburgh.nl\/wp-content\/uploads\/2022\/01\/klein-afrika-4_1488x837-e1688639586788.jpg\" \/>\n\t<meta property=\"og:image:width\" content=\"956\" \/>\n\t<meta property=\"og:image:height\" content=\"498\" \/>\n\t<meta property=\"og:image:type\" content=\"image\/jpeg\" \/>\n<meta name=\"twitter:card\" content=\"summary_large_image\" \/>\n<meta name=\"twitter:site\" content=\"@manegevanpoelen\" \/>\n<meta name=\"twitter:label1\" content=\"Gesch\u00e4tzte Lesezeit\" \/>\n\t<meta name=\"twitter:data1\" content=\"2\u00a0Minuten\" \/>\n<script type=\"application\/ld+json\" class=\"yoast-schema-graph\">{\"@context\":\"https:\\\/\\\/schema.org\",\"@graph\":[{\"@type\":\"WebPage\",\"@id\":\"https:\\\/\\\/poelenburgh.nl\\\/product\\\/ruiterweekend\\\/\",\"url\":\"https:\\\/\\\/poelenburgh.nl\\\/product\\\/ruiterweekend\\\/\",\"name\":\"Buitenrijweekend - Duinmanege van Poelenburgh\",\"isPartOf\":{\"@id\":\"https:\\\/\\\/poelenburgh.nl\\\/#website\"},\"datePublished\":\"2022-02-19T09:02:29+00:00\",\"dateModified\":\"2026-03-03T15:00:48+00:00\",\"breadcrumb\":{\"@id\":\"https:\\\/\\\/poelenburgh.nl\\\/product\\\/ruiterweekend\\\/#breadcrumb\"},\"inLanguage\":\"de\",\"potentialAction\":[{\"@type\":\"ReadAction\",\"target\":[\"https:\\\/\\\/poelenburgh.nl\\\/product\\\/ruiterweekend\\\/\"]}]},{\"@type\":\"BreadcrumbList\",\"@id\":\"https:\\\/\\\/poelenburgh.nl\\\/product\\\/ruiterweekend\\\/#breadcrumb\",\"itemListElement\":[{\"@type\":\"ListItem\",\"position\":1,\"name\":\"Winkel\",\"item\":\"https:\\\/\\\/poelenburgh.nl\\\/winkel\\\/\"},{\"@type\":\"ListItem\",\"position\":2,\"name\":\"Buitenrijweekend\"}]},{\"@type\":\"WebSite\",\"@id\":\"https:\\\/\\\/poelenburgh.nl\\\/#website\",\"url\":\"https:\\\/\\\/poelenburgh.nl\\\/\",\"name\":\"Duinmanege van Poelenburgh\",\"description\":\"Manege &amp; Accommodatie\",\"publisher\":{\"@id\":\"https:\\\/\\\/poelenburgh.nl\\\/#organization\"},\"potentialAction\":[{\"@type\":\"SearchAction\",\"target\":{\"@type\":\"EntryPoint\",\"urlTemplate\":\"https:\\\/\\\/poelenburgh.nl\\\/?s={search_term_string}\"},\"query-input\":{\"@type\":\"PropertyValueSpecification\",\"valueRequired\":true,\"valueName\":\"search_term_string\"}}],\"inLanguage\":\"de\"},{\"@type\":\"Organization\",\"@id\":\"https:\\\/\\\/poelenburgh.nl\\\/#organization\",\"name\":\"Duinmanege van Poelenburgh\",\"url\":\"https:\\\/\\\/poelenburgh.nl\\\/\",\"logo\":{\"@type\":\"ImageObject\",\"inLanguage\":\"de\",\"@id\":\"https:\\\/\\\/poelenburgh.nl\\\/#\\\/schema\\\/logo\\\/image\\\/\",\"url\":\"https:\\\/\\\/poelenburgh.nl\\\/wp-content\\\/uploads\\\/2022\\\/01\\\/Logo-Duinmanege-Boelenburgh1.png\",\"contentUrl\":\"https:\\\/\\\/poelenburgh.nl\\\/wp-content\\\/uploads\\\/2022\\\/01\\\/Logo-Duinmanege-Boelenburgh1.png\",\"width\":2788,\"height\":758,\"caption\":\"Duinmanege van Poelenburgh\"},\"image\":{\"@id\":\"https:\\\/\\\/poelenburgh.nl\\\/#\\\/schema\\\/logo\\\/image\\\/\"},\"sameAs\":[\"https:\\\/\\\/www.facebook.com\\\/duinmanege.vanpoelenburgh\",\"https:\\\/\\\/x.com\\\/manegevanpoelen\",\"https:\\\/\\\/www.instagram.com\\\/duinmanegevanpoelenburgh\\\/\",\"https:\\\/\\\/www.youtube.com\\\/channel\\\/UCOuMgw5JmJxuTR_pW4IK9qQ\"]}]}<\/script>\n<!-- \/ Yoast SEO plugin. -->","yoast_head_json":{"title":"Buitenrijweekend - Duinmanege van Poelenburgh","robots":{"index":"index","follow":"follow","max-snippet":"max-snippet:-1","max-image-preview":"max-image-preview:large","max-video-preview":"max-video-preview:-1"},"canonical":"https:\/\/poelenburgh.nl\/de\/produkt\/ruiterweekend\/","og_locale":"de_DE","og_type":"article","og_title":"Buitenrijweekend - Duinmanege van Poelenburgh","og_description":"Paardrijden in de mooiste omgeving van Noord-Holland!  Bekijk\u00a0hier\u00a0de video om een indruk te krijgen van een buitenrit!  Tijdens dit weekend staat het\u00a0buitenrijden\u00a0(video)\u00a0centraal, dus elke dag genieten van bos-\/duinritten en strandritten. Het is ook een goed voorbereiding voor het behalen van het ruiterbewijs.","og_url":"https:\/\/poelenburgh.nl\/de\/produkt\/ruiterweekend\/","og_site_name":"Duinmanege van Poelenburgh","article_publisher":"https:\/\/www.facebook.com\/duinmanege.vanpoelenburgh","article_modified_time":"2026-03-03T15:00:48+00:00","og_image":[{"width":956,"height":498,"url":"https:\/\/poelenburgh.nl\/wp-content\/uploads\/2022\/01\/klein-afrika-4_1488x837-e1688639586788.jpg","type":"image\/jpeg"}],"twitter_card":"summary_large_image","twitter_site":"@manegevanpoelen","twitter_misc":{"Gesch\u00e4tzte Lesezeit":"2\u00a0Minuten"},"schema":{"@context":"https:\/\/schema.org","@graph":[{"@type":"WebPage","@id":"https:\/\/poelenburgh.nl\/product\/ruiterweekend\/","url":"https:\/\/poelenburgh.nl\/product\/ruiterweekend\/","name":"Buitenrijweekend - Duinmanege van Poelenburgh","isPartOf":{"@id":"https:\/\/poelenburgh.nl\/#website"},"datePublished":"2022-02-19T09:02:29+00:00","dateModified":"2026-03-03T15:00:48+00:00","breadcrumb":{"@id":"https:\/\/poelenburgh.nl\/product\/ruiterweekend\/#breadcrumb"},"inLanguage":"de","potentialAction":[{"@type":"ReadAction","target":["https:\/\/poelenburgh.nl\/product\/ruiterweekend\/"]}]},{"@type":"BreadcrumbList","@id":"https:\/\/poelenburgh.nl\/product\/ruiterweekend\/#breadcrumb","itemListElement":[{"@type":"ListItem","position":1,"name":"Winkel","item":"https:\/\/poelenburgh.nl\/winkel\/"},{"@type":"ListItem","position":2,"name":"Buitenrijweekend"}]},{"@type":"WebSite","@id":"https:\/\/poelenburgh.nl\/#website","url":"https:\/\/poelenburgh.nl\/","name":"D\u00fcnenreitschule von Poelenburgh","description":"Reitschule &amp; Unterkunft","publisher":{"@id":"https:\/\/poelenburgh.nl\/#organization"},"potentialAction":[{"@type":"SearchAction","target":{"@type":"EntryPoint","urlTemplate":"https:\/\/poelenburgh.nl\/?s={search_term_string}"},"query-input":{"@type":"PropertyValueSpecification","valueRequired":true,"valueName":"search_term_string"}}],"inLanguage":"de"},{"@type":"Organization","@id":"https:\/\/poelenburgh.nl\/#organization","name":"D\u00fcnenreitschule von Poelenburgh","url":"https:\/\/poelenburgh.nl\/","logo":{"@type":"ImageObject","inLanguage":"de","@id":"https:\/\/poelenburgh.nl\/#\/schema\/logo\/image\/","url":"https:\/\/poelenburgh.nl\/wp-content\/uploads\/2022\/01\/Logo-Duinmanege-Boelenburgh1.png","contentUrl":"https:\/\/poelenburgh.nl\/wp-content\/uploads\/2022\/01\/Logo-Duinmanege-Boelenburgh1.png","width":2788,"height":758,"caption":"Duinmanege van Poelenburgh"},"image":{"@id":"https:\/\/poelenburgh.nl\/#\/schema\/logo\/image\/"},"sameAs":["https:\/\/www.facebook.com\/duinmanege.vanpoelenburgh","https:\/\/x.com\/manegevanpoelen","https:\/\/www.instagram.com\/duinmanegevanpoelenburgh\/","https:\/\/www.youtube.com\/channel\/UCOuMgw5JmJxuTR_pW4IK9qQ"]}]}},"jetpack_publicize_connections":[],"jetpack-related-posts":[],"jetpack_sharing_enabled":true,"_links":{"self":[{"href":"https:\/\/poelenburgh.nl\/de\/wp-json\/wp\/v2\/product\/403","targetHints":{"allow":["GET"]}}],"collection":[{"href":"https:\/\/poelenburgh.nl\/de\/wp-json\/wp\/v2\/product"}],"about":[{"href":"https:\/\/poelenburgh.nl\/de\/wp-json\/wp\/v2\/types\/product"}],"replies":[{"embeddable":true,"href":"https:\/\/poelenburgh.nl\/de\/wp-json\/wp\/v2\/comments?post=403"}],"version-history":[{"count":13,"href":"https:\/\/poelenburgh.nl\/de\/wp-json\/wp\/v2\/product\/403\/revisions"}],"predecessor-version":[{"id":9506,"href":"https:\/\/poelenburgh.nl\/de\/wp-json\/wp\/v2\/product\/403\/revisions\/9506"}],"wp:attachment":[{"href":"https:\/\/poelenburgh.nl\/de\/wp-json\/wp\/v2\/media?parent=403"}],"wp:term":[{"taxonomy":"product_brand","embeddable":true,"href":"https:\/\/poelenburgh.nl\/de\/wp-json\/wp\/v2\/product_brand?post=403"},{"taxonomy":"product_cat","embeddable":true,"href":"https:\/\/poelenburgh.nl\/de\/wp-json\/wp\/v2\/product_cat?post=403"},{"taxonomy":"product_tag","embeddable":true,"href":"https:\/\/poelenburgh.nl\/de\/wp-json\/wp\/v2\/product_tag?post=403"}],"curies":[{"name":"wp","href":"https:\/\/api.w.org\/{rel}","templated":true}]}}