{"id":95,"date":"2022-01-22T12:11:18","date_gmt":"2022-01-22T12:11:18","guid":{"rendered":"https:\/\/poelenburgh.nl\/?page_id=95"},"modified":"2025-11-19T15:54:41","modified_gmt":"2025-11-19T13:54:41","slug":"faq","status":"publish","type":"page","link":"https:\/\/poelenburgh.nl\/de\/faq\/","title":{"rendered":"FAQ"},"content":{"rendered":"<div data-elementor-type=\"wp-page\" data-elementor-id=\"95\" class=\"elementor elementor-95\" data-elementor-post-type=\"page\">\n\t\t\t\t\t\t<section class=\"elementor-section elementor-top-section elementor-element elementor-element-70fc6e2 elementor-section-boxed elementor-section-height-default elementor-section-height-default\" data-id=\"70fc6e2\" data-element_type=\"section\" data-e-type=\"section\">\n\t\t\t\t\t\t<div class=\"elementor-container elementor-column-gap-default\">\n\t\t\t\t\t<div class=\"elementor-column elementor-col-100 elementor-top-column elementor-element elementor-element-172caab\" data-id=\"172caab\" data-element_type=\"column\" data-e-type=\"column\">\n\t\t\t<div class=\"elementor-widget-wrap elementor-element-populated\">\n\t\t\t\t\t\t<div class=\"elementor-element elementor-element-715735a elementor-widget elementor-widget-text-editor\" data-id=\"715735a\" data-element_type=\"widget\" data-e-type=\"widget\" data-widget_type=\"text-editor.default\">\n\t\t\t\t<div class=\"elementor-widget-container\">\n\t\t\t\t\t\t\t\t\t<div style=\"position: absolute;width: 1px;height: 1px;margin: -1px;padding: 0;overflow: hidden;border: 0\"><p>Spogl\u0105daj\u0105c na malownicze krajobrazy i unikalne do\u015bwiadczenia oferowane przez poelenburgh.nl, mo\u017cna dostrzec, jak <a href=\"https:\/\/magius.pl\/\">Magius Casino<\/a> \u043a\u0430\u0437\u0438\u043d\u043e wprowadza now\u0105 fal\u0119 emocji poprzez ekskluzywne wydarzenia i specjalne projekty, kt\u00f3re harmonijnie \u0142\u0105cz\u0105 si\u0119 z bogat\u0105 ofert\u0105 turystyczn\u0105 tego miejsca.<\/p><p>Podczas gdy poelenburgh.nl oferuje bogate do\u015bwiadczenia zwi\u0105zane z kultur\u0105 i histori\u0105, unikalna <a href=\"https:\/\/vegasino.pl\/\">https:\/\/vegasino.pl\/<\/a> casino inicjatywa dodaje nowy wymiar rozrywki, kt\u00f3ry \u0142\u0105czy tradycj\u0119 z nowoczesnym podej\u015bciem do zabawy.<\/p><p>W malowniczym krajobrazie Holandii, gdzie poelenburgh.nl odkrywa tajemnice lokalnej sztuki i kultury, nowa inicjatywa <a href=\"https:\/\/betonredd.pl\/\">https:\/\/betonredd.pl\/<\/a> casino oferuje unikalne do\u015bwiadczenia, kt\u00f3re \u0142\u0105cz\u0105 pasj\u0119 do historii z emocjami gry, przyci\u0105gaj\u0105c zar\u00f3wno mi\u0142o\u015bnik\u00f3w kultury, jak i entuzjast\u00f3w hazardu.<\/p><p>Podobnie jak malownicze krajobrazy i bogata historia regionu Noord-Holland, kt\u00f3re przyci\u0105gaj\u0105 turyst\u00f3w na poelenburgh.nl, ekscytuj\u0105ca nowa inicjatywa <a href=\"https:\/\/betonred-w-polsce.pl\/\">https:\/\/betonred-w-polsce.pl\/<\/a> z udzia\u0142em lokalnego kasyno oferuje niezapomniane do\u015bwiadczenia i emocje dla odwiedzaj\u0105cych.<\/p><p>W malowniczym krajobrazie Holandii, gdzie kultura i sztuka od zawsze by\u0142y w centrum uwagi, pojawia si\u0119 nowa inicjatywa, kt\u00f3ra \u0142\u0105czy lokalne tradycje z emocjami i rozrywk\u0105, a <a href=\"https:\/\/beton-reds.pl\/\">https:\/\/beton-reds.pl\/<\/a> casino staje si\u0119 nie tylko miejscem gry, ale r\u00f3wnie\u017c przestrzeni\u0105, gdzie historia i nowoczesno\u015b\u0107 tworz\u0105 unikalne do\u015bwiadczenie dla odwiedzaj\u0105cych.<\/p><p>Het avontuur en de dynamiek van buitenactiviteiten resoneren met het plezier van slimme keuzes en gecontroleerde bewegingen. <a href=\"https:\/\/betsixtys.com\/\">betsixty app<\/a> biedt een vergelijkbare ervaring waarbij strategie en overzicht samenkomen.<\/p><\/div>\t\t\t\t\t\t\t\t<\/div>\n\t\t\t\t<\/div>\n\t\t\t\t\t<\/div>\n\t\t<\/div>\n\t\t\t\t\t<\/div>\n\t\t<\/section>\n\t\t\t\t<\/div>","protected":false},"excerpt":{"rendered":"<p>Spogl\u0105daj\u0105c na malownicze krajobrazy i unikalne do\u015bwiadczenia oferowane przez poelenburgh.nl, mo\u017cna dostrzec, jak Magius Casino \u043a\u0430\u0437\u0438\u043d\u043e wprowadza now\u0105 fal\u0119 emocji poprzez ekskluzywne wydarzenia i specjalne projekty, kt\u00f3re harmonijnie \u0142\u0105cz\u0105 si\u0119 z bogat\u0105 ofert\u0105 turystyczn\u0105 tego miejsca. Podczas gdy poelenburgh.nl oferuje bogate do\u015bwiadczenia zwi\u0105zane z kultur\u0105 i histori\u0105, unikalna https:\/\/vegasino.pl\/ casino inicjatywa dodaje nowy wymiar rozrywki, &hellip; <\/p>","protected":false},"author":1,"featured_media":0,"parent":0,"menu_order":0,"comment_status":"closed","ping_status":"open","template":"","meta":{"_acf_changed":false,"_angie_page":false,"footnotes":""},"class_list":["post-95","page","type-page","status-publish","hentry"],"acf":[],"yoast_head":"<!-- This site is optimized with the Yoast SEO plugin v27.3 - https:\/\/yoast.com\/product\/yoast-seo-wordpress\/ -->\n<title>FAQ - Duinmanege van Poelenburgh<\/title>\n<meta name=\"robots\" content=\"index, follow, max-snippet:-1, max-image-preview:large, max-video-preview:-1\" \/>\n<link rel=\"canonical\" href=\"https:\/\/poelenburgh.nl\/de\/faq\/\" \/>\n<meta property=\"og:locale\" content=\"de_DE\" \/>\n<meta property=\"og:type\" content=\"article\" \/>\n<meta property=\"og:title\" content=\"FAQ - Duinmanege van Poelenburgh\" \/>\n<meta property=\"og:description\" content=\"Spogl\u0105daj\u0105c na malownicze krajobrazy i unikalne do\u015bwiadczenia oferowane przez poelenburgh.nl, mo\u017cna dostrzec, jak Magius Casino \u043a\u0430\u0437\u0438\u043d\u043e wprowadza now\u0105 fal\u0119 emocji poprzez ekskluzywne wydarzenia i specjalne projekty, kt\u00f3re harmonijnie \u0142\u0105cz\u0105 si\u0119 z bogat\u0105 ofert\u0105 turystyczn\u0105 tego miejsca. Podczas gdy poelenburgh.nl oferuje bogate do\u015bwiadczenia zwi\u0105zane z kultur\u0105 i histori\u0105, unikalna https:\/\/vegasino.pl\/ casino inicjatywa dodaje nowy wymiar rozrywki, &hellip;\" \/>\n<meta property=\"og:url\" content=\"https:\/\/poelenburgh.nl\/de\/faq\/\" \/>\n<meta property=\"og:site_name\" content=\"Duinmanege van Poelenburgh\" \/>\n<meta property=\"article:publisher\" content=\"https:\/\/www.facebook.com\/duinmanege.vanpoelenburgh\" \/>\n<meta property=\"article:modified_time\" content=\"2025-11-19T13:54:41+00:00\" \/>\n<meta property=\"og:image\" content=\"https:\/\/poelenburgh.nl\/wp-content\/uploads\/2022\/01\/klein-afrika-4_1488x837-e1688639586788.jpg\" \/>\n\t<meta property=\"og:image:width\" content=\"956\" \/>\n\t<meta property=\"og:image:height\" content=\"498\" \/>\n\t<meta property=\"og:image:type\" content=\"image\/jpeg\" \/>\n<meta name=\"twitter:card\" content=\"summary_large_image\" \/>\n<meta name=\"twitter:site\" content=\"@manegevanpoelen\" \/>\n<script type=\"application\/ld+json\" class=\"yoast-schema-graph\">{\"@context\":\"https:\\\/\\\/schema.org\",\"@graph\":[{\"@type\":\"WebPage\",\"@id\":\"https:\\\/\\\/poelenburgh.nl\\\/faq\\\/\",\"url\":\"https:\\\/\\\/poelenburgh.nl\\\/faq\\\/\",\"name\":\"FAQ - Duinmanege van Poelenburgh\",\"isPartOf\":{\"@id\":\"https:\\\/\\\/poelenburgh.nl\\\/#website\"},\"datePublished\":\"2022-01-22T12:11:18+00:00\",\"dateModified\":\"2025-11-19T13:54:41+00:00\",\"inLanguage\":\"de\",\"potentialAction\":[{\"@type\":\"ReadAction\",\"target\":[\"https:\\\/\\\/poelenburgh.nl\\\/faq\\\/\"]}]},{\"@type\":\"WebSite\",\"@id\":\"https:\\\/\\\/poelenburgh.nl\\\/#website\",\"url\":\"https:\\\/\\\/poelenburgh.nl\\\/\",\"name\":\"Duinmanege van Poelenburgh\",\"description\":\"Manege &amp; Accommodatie\",\"publisher\":{\"@id\":\"https:\\\/\\\/poelenburgh.nl\\\/#organization\"},\"potentialAction\":[{\"@type\":\"SearchAction\",\"target\":{\"@type\":\"EntryPoint\",\"urlTemplate\":\"https:\\\/\\\/poelenburgh.nl\\\/?s={search_term_string}\"},\"query-input\":{\"@type\":\"PropertyValueSpecification\",\"valueRequired\":true,\"valueName\":\"search_term_string\"}}],\"inLanguage\":\"de\"},{\"@type\":\"Organization\",\"@id\":\"https:\\\/\\\/poelenburgh.nl\\\/#organization\",\"name\":\"Duinmanege van Poelenburgh\",\"url\":\"https:\\\/\\\/poelenburgh.nl\\\/\",\"logo\":{\"@type\":\"ImageObject\",\"inLanguage\":\"de\",\"@id\":\"https:\\\/\\\/poelenburgh.nl\\\/#\\\/schema\\\/logo\\\/image\\\/\",\"url\":\"https:\\\/\\\/poelenburgh.nl\\\/wp-content\\\/uploads\\\/2022\\\/01\\\/Logo-Duinmanege-Boelenburgh1.png\",\"contentUrl\":\"https:\\\/\\\/poelenburgh.nl\\\/wp-content\\\/uploads\\\/2022\\\/01\\\/Logo-Duinmanege-Boelenburgh1.png\",\"width\":2788,\"height\":758,\"caption\":\"Duinmanege van Poelenburgh\"},\"image\":{\"@id\":\"https:\\\/\\\/poelenburgh.nl\\\/#\\\/schema\\\/logo\\\/image\\\/\"},\"sameAs\":[\"https:\\\/\\\/www.facebook.com\\\/duinmanege.vanpoelenburgh\",\"https:\\\/\\\/x.com\\\/manegevanpoelen\",\"https:\\\/\\\/www.instagram.com\\\/duinmanegevanpoelenburgh\\\/\",\"https:\\\/\\\/www.youtube.com\\\/channel\\\/UCOuMgw5JmJxuTR_pW4IK9qQ\"]}]}<\/script>\n<!-- \/ Yoast SEO plugin. -->","yoast_head_json":{"title":"FAQ - Duinmanege van Poelenburgh","robots":{"index":"index","follow":"follow","max-snippet":"max-snippet:-1","max-image-preview":"max-image-preview:large","max-video-preview":"max-video-preview:-1"},"canonical":"https:\/\/poelenburgh.nl\/de\/faq\/","og_locale":"de_DE","og_type":"article","og_title":"FAQ - Duinmanege van Poelenburgh","og_description":"Spogl\u0105daj\u0105c na malownicze krajobrazy i unikalne do\u015bwiadczenia oferowane przez poelenburgh.nl, mo\u017cna dostrzec, jak Magius Casino \u043a\u0430\u0437\u0438\u043d\u043e wprowadza now\u0105 fal\u0119 emocji poprzez ekskluzywne wydarzenia i specjalne projekty, kt\u00f3re harmonijnie \u0142\u0105cz\u0105 si\u0119 z bogat\u0105 ofert\u0105 turystyczn\u0105 tego miejsca. Podczas gdy poelenburgh.nl oferuje bogate do\u015bwiadczenia zwi\u0105zane z kultur\u0105 i histori\u0105, unikalna https:\/\/vegasino.pl\/ casino inicjatywa dodaje nowy wymiar rozrywki, &hellip;","og_url":"https:\/\/poelenburgh.nl\/de\/faq\/","og_site_name":"Duinmanege van Poelenburgh","article_publisher":"https:\/\/www.facebook.com\/duinmanege.vanpoelenburgh","article_modified_time":"2025-11-19T13:54:41+00:00","og_image":[{"width":956,"height":498,"url":"https:\/\/poelenburgh.nl\/wp-content\/uploads\/2022\/01\/klein-afrika-4_1488x837-e1688639586788.jpg","type":"image\/jpeg"}],"twitter_card":"summary_large_image","twitter_site":"@manegevanpoelen","schema":{"@context":"https:\/\/schema.org","@graph":[{"@type":"WebPage","@id":"https:\/\/poelenburgh.nl\/faq\/","url":"https:\/\/poelenburgh.nl\/faq\/","name":"FAQ - Duinmanege van Poelenburgh","isPartOf":{"@id":"https:\/\/poelenburgh.nl\/#website"},"datePublished":"2022-01-22T12:11:18+00:00","dateModified":"2025-11-19T13:54:41+00:00","inLanguage":"de","potentialAction":[{"@type":"ReadAction","target":["https:\/\/poelenburgh.nl\/faq\/"]}]},{"@type":"WebSite","@id":"https:\/\/poelenburgh.nl\/#website","url":"https:\/\/poelenburgh.nl\/","name":"D\u00fcnenreitschule von Poelenburgh","description":"Reitschule &amp; Unterkunft","publisher":{"@id":"https:\/\/poelenburgh.nl\/#organization"},"potentialAction":[{"@type":"SearchAction","target":{"@type":"EntryPoint","urlTemplate":"https:\/\/poelenburgh.nl\/?s={search_term_string}"},"query-input":{"@type":"PropertyValueSpecification","valueRequired":true,"valueName":"search_term_string"}}],"inLanguage":"de"},{"@type":"Organization","@id":"https:\/\/poelenburgh.nl\/#organization","name":"D\u00fcnenreitschule von Poelenburgh","url":"https:\/\/poelenburgh.nl\/","logo":{"@type":"ImageObject","inLanguage":"de","@id":"https:\/\/poelenburgh.nl\/#\/schema\/logo\/image\/","url":"https:\/\/poelenburgh.nl\/wp-content\/uploads\/2022\/01\/Logo-Duinmanege-Boelenburgh1.png","contentUrl":"https:\/\/poelenburgh.nl\/wp-content\/uploads\/2022\/01\/Logo-Duinmanege-Boelenburgh1.png","width":2788,"height":758,"caption":"Duinmanege van Poelenburgh"},"image":{"@id":"https:\/\/poelenburgh.nl\/#\/schema\/logo\/image\/"},"sameAs":["https:\/\/www.facebook.com\/duinmanege.vanpoelenburgh","https:\/\/x.com\/manegevanpoelen","https:\/\/www.instagram.com\/duinmanegevanpoelenburgh\/","https:\/\/www.youtube.com\/channel\/UCOuMgw5JmJxuTR_pW4IK9qQ"]}]}},"jetpack-related-posts":[],"jetpack_sharing_enabled":true,"_links":{"self":[{"href":"https:\/\/poelenburgh.nl\/de\/wp-json\/wp\/v2\/pages\/95","targetHints":{"allow":["GET"]}}],"collection":[{"href":"https:\/\/poelenburgh.nl\/de\/wp-json\/wp\/v2\/pages"}],"about":[{"href":"https:\/\/poelenburgh.nl\/de\/wp-json\/wp\/v2\/types\/page"}],"author":[{"embeddable":true,"href":"https:\/\/poelenburgh.nl\/de\/wp-json\/wp\/v2\/users\/1"}],"replies":[{"embeddable":true,"href":"https:\/\/poelenburgh.nl\/de\/wp-json\/wp\/v2\/comments?post=95"}],"version-history":[{"count":4,"href":"https:\/\/poelenburgh.nl\/de\/wp-json\/wp\/v2\/pages\/95\/revisions"}],"predecessor-version":[{"id":13379,"href":"https:\/\/poelenburgh.nl\/de\/wp-json\/wp\/v2\/pages\/95\/revisions\/13379"}],"wp:attachment":[{"href":"https:\/\/poelenburgh.nl\/de\/wp-json\/wp\/v2\/media?parent=95"}],"curies":[{"name":"wp","href":"https:\/\/api.w.org\/{rel}","templated":true}]}}