{"id":93,"date":"2022-01-22T12:10:21","date_gmt":"2022-01-22T12:10:21","guid":{"rendered":"https:\/\/poelenburgh.nl\/?page_id=93"},"modified":"2026-03-13T18:34:21","modified_gmt":"2026-03-13T16:34:21","slug":"bel-mij-terug","status":"publish","type":"page","link":"https:\/\/poelenburgh.nl\/de\/bel-mij-terug\/","title":{"rendered":"Ruf mich zur\u00fcck"},"content":{"rendered":"<div data-elementor-type=\"wp-page\" data-elementor-id=\"93\" class=\"elementor elementor-93\" data-elementor-post-type=\"page\">\n\t\t\t\t\t\t<section class=\"elementor-section elementor-top-section elementor-element elementor-element-2b16b66 elementor-section-boxed elementor-section-height-default elementor-section-height-default\" data-id=\"2b16b66\" data-element_type=\"section\" data-e-type=\"section\">\n\t\t\t\t\t\t<div class=\"elementor-container elementor-column-gap-default\">\n\t\t\t\t\t<div class=\"elementor-column elementor-col-100 elementor-top-column elementor-element elementor-element-43b6aa3\" data-id=\"43b6aa3\" data-element_type=\"column\" data-e-type=\"column\">\n\t\t\t<div class=\"elementor-widget-wrap elementor-element-populated\">\n\t\t\t\t\t\t<div class=\"elementor-element elementor-element-88d077d eael-contact-form-7-button-align-left eael-contact-form-7-button-custom elementor-widget elementor-widget-eael-contact-form-7\" data-id=\"88d077d\" data-element_type=\"widget\" data-e-type=\"widget\" data-widget_type=\"eael-contact-form-7.default\">\n\t\t\t\t<div class=\"elementor-widget-container\">\n\t\t\t\t\t<div class=\"eael-contact-form-7-wrapper\">\n                <div class=\"eael-contact-form eael-contact-form-7 eael-contact-form-88d077d placeholder-show eael-contact-form-align-default\">\n<div class=\"wpcf7 no-js\" id=\"wpcf7-f4-o1\" lang=\"nl-NL\" dir=\"ltr\" data-wpcf7-id=\"4\">\n<div class=\"screen-reader-response\"><p role=\"status\" aria-live=\"polite\" aria-atomic=\"true\"><\/p> <ul><\/ul><\/div>\n<form action=\"\/de\/wp-json\/wp\/v2\/pages\/93#wpcf7-f4-o1\" method=\"post\" class=\"wpcf7-form init\" aria-label=\"Kontakt Formular\" novalidate=\"novalidate\" data-status=\"init\" data-trp-original-action=\"\/de\/wp-json\/wp\/v2\/pages\/93#wpcf7-f4-o1\">\n<fieldset class=\"hidden-fields-container\"><input type=\"hidden\" name=\"_wpcf7\" value=\"4\" \/><input type=\"hidden\" name=\"_wpcf7_version\" value=\"6.1.5\" \/><input type=\"hidden\" name=\"_wpcf7_locale\" value=\"nl_NL\" \/><input type=\"hidden\" name=\"_wpcf7_unit_tag\" value=\"wpcf7-f4-o1\" \/><input type=\"hidden\" name=\"_wpcf7_container_post\" value=\"0\" \/><input type=\"hidden\" name=\"_wpcf7_posted_data_hash\" value=\"\" \/><input type=\"hidden\" name=\"_wpcf7_recaptcha_response\" value=\"\" \/>\n<\/fieldset>\n<p><label> dein Name<br \/>\n<span class=\"wpcf7-form-control-wrap\" data-name=\"your-name\"><input size=\"40\" maxlength=\"400\" class=\"wpcf7-form-control wpcf7-text wpcf7-validates-as-required\" aria-required=\"true\" aria-invalid=\"false\" value=\"\" type=\"text\" name=\"your-name\" \/><\/span> <\/label>\n<\/p>\n<p><label> Ihre E-Mail-Adresse<br \/>\n<span class=\"wpcf7-form-control-wrap\" data-name=\"your-email\"><input size=\"40\" maxlength=\"400\" class=\"wpcf7-form-control wpcf7-email wpcf7-validates-as-required wpcf7-text wpcf7-validates-as-email\" aria-required=\"true\" aria-invalid=\"false\" value=\"\" type=\"email\" name=\"your-email\" \/><\/span> <\/label>\n<\/p>\n<p><label> Deine Telefonnummer<br \/>\n<span class=\"wpcf7-form-control-wrap\" data-name=\"your-tel\"><input size=\"40\" maxlength=\"400\" class=\"wpcf7-form-control wpcf7-tel wpcf7-text wpcf7-validates-as-tel\" aria-invalid=\"false\" value=\"\" type=\"tel\" name=\"your-tel\" \/><\/span> <\/label>\n<\/p>\n<p><label> Gegenstand<br \/>\n<span class=\"wpcf7-form-control-wrap\" data-name=\"your-subject\"><input size=\"40\" maxlength=\"400\" class=\"wpcf7-form-control wpcf7-text wpcf7-validates-as-required\" aria-required=\"true\" aria-invalid=\"false\" value=\"\" type=\"text\" name=\"your-subject\" \/><\/span> <\/label>\n<\/p>\n<p><label> Ihre Nachricht<br \/>\n<span class=\"wpcf7-form-control-wrap\" data-name=\"your-message\"><textarea cols=\"40\" rows=\"10\" maxlength=\"2000\" class=\"wpcf7-form-control wpcf7-textarea wpcf7-validates-as-required\" aria-required=\"true\" aria-invalid=\"false\" name=\"your-message\"><\/textarea><\/span> <\/label>\n<\/p>\n<p><input class=\"wpcf7-form-control wpcf7-submit has-spinner\" type=\"submit\" value=\"Senden\" \/>\n<\/p><div class=\"wpcf7-response-output\" aria-hidden=\"true\"><\/div>\n<input type=\"hidden\" name=\"trp-form-language\" value=\"de\"\/><\/form>\n<\/div>\n<\/div>\n            <\/div>\t\t\t\t<\/div>\n\t\t\t\t<\/div>\n\t\t\t\t\t<\/div>\n\t\t<\/div>\n\t\t\t\t\t<\/div>\n\t\t<\/section>\n\t\t\t\t<\/div>","protected":false},"excerpt":{"rendered":"<p>Uw naam Uw e-mailadres Uw telefoonnummer Onderwerp Uw bericht<\/p>","protected":false},"author":1,"featured_media":0,"parent":0,"menu_order":0,"comment_status":"closed","ping_status":"open","template":"","meta":{"_acf_changed":false,"_angie_page":false,"footnotes":""},"class_list":["post-93","page","type-page","status-publish","hentry"],"acf":[],"yoast_head":"<!-- This site is optimized with the Yoast SEO plugin v27.3 - https:\/\/yoast.com\/product\/yoast-seo-wordpress\/ -->\n<title>Bel mij terug - Duinmanege van Poelenburgh<\/title>\n<meta name=\"robots\" content=\"index, follow, max-snippet:-1, max-image-preview:large, max-video-preview:-1\" \/>\n<link rel=\"canonical\" href=\"https:\/\/poelenburgh.nl\/de\/bel-mij-terug\/\" \/>\n<meta property=\"og:locale\" content=\"de_DE\" \/>\n<meta property=\"og:type\" content=\"article\" \/>\n<meta property=\"og:title\" content=\"Bel mij terug - Duinmanege van Poelenburgh\" \/>\n<meta property=\"og:description\" content=\"Uw naam Uw e-mailadres Uw telefoonnummer Onderwerp Uw bericht\" \/>\n<meta property=\"og:url\" content=\"https:\/\/poelenburgh.nl\/de\/bel-mij-terug\/\" \/>\n<meta property=\"og:site_name\" content=\"Duinmanege van Poelenburgh\" \/>\n<meta property=\"article:publisher\" content=\"https:\/\/www.facebook.com\/duinmanege.vanpoelenburgh\" \/>\n<meta property=\"article:modified_time\" content=\"2026-03-13T16:34:21+00:00\" \/>\n<meta property=\"og:image\" content=\"https:\/\/poelenburgh.nl\/wp-content\/uploads\/2022\/01\/klein-afrika-4_1488x837-e1688639586788.jpg\" \/>\n\t<meta property=\"og:image:width\" content=\"956\" \/>\n\t<meta property=\"og:image:height\" content=\"498\" \/>\n\t<meta property=\"og:image:type\" content=\"image\/jpeg\" \/>\n<meta name=\"twitter:card\" content=\"summary_large_image\" \/>\n<meta name=\"twitter:site\" content=\"@manegevanpoelen\" \/>\n<meta name=\"twitter:label1\" content=\"Gesch\u00e4tzte Lesezeit\" \/>\n\t<meta name=\"twitter:data1\" content=\"1\u00a0Minute\" \/>\n<script type=\"application\/ld+json\" class=\"yoast-schema-graph\">{\"@context\":\"https:\\\/\\\/schema.org\",\"@graph\":[{\"@type\":\"WebPage\",\"@id\":\"https:\\\/\\\/poelenburgh.nl\\\/bel-mij-terug\\\/\",\"url\":\"https:\\\/\\\/poelenburgh.nl\\\/bel-mij-terug\\\/\",\"name\":\"Bel mij terug - Duinmanege van Poelenburgh\",\"isPartOf\":{\"@id\":\"https:\\\/\\\/poelenburgh.nl\\\/#website\"},\"datePublished\":\"2022-01-22T12:10:21+00:00\",\"dateModified\":\"2026-03-13T16:34:21+00:00\",\"inLanguage\":\"de\",\"potentialAction\":[{\"@type\":\"ReadAction\",\"target\":[\"https:\\\/\\\/poelenburgh.nl\\\/bel-mij-terug\\\/\"]}]},{\"@type\":\"WebSite\",\"@id\":\"https:\\\/\\\/poelenburgh.nl\\\/#website\",\"url\":\"https:\\\/\\\/poelenburgh.nl\\\/\",\"name\":\"Duinmanege van Poelenburgh\",\"description\":\"Manege &amp; Accommodatie\",\"publisher\":{\"@id\":\"https:\\\/\\\/poelenburgh.nl\\\/#organization\"},\"potentialAction\":[{\"@type\":\"SearchAction\",\"target\":{\"@type\":\"EntryPoint\",\"urlTemplate\":\"https:\\\/\\\/poelenburgh.nl\\\/?s={search_term_string}\"},\"query-input\":{\"@type\":\"PropertyValueSpecification\",\"valueRequired\":true,\"valueName\":\"search_term_string\"}}],\"inLanguage\":\"de\"},{\"@type\":\"Organization\",\"@id\":\"https:\\\/\\\/poelenburgh.nl\\\/#organization\",\"name\":\"Duinmanege van Poelenburgh\",\"url\":\"https:\\\/\\\/poelenburgh.nl\\\/\",\"logo\":{\"@type\":\"ImageObject\",\"inLanguage\":\"de\",\"@id\":\"https:\\\/\\\/poelenburgh.nl\\\/#\\\/schema\\\/logo\\\/image\\\/\",\"url\":\"https:\\\/\\\/poelenburgh.nl\\\/wp-content\\\/uploads\\\/2022\\\/01\\\/Logo-Duinmanege-Boelenburgh1.png\",\"contentUrl\":\"https:\\\/\\\/poelenburgh.nl\\\/wp-content\\\/uploads\\\/2022\\\/01\\\/Logo-Duinmanege-Boelenburgh1.png\",\"width\":2788,\"height\":758,\"caption\":\"Duinmanege van Poelenburgh\"},\"image\":{\"@id\":\"https:\\\/\\\/poelenburgh.nl\\\/#\\\/schema\\\/logo\\\/image\\\/\"},\"sameAs\":[\"https:\\\/\\\/www.facebook.com\\\/duinmanege.vanpoelenburgh\",\"https:\\\/\\\/x.com\\\/manegevanpoelen\",\"https:\\\/\\\/www.instagram.com\\\/duinmanegevanpoelenburgh\\\/\",\"https:\\\/\\\/www.youtube.com\\\/channel\\\/UCOuMgw5JmJxuTR_pW4IK9qQ\"]}]}<\/script>\n<!-- \/ Yoast SEO plugin. -->","yoast_head_json":{"title":"Bel mij terug - Duinmanege van Poelenburgh","robots":{"index":"index","follow":"follow","max-snippet":"max-snippet:-1","max-image-preview":"max-image-preview:large","max-video-preview":"max-video-preview:-1"},"canonical":"https:\/\/poelenburgh.nl\/de\/bel-mij-terug\/","og_locale":"de_DE","og_type":"article","og_title":"Bel mij terug - Duinmanege van Poelenburgh","og_description":"Uw naam Uw e-mailadres Uw telefoonnummer Onderwerp Uw bericht","og_url":"https:\/\/poelenburgh.nl\/de\/bel-mij-terug\/","og_site_name":"Duinmanege van Poelenburgh","article_publisher":"https:\/\/www.facebook.com\/duinmanege.vanpoelenburgh","article_modified_time":"2026-03-13T16:34:21+00:00","og_image":[{"width":956,"height":498,"url":"https:\/\/poelenburgh.nl\/wp-content\/uploads\/2022\/01\/klein-afrika-4_1488x837-e1688639586788.jpg","type":"image\/jpeg"}],"twitter_card":"summary_large_image","twitter_site":"@manegevanpoelen","twitter_misc":{"Gesch\u00e4tzte Lesezeit":"1\u00a0Minute"},"schema":{"@context":"https:\/\/schema.org","@graph":[{"@type":"WebPage","@id":"https:\/\/poelenburgh.nl\/bel-mij-terug\/","url":"https:\/\/poelenburgh.nl\/bel-mij-terug\/","name":"Bel mij terug - Duinmanege van Poelenburgh","isPartOf":{"@id":"https:\/\/poelenburgh.nl\/#website"},"datePublished":"2022-01-22T12:10:21+00:00","dateModified":"2026-03-13T16:34:21+00:00","inLanguage":"de","potentialAction":[{"@type":"ReadAction","target":["https:\/\/poelenburgh.nl\/bel-mij-terug\/"]}]},{"@type":"WebSite","@id":"https:\/\/poelenburgh.nl\/#website","url":"https:\/\/poelenburgh.nl\/","name":"D\u00fcnenreitschule von Poelenburgh","description":"Reitschule &amp; Unterkunft","publisher":{"@id":"https:\/\/poelenburgh.nl\/#organization"},"potentialAction":[{"@type":"SearchAction","target":{"@type":"EntryPoint","urlTemplate":"https:\/\/poelenburgh.nl\/?s={search_term_string}"},"query-input":{"@type":"PropertyValueSpecification","valueRequired":true,"valueName":"search_term_string"}}],"inLanguage":"de"},{"@type":"Organization","@id":"https:\/\/poelenburgh.nl\/#organization","name":"D\u00fcnenreitschule von Poelenburgh","url":"https:\/\/poelenburgh.nl\/","logo":{"@type":"ImageObject","inLanguage":"de","@id":"https:\/\/poelenburgh.nl\/#\/schema\/logo\/image\/","url":"https:\/\/poelenburgh.nl\/wp-content\/uploads\/2022\/01\/Logo-Duinmanege-Boelenburgh1.png","contentUrl":"https:\/\/poelenburgh.nl\/wp-content\/uploads\/2022\/01\/Logo-Duinmanege-Boelenburgh1.png","width":2788,"height":758,"caption":"Duinmanege van Poelenburgh"},"image":{"@id":"https:\/\/poelenburgh.nl\/#\/schema\/logo\/image\/"},"sameAs":["https:\/\/www.facebook.com\/duinmanege.vanpoelenburgh","https:\/\/x.com\/manegevanpoelen","https:\/\/www.instagram.com\/duinmanegevanpoelenburgh\/","https:\/\/www.youtube.com\/channel\/UCOuMgw5JmJxuTR_pW4IK9qQ"]}]}},"jetpack-related-posts":[{"id":100,"url":"https:\/\/poelenburgh.nl\/de\/over-ons\/aanmelden-stage\/","url_meta":{"origin":93,"position":0},"title":"Praktikum anmelden","author":"admin","date":"Januar 22, 2022","format":false,"excerpt":"Wij bieden uiteenlopende stageplaatsen voor verschillende opleidingsniveaus.Wij zijn doorlopend op zoek naar stagiaires die ons team komen versterken. Wij hebben circa 100 paarden staan. Waarvan 60 pension\/leasepaarden en 40 manege paarden en pony\u2019s.Gedurende de stageperiode zijn de veelvoorkomende werkzaamheden:Dagelijkse verzorging van de paardenLichte stalwerkzaamhedenOpzadelen en klaarzetten van de pony\u2019s en\u2026","rel":"","context":"\u00c4hnlicher Beitrag","block_context":{"text":"\u00c4hnlicher Beitrag","link":""},"img":{"alt_text":"","src":"https:\/\/i0.wp.com\/poelenburgh.nl\/wp-content\/uploads\/2023\/11\/erkend-leerbedrijf.webp?resize=350%2C200&ssl=1","width":350,"height":200,"srcset":"https:\/\/i0.wp.com\/poelenburgh.nl\/wp-content\/uploads\/2023\/11\/erkend-leerbedrijf.webp?resize=350%2C200&ssl=1 1x, https:\/\/i0.wp.com\/poelenburgh.nl\/wp-content\/uploads\/2023\/11\/erkend-leerbedrijf.webp?resize=525%2C300&ssl=1 1.5x, https:\/\/i0.wp.com\/poelenburgh.nl\/wp-content\/uploads\/2023\/11\/erkend-leerbedrijf.webp?resize=700%2C400&ssl=1 2x"},"classes":[]},{"id":65,"url":"https:\/\/poelenburgh.nl\/de\/locatie-contact\/","url_meta":{"origin":93,"position":1},"title":"Locatie &amp; Contact","author":"admin","date":"Januar 16, 2022","format":false,"excerpt":"Uw naam Uw e-mailadres Uw telefoonnummer Onderwerp Uw bericht \u0394 A escola de equita\u00e7\u00e3o Poelenburgh est\u00e1 a desenvolver um jogo m\u00f3vel de simula\u00e7\u00e3o de equita\u00e7\u00e3o para ensinar aos jovens as no\u00e7\u00f5es b\u00e1sicas de cuidados com os cavalos, um projeto de gamifica\u00e7\u00e3o em consulta com a f9 game.L'\u00e9cole d'\u00e9quitation Poelenburgh conna\u00eet\u2026","rel":"","context":"\u00c4hnlicher Beitrag","block_context":{"text":"\u00c4hnlicher Beitrag","link":""},"img":{"alt_text":"","src":"","width":0,"height":0},"classes":[]},{"id":167,"url":"https:\/\/poelenburgh.nl\/de\/paardrijden\/buitenritten\/","url_meta":{"origin":93,"position":2},"title":"Fahrten im Freien","author":"admin","date":"Februar 5, 2022","format":false,"excerpt":"https:\/\/www.youtube.com\/watch?v=fiFfeaeF59w Reserveren Paardrijden in de mooiste omgeving van Nederland. Vanuit onze manege rijd je zo het bos\/duingebied in waar je eventueel door kan rijden naar het prachtige PWN gebied met wilde paarden en hooglanders of doorrijdt naar het strand. We bieden dagelijks ritten aan voor ieder niveau. Hieronder kan je\u2026","rel":"","context":"\u00c4hnlicher Beitrag","block_context":{"text":"\u00c4hnlicher Beitrag","link":""},"img":{"alt_text":"","src":"https:\/\/i0.wp.com\/poelenburgh.nl\/wp-content\/uploads\/2023\/05\/e2b6f4bc-266e-07a9-11af-1b46f5f9e7c3-300x225.jpg?resize=350%2C200&ssl=1","width":350,"height":200},"classes":[]},{"id":2,"url":"https:\/\/poelenburgh.nl\/de\/over-ons\/paard-leasen-of-kopen\/","url_meta":{"origin":93,"position":3},"title":"Ein Pferd leasen oder kaufen","author":"admin","date":"Januar 15, 2022","format":false,"excerpt":"\u00a0Te koop:Wij hebben regelmatig leuke (sport)paarden te koop. Voor meer informatie kunt u bellen 072-5092149 en vragen naar Nikky Kraakman of\u00a0 Caroline van Baars.Leasen:Wil je graag verder in de paardensport maar is de aanschaf van een paard te kostbaar? Wil je eerst eens ervaren wat het met zich meebrengt om\u2026","rel":"","context":"\u00c4hnlicher Beitrag","block_context":{"text":"\u00c4hnlicher Beitrag","link":""},"img":{"alt_text":"","src":"https:\/\/i0.wp.com\/poelenburgh.nl\/wp-content\/uploads\/2023\/08\/foto-poster-opendag-2021-2-256x300.jpg?resize=350%2C200&ssl=1","width":350,"height":200},"classes":[]},{"id":59,"url":"https:\/\/poelenburgh.nl\/de\/arrangementen\/","url_meta":{"origin":93,"position":4},"title":"Arrangements","author":"admin","date":"Januar 16, 2022","format":false,"excerpt":"Feesten Zoekt u een opvallende locatie voor uw (bedrijfs)feest? Dan bent bij ons aan het juiste adres.\u00a0Wij bieden een tal van mogelijkheden aan, van een dagdeel tot een compleet weekend met overnachting.\u00a0Voor een personeelsfeest of teambuilding is het mogelijk om bijvoorbeeld een buitenrit te maken, ook voor beginners is dit\u2026","rel":"","context":"\u00c4hnlicher Beitrag","block_context":{"text":"\u00c4hnlicher Beitrag","link":""},"img":{"alt_text":"","src":"https:\/\/i0.wp.com\/poelenburgh.nl\/wp-content\/uploads\/2022\/06\/Poelenburgh.app_.boven-2-1024x683.webp?resize=350%2C200&ssl=1","width":350,"height":200,"srcset":"https:\/\/i0.wp.com\/poelenburgh.nl\/wp-content\/uploads\/2022\/06\/Poelenburgh.app_.boven-2-1024x683.webp?resize=350%2C200&ssl=1 1x, https:\/\/i0.wp.com\/poelenburgh.nl\/wp-content\/uploads\/2022\/06\/Poelenburgh.app_.boven-2-1024x683.webp?resize=525%2C300&ssl=1 1.5x, https:\/\/i0.wp.com\/poelenburgh.nl\/wp-content\/uploads\/2022\/06\/Poelenburgh.app_.boven-2-1024x683.webp?resize=700%2C400&ssl=1 2x"},"classes":[]},{"id":73,"url":"https:\/\/poelenburgh.nl\/de\/","url_meta":{"origin":93,"position":5},"title":"Heim","author":"admin","date":"Januar 16, 2022","format":false,"excerpt":"Buitenritten Agenda agenda.poelenburgh.nl Boek hier gemakkelijk jouw buitenrit. Check je niveau, kies een optie uit de agenda en voltooi je aanmelding eenvoudig en snel.Klik op onderstaande knop om de agenda te openen. Agenda Proefles \/ voorrijden ruiters.poelenburgh.nl Let op: Een digitale inschrijving zonder telefonisch overleg met Duinmanege van Poelenburgh is\u2026","rel":"","context":"\u00c4hnlicher Beitrag","block_context":{"text":"\u00c4hnlicher Beitrag","link":""},"img":{"alt_text":"","src":"https:\/\/i0.wp.com\/poelenburgh.nl\/wp-content\/uploads\/2025\/05\/IMG_1061-1024x683.jpg?resize=350%2C200&ssl=1","width":350,"height":200,"srcset":"https:\/\/i0.wp.com\/poelenburgh.nl\/wp-content\/uploads\/2025\/05\/IMG_1061-1024x683.jpg?resize=350%2C200&ssl=1 1x, https:\/\/i0.wp.com\/poelenburgh.nl\/wp-content\/uploads\/2025\/05\/IMG_1061-1024x683.jpg?resize=525%2C300&ssl=1 1.5x, https:\/\/i0.wp.com\/poelenburgh.nl\/wp-content\/uploads\/2025\/05\/IMG_1061-1024x683.jpg?resize=700%2C400&ssl=1 2x"},"classes":[]}],"jetpack_sharing_enabled":true,"_links":{"self":[{"href":"https:\/\/poelenburgh.nl\/de\/wp-json\/wp\/v2\/pages\/93","targetHints":{"allow":["GET"]}}],"collection":[{"href":"https:\/\/poelenburgh.nl\/de\/wp-json\/wp\/v2\/pages"}],"about":[{"href":"https:\/\/poelenburgh.nl\/de\/wp-json\/wp\/v2\/types\/page"}],"author":[{"embeddable":true,"href":"https:\/\/poelenburgh.nl\/de\/wp-json\/wp\/v2\/users\/1"}],"replies":[{"embeddable":true,"href":"https:\/\/poelenburgh.nl\/de\/wp-json\/wp\/v2\/comments?post=93"}],"version-history":[{"count":4,"href":"https:\/\/poelenburgh.nl\/de\/wp-json\/wp\/v2\/pages\/93\/revisions"}],"predecessor-version":[{"id":14656,"href":"https:\/\/poelenburgh.nl\/de\/wp-json\/wp\/v2\/pages\/93\/revisions\/14656"}],"wp:attachment":[{"href":"https:\/\/poelenburgh.nl\/de\/wp-json\/wp\/v2\/media?parent=93"}],"curies":[{"name":"wp","href":"https:\/\/api.w.org\/{rel}","templated":true}]}}