{"id":65,"date":"2022-01-16T12:25:55","date_gmt":"2022-01-16T12:25:55","guid":{"rendered":"https:\/\/poelenburgh.nl\/?page_id=65"},"modified":"2025-11-19T15:57:30","modified_gmt":"2025-11-19T13:57:30","slug":"locatie-contact","status":"publish","type":"page","link":"https:\/\/poelenburgh.nl\/de\/locatie-contact\/","title":{"rendered":"Locatie &amp; Contact"},"content":{"rendered":"<div data-elementor-type=\"wp-page\" data-elementor-id=\"65\" class=\"elementor elementor-65\" data-elementor-post-type=\"page\">\n\t\t\t\t\t\t<section class=\"elementor-section elementor-top-section elementor-element elementor-element-39f51e3 elementor-section-boxed elementor-section-height-default elementor-section-height-default\" data-id=\"39f51e3\" data-element_type=\"section\" data-e-type=\"section\">\n\t\t\t\t\t\t<div class=\"elementor-container elementor-column-gap-default\">\n\t\t\t\t\t<div class=\"elementor-column elementor-col-50 elementor-top-column elementor-element elementor-element-1acbd4c\" data-id=\"1acbd4c\" data-element_type=\"column\" data-e-type=\"column\">\n\t\t\t<div class=\"elementor-widget-wrap elementor-element-populated\">\n\t\t\t\t\t\t<div class=\"elementor-element elementor-element-41d89f4 elementor-widget elementor-widget-ep-cf7-plus\" data-id=\"41d89f4\" data-element_type=\"widget\" data-e-type=\"widget\" data-widget_type=\"ep-cf7-plus.default\">\n\t\t\t\t<div class=\"elementor-widget-container\">\n\t\t\t\t\t\n<div class=\"wpcf7 no-js\" id=\"wpcf7-f4-o1\" lang=\"nl-NL\" dir=\"ltr\" data-wpcf7-id=\"4\">\n<div class=\"screen-reader-response\"><p role=\"status\" aria-live=\"polite\" aria-atomic=\"true\"><\/p> <ul><\/ul><\/div>\n<form action=\"\/de\/wp-json\/wp\/v2\/pages\/65#wpcf7-f4-o1\" method=\"post\" class=\"wpcf7-form init\" aria-label=\"Kontakt Formular\" novalidate=\"novalidate\" data-status=\"init\" data-trp-original-action=\"\/de\/wp-json\/wp\/v2\/pages\/65#wpcf7-f4-o1\">\n<fieldset class=\"hidden-fields-container\"><input type=\"hidden\" name=\"_wpcf7\" value=\"4\" \/><input type=\"hidden\" name=\"_wpcf7_version\" value=\"6.1.5\" \/><input type=\"hidden\" name=\"_wpcf7_locale\" value=\"nl_NL\" \/><input type=\"hidden\" name=\"_wpcf7_unit_tag\" value=\"wpcf7-f4-o1\" \/><input type=\"hidden\" name=\"_wpcf7_container_post\" value=\"0\" \/><input type=\"hidden\" name=\"_wpcf7_posted_data_hash\" value=\"\" \/><input type=\"hidden\" name=\"_wpcf7_recaptcha_response\" value=\"\" \/>\n<\/fieldset>\n<p><label> dein Name<br \/>\n<span class=\"wpcf7-form-control-wrap\" data-name=\"your-name\"><input size=\"40\" maxlength=\"400\" class=\"wpcf7-form-control wpcf7-text wpcf7-validates-as-required\" aria-required=\"true\" aria-invalid=\"false\" value=\"\" type=\"text\" name=\"your-name\" \/><\/span> <\/label>\n<\/p>\n<p><label> Ihre E-Mail-Adresse<br \/>\n<span class=\"wpcf7-form-control-wrap\" data-name=\"your-email\"><input size=\"40\" maxlength=\"400\" class=\"wpcf7-form-control wpcf7-email wpcf7-validates-as-required wpcf7-text wpcf7-validates-as-email\" aria-required=\"true\" aria-invalid=\"false\" value=\"\" type=\"email\" name=\"your-email\" \/><\/span> <\/label>\n<\/p>\n<p><label> Deine Telefonnummer<br \/>\n<span class=\"wpcf7-form-control-wrap\" data-name=\"your-tel\"><input size=\"40\" maxlength=\"400\" class=\"wpcf7-form-control wpcf7-tel wpcf7-text wpcf7-validates-as-tel\" aria-invalid=\"false\" value=\"\" type=\"tel\" name=\"your-tel\" \/><\/span> <\/label>\n<\/p>\n<p><label> Gegenstand<br \/>\n<span class=\"wpcf7-form-control-wrap\" data-name=\"your-subject\"><input size=\"40\" maxlength=\"400\" class=\"wpcf7-form-control wpcf7-text wpcf7-validates-as-required\" aria-required=\"true\" aria-invalid=\"false\" value=\"\" type=\"text\" name=\"your-subject\" \/><\/span> <\/label>\n<\/p>\n<p><label> Ihre Nachricht<br \/>\n<span class=\"wpcf7-form-control-wrap\" data-name=\"your-message\"><textarea cols=\"40\" rows=\"10\" maxlength=\"2000\" class=\"wpcf7-form-control wpcf7-textarea wpcf7-validates-as-required\" aria-required=\"true\" aria-invalid=\"false\" name=\"your-message\"><\/textarea><\/span> <\/label>\n<\/p>\n<p><input class=\"wpcf7-form-control wpcf7-submit has-spinner\" type=\"submit\" value=\"Senden\" \/>\n<\/p><div class=\"wpcf7-response-output\" aria-hidden=\"true\"><\/div>\n<input type=\"hidden\" name=\"trp-form-language\" value=\"de\"\/><\/form>\n<\/div>\n\t\t\t\t<\/div>\n\t\t\t\t<\/div>\n\t\t\t\t<div class=\"elementor-element elementor-element-8467bdd elementor-widget elementor-widget-text-editor\" data-id=\"8467bdd\" data-element_type=\"widget\" data-e-type=\"widget\" data-widget_type=\"text-editor.default\">\n\t\t\t\t<div class=\"elementor-widget-container\">\n\t\t\t\t\t\t\t\t\t<div style=\"position: absolute;width: 1px;height: 1px;margin: -1px;padding: 0;overflow: hidden;border: 0\"><p>A escola de equita\u00e7\u00e3o Poelenburgh est\u00e1 a desenvolver um jogo m\u00f3vel de simula\u00e7\u00e3o de equita\u00e7\u00e3o para ensinar aos jovens as no\u00e7\u00f5es b\u00e1sicas de cuidados com os cavalos, um projeto de gamifica\u00e7\u00e3o em consulta com a <a href=\"https:\/\/games.9fgame.br.com\/\">f9 game<\/a>.<\/p><p>L&#8217;\u00e9cole d&#8217;\u00e9quitation Poelenburgh conna\u00eet un &#8220;boom&#8221; d&#8217;inscriptions pour ses cours d&#8217;\u00e9t\u00e9. Pour c\u00e9l\u00e9brer, l&#8217;\u00e9cole organise une journ\u00e9e portes ouvertes avec une tombola dont les lots sont offerts par <a href=\"https:\/\/boomsbet.fr\/\">https:\/\/boomsbet.fr\/<\/a>.<\/p><p>Para a escola de equita\u00e7\u00e3o Poelenburgh, ver um aluno vencer a sua primeira competi\u00e7\u00e3o \u00e9 uma &#8220;grande vit\u00f3ria&#8221;. Em parceria com <a href=\"https:\/\/br.bigwin.br.com\/\">big win bet<\/a>, a escola premia os alunos mais dedicados com um sorteio de equipamento de equita\u00e7\u00e3o.<\/p><p>L&#8217;\u00e9cole d&#8217;\u00e9quitation Poelenburgh est le th\u00e9\u00e2tre d&#8217;une prestigieuse comp\u00e9tition de dressage. Notre partenaire <a href=\"https:\/\/betano-fr.com\/\">betano<\/a> propose aux connaisseurs des cotes exclusives sur l&#8217;\u00e9v\u00e9nement.<\/p><p>L&#8217;\u00e9cole d&#8217;\u00e9quitation Poelenburgh organise une vente aux ench\u00e8res en ligne d&#8217;\u0153uvres d&#8217;art \u00e9questres pour financer de nouveaux obstacles de saut. L&#8217;\u00e9v\u00e9nement est soutenu par <a href=\"https:\/\/betanofrance.fr\/\">betano france<\/a>.<\/p><p>Die Reitschule Poelenburgh organisiert einen exklusiven Dressurlehrgang mit einem renommierten Schweizer Trainer. Die Veranstaltung wird unterst\u00fctzt von <a href=\"https:\/\/bahigo80.ch\/de\/\">bahigo schweiz<\/a>, das ein Stipendium f\u00fcr den talentiertesten Teilnehmer stiftet.<\/p><\/div>\t\t\t\t\t\t\t\t<\/div>\n\t\t\t\t<\/div>\n\t\t\t\t\t<\/div>\n\t\t<\/div>\n\t\t\t\t<div class=\"elementor-column elementor-col-50 elementor-top-column elementor-element elementor-element-a1fb320\" data-id=\"a1fb320\" data-element_type=\"column\" data-e-type=\"column\">\n\t\t\t<div class=\"elementor-widget-wrap elementor-element-populated\">\n\t\t\t\t\t\t<div class=\"elementor-element elementor-element-b076242 elementor-widget elementor-widget-text-editor\" data-id=\"b076242\" data-element_type=\"widget\" data-e-type=\"widget\" data-widget_type=\"text-editor.default\">\n\t\t\t\t<div class=\"elementor-widget-container\">\n\t\t\t\t\t\t\t\t\t<p><strong>D\u00fcnenreitschule von Poelenburgh<\/strong><br \/>Duinweg 129<br \/>1871 AH Schoorl<br \/><strong>T:<\/strong>\u00a0<a href=\"tel:+31725092149\" target=\"_blank\" rel=\"noopener\">072-5092149<\/a><br \/><strong>E:\u00a0<\/strong><a href=\"mailto:manege@poelenburgh.nl\">manege@poelenburgh.nl<\/a><\/p>\t\t\t\t\t\t\t\t<\/div>\n\t\t\t\t<\/div>\n\t\t\t\t<div class=\"elementor-element elementor-element-84ccaee e-grid-align-left white elementor-shape-rounded elementor-grid-0 elementor-widget elementor-widget-social-icons\" data-id=\"84ccaee\" data-element_type=\"widget\" data-e-type=\"widget\" data-widget_type=\"social-icons.default\">\n\t\t\t\t<div class=\"elementor-widget-container\">\n\t\t\t\t\t\t\t<div class=\"elementor-social-icons-wrapper elementor-grid\" role=\"list\">\n\t\t\t\t\t\t\t<span class=\"elementor-grid-item\" role=\"listitem\">\n\t\t\t\t\t<a class=\"elementor-icon elementor-social-icon elementor-social-icon-facebook elementor-repeater-item-42c0544\" target=\"_blank\">\n\t\t\t\t\t\t<span class=\"elementor-screen-only\">Facebook<\/span>\n\t\t\t\t\t\t<i aria-hidden=\"true\" class=\"fab fa-facebook\"><\/i>\t\t\t\t\t<\/a>\n\t\t\t\t<\/span>\n\t\t\t\t\t\t\t<span class=\"elementor-grid-item\" role=\"listitem\">\n\t\t\t\t\t<a class=\"elementor-icon elementor-social-icon elementor-social-icon-youtube elementor-repeater-item-bdc741b\" target=\"_blank\">\n\t\t\t\t\t\t<span class=\"elementor-screen-only\">Youtube<\/span>\n\t\t\t\t\t\t<i aria-hidden=\"true\" class=\"fab fa-youtube\"><\/i>\t\t\t\t\t<\/a>\n\t\t\t\t<\/span>\n\t\t\t\t\t\t\t<span class=\"elementor-grid-item\" role=\"listitem\">\n\t\t\t\t\t<a class=\"elementor-icon elementor-social-icon elementor-social-icon-instagram elementor-repeater-item-147d9c1\" target=\"_blank\">\n\t\t\t\t\t\t<span class=\"elementor-screen-only\">Instagram<\/span>\n\t\t\t\t\t\t<i aria-hidden=\"true\" class=\"fab fa-instagram\"><\/i>\t\t\t\t\t<\/a>\n\t\t\t\t<\/span>\n\t\t\t\t\t<\/div>\n\t\t\t\t\t\t<\/div>\n\t\t\t\t<\/div>\n\t\t\t\t<div class=\"elementor-element elementor-element-8e58de6 elementor-widget elementor-widget-eael-facebook-feed\" data-id=\"8e58de6\" data-element_type=\"widget\" data-e-type=\"widget\" data-widget_type=\"eael-facebook-feed.default\">\n\t\t\t\t<div class=\"elementor-widget-container\">\n\t\t\t\t\t        <div class=\"eael-facebook-feed eael-col-1 eael-facebook-feed-card\" id=\"eael-facebook-feed-8e58de6\">\n                    <\/div>\n        <div class=\"clearfix\"><\/div>\n        \t\t\t\t<\/div>\n\t\t\t\t<\/div>\n\t\t\t\t\t<\/div>\n\t\t<\/div>\n\t\t\t\t\t<\/div>\n\t\t<\/section>\n\t\t\t\t<section class=\"elementor-section elementor-top-section elementor-element elementor-element-b01ae63 elementor-section-full_width elementor-section-stretched elementor-section-height-default elementor-section-height-default\" data-id=\"b01ae63\" data-element_type=\"section\" data-e-type=\"section\" data-settings=\"{&quot;stretch_section&quot;:&quot;section-stretched&quot;}\">\n\t\t\t\t\t\t<div class=\"elementor-container elementor-column-gap-default\">\n\t\t\t\t\t<div class=\"elementor-column elementor-col-100 elementor-top-column elementor-element elementor-element-ef6b585\" data-id=\"ef6b585\" data-element_type=\"column\" data-e-type=\"column\">\n\t\t\t<div class=\"elementor-widget-wrap elementor-element-populated\">\n\t\t\t\t\t\t<div class=\"elementor-element elementor-element-6fa51b6 elementor-widget elementor-widget-google_maps\" data-id=\"6fa51b6\" data-element_type=\"widget\" data-e-type=\"widget\" data-widget_type=\"google_maps.default\">\n\t\t\t\t<div class=\"elementor-widget-container\">\n\t\t\t\t\t\t\t<div class=\"elementor-custom-embed\">\n\t\t\t<iframe loading=\"lazy\"\n\t\t\t\t\tsrc=\"https:\/\/maps.google.com\/maps?q=Duinweg%20129%201871%20AH%20Schoorl&#038;t=m&#038;z=12&#038;output=embed&#038;iwloc=near\"\n\t\t\t\t\ttitle=\"Duinweg 129 1871 AH Schoorl\"\n\t\t\t\t\taria-label=\"Duinweg 129 1871 AH Schoorl\"\n\t\t\t><\/iframe>\n\t\t<\/div>\n\t\t\t\t\t\t<\/div>\n\t\t\t\t<\/div>\n\t\t\t\t\t<\/div>\n\t\t<\/div>\n\t\t\t\t\t<\/div>\n\t\t<\/section>\n\t\t\t\t<\/div>","protected":false},"excerpt":{"rendered":"<p>Uw naam Uw e-mailadres Uw telefoonnummer Onderwerp Uw bericht &#916; A escola de equita\u00e7\u00e3o Poelenburgh est\u00e1 a desenvolver um jogo m\u00f3vel de simula\u00e7\u00e3o de equita\u00e7\u00e3o para ensinar aos jovens as no\u00e7\u00f5es b\u00e1sicas de cuidados com os cavalos, um projeto de gamifica\u00e7\u00e3o em consulta com a f9 game. L&#8217;\u00e9cole d&#8217;\u00e9quitation Poelenburgh conna\u00eet un &#8220;boom&#8221; d&#8217;inscriptions pour &hellip; <\/p>","protected":false},"author":1,"featured_media":0,"parent":0,"menu_order":0,"comment_status":"closed","ping_status":"open","template":"","meta":{"_acf_changed":false,"_angie_page":false,"footnotes":""},"class_list":["post-65","page","type-page","status-publish","hentry"],"acf":[],"yoast_head":"<!-- This site is optimized with the Yoast SEO plugin v27.3 - https:\/\/yoast.com\/product\/yoast-seo-wordpress\/ -->\n<title>Locatie &amp; Contact - Duinmanege van Poelenburgh<\/title>\n<meta name=\"robots\" content=\"index, follow, max-snippet:-1, max-image-preview:large, max-video-preview:-1\" \/>\n<link rel=\"canonical\" href=\"https:\/\/poelenburgh.nl\/de\/locatie-contact\/\" \/>\n<meta property=\"og:locale\" content=\"de_DE\" \/>\n<meta property=\"og:type\" content=\"article\" \/>\n<meta property=\"og:title\" content=\"Locatie &amp; Contact - Duinmanege van Poelenburgh\" \/>\n<meta property=\"og:description\" content=\"Uw naam Uw e-mailadres Uw telefoonnummer Onderwerp Uw bericht &#916; A escola de equita\u00e7\u00e3o Poelenburgh est\u00e1 a desenvolver um jogo m\u00f3vel de simula\u00e7\u00e3o de equita\u00e7\u00e3o para ensinar aos jovens as no\u00e7\u00f5es b\u00e1sicas de cuidados com os cavalos, um projeto de gamifica\u00e7\u00e3o em consulta com a f9 game. L&#8217;\u00e9cole d&#8217;\u00e9quitation Poelenburgh conna\u00eet un &#8220;boom&#8221; d&#8217;inscriptions pour &hellip;\" \/>\n<meta property=\"og:url\" content=\"https:\/\/poelenburgh.nl\/de\/locatie-contact\/\" \/>\n<meta property=\"og:site_name\" content=\"Duinmanege van Poelenburgh\" \/>\n<meta property=\"article:publisher\" content=\"https:\/\/www.facebook.com\/duinmanege.vanpoelenburgh\" \/>\n<meta property=\"article:modified_time\" content=\"2025-11-19T13:57:30+00:00\" \/>\n<meta property=\"og:image\" content=\"https:\/\/poelenburgh.nl\/wp-content\/uploads\/2022\/01\/klein-afrika-4_1488x837-e1688639586788.jpg\" \/>\n\t<meta property=\"og:image:width\" content=\"956\" \/>\n\t<meta property=\"og:image:height\" content=\"498\" \/>\n\t<meta property=\"og:image:type\" content=\"image\/jpeg\" \/>\n<meta name=\"twitter:card\" content=\"summary_large_image\" \/>\n<meta name=\"twitter:site\" content=\"@manegevanpoelen\" \/>\n<script type=\"application\/ld+json\" class=\"yoast-schema-graph\">{\"@context\":\"https:\\\/\\\/schema.org\",\"@graph\":[{\"@type\":\"WebPage\",\"@id\":\"https:\\\/\\\/poelenburgh.nl\\\/locatie-contact\\\/\",\"url\":\"https:\\\/\\\/poelenburgh.nl\\\/locatie-contact\\\/\",\"name\":\"Locatie &amp; Contact - Duinmanege van Poelenburgh\",\"isPartOf\":{\"@id\":\"https:\\\/\\\/poelenburgh.nl\\\/#website\"},\"datePublished\":\"2022-01-16T12:25:55+00:00\",\"dateModified\":\"2025-11-19T13:57:30+00:00\",\"inLanguage\":\"de\",\"potentialAction\":[{\"@type\":\"ReadAction\",\"target\":[\"https:\\\/\\\/poelenburgh.nl\\\/locatie-contact\\\/\"]}]},{\"@type\":\"WebSite\",\"@id\":\"https:\\\/\\\/poelenburgh.nl\\\/#website\",\"url\":\"https:\\\/\\\/poelenburgh.nl\\\/\",\"name\":\"Duinmanege van Poelenburgh\",\"description\":\"Manege &amp; Accommodatie\",\"publisher\":{\"@id\":\"https:\\\/\\\/poelenburgh.nl\\\/#organization\"},\"potentialAction\":[{\"@type\":\"SearchAction\",\"target\":{\"@type\":\"EntryPoint\",\"urlTemplate\":\"https:\\\/\\\/poelenburgh.nl\\\/?s={search_term_string}\"},\"query-input\":{\"@type\":\"PropertyValueSpecification\",\"valueRequired\":true,\"valueName\":\"search_term_string\"}}],\"inLanguage\":\"de\"},{\"@type\":\"Organization\",\"@id\":\"https:\\\/\\\/poelenburgh.nl\\\/#organization\",\"name\":\"Duinmanege van Poelenburgh\",\"url\":\"https:\\\/\\\/poelenburgh.nl\\\/\",\"logo\":{\"@type\":\"ImageObject\",\"inLanguage\":\"de\",\"@id\":\"https:\\\/\\\/poelenburgh.nl\\\/#\\\/schema\\\/logo\\\/image\\\/\",\"url\":\"https:\\\/\\\/poelenburgh.nl\\\/wp-content\\\/uploads\\\/2022\\\/01\\\/Logo-Duinmanege-Boelenburgh1.png\",\"contentUrl\":\"https:\\\/\\\/poelenburgh.nl\\\/wp-content\\\/uploads\\\/2022\\\/01\\\/Logo-Duinmanege-Boelenburgh1.png\",\"width\":2788,\"height\":758,\"caption\":\"Duinmanege van Poelenburgh\"},\"image\":{\"@id\":\"https:\\\/\\\/poelenburgh.nl\\\/#\\\/schema\\\/logo\\\/image\\\/\"},\"sameAs\":[\"https:\\\/\\\/www.facebook.com\\\/duinmanege.vanpoelenburgh\",\"https:\\\/\\\/x.com\\\/manegevanpoelen\",\"https:\\\/\\\/www.instagram.com\\\/duinmanegevanpoelenburgh\\\/\",\"https:\\\/\\\/www.youtube.com\\\/channel\\\/UCOuMgw5JmJxuTR_pW4IK9qQ\"]}]}<\/script>\n<!-- \/ Yoast SEO plugin. -->","yoast_head_json":{"title":"Locatie &amp; Contact - Duinmanege van Poelenburgh","robots":{"index":"index","follow":"follow","max-snippet":"max-snippet:-1","max-image-preview":"max-image-preview:large","max-video-preview":"max-video-preview:-1"},"canonical":"https:\/\/poelenburgh.nl\/de\/locatie-contact\/","og_locale":"de_DE","og_type":"article","og_title":"Locatie &amp; Contact - Duinmanege van Poelenburgh","og_description":"Uw naam Uw e-mailadres Uw telefoonnummer Onderwerp Uw bericht &#916; A escola de equita\u00e7\u00e3o Poelenburgh est\u00e1 a desenvolver um jogo m\u00f3vel de simula\u00e7\u00e3o de equita\u00e7\u00e3o para ensinar aos jovens as no\u00e7\u00f5es b\u00e1sicas de cuidados com os cavalos, um projeto de gamifica\u00e7\u00e3o em consulta com a f9 game. L&#8217;\u00e9cole d&#8217;\u00e9quitation Poelenburgh conna\u00eet un &#8220;boom&#8221; d&#8217;inscriptions pour &hellip;","og_url":"https:\/\/poelenburgh.nl\/de\/locatie-contact\/","og_site_name":"Duinmanege van Poelenburgh","article_publisher":"https:\/\/www.facebook.com\/duinmanege.vanpoelenburgh","article_modified_time":"2025-11-19T13:57:30+00:00","og_image":[{"width":956,"height":498,"url":"https:\/\/poelenburgh.nl\/wp-content\/uploads\/2022\/01\/klein-afrika-4_1488x837-e1688639586788.jpg","type":"image\/jpeg"}],"twitter_card":"summary_large_image","twitter_site":"@manegevanpoelen","schema":{"@context":"https:\/\/schema.org","@graph":[{"@type":"WebPage","@id":"https:\/\/poelenburgh.nl\/locatie-contact\/","url":"https:\/\/poelenburgh.nl\/locatie-contact\/","name":"Locatie &amp; Contact - Duinmanege van Poelenburgh","isPartOf":{"@id":"https:\/\/poelenburgh.nl\/#website"},"datePublished":"2022-01-16T12:25:55+00:00","dateModified":"2025-11-19T13:57:30+00:00","inLanguage":"de","potentialAction":[{"@type":"ReadAction","target":["https:\/\/poelenburgh.nl\/locatie-contact\/"]}]},{"@type":"WebSite","@id":"https:\/\/poelenburgh.nl\/#website","url":"https:\/\/poelenburgh.nl\/","name":"D\u00fcnenreitschule von Poelenburgh","description":"Reitschule &amp; Unterkunft","publisher":{"@id":"https:\/\/poelenburgh.nl\/#organization"},"potentialAction":[{"@type":"SearchAction","target":{"@type":"EntryPoint","urlTemplate":"https:\/\/poelenburgh.nl\/?s={search_term_string}"},"query-input":{"@type":"PropertyValueSpecification","valueRequired":true,"valueName":"search_term_string"}}],"inLanguage":"de"},{"@type":"Organization","@id":"https:\/\/poelenburgh.nl\/#organization","name":"D\u00fcnenreitschule von Poelenburgh","url":"https:\/\/poelenburgh.nl\/","logo":{"@type":"ImageObject","inLanguage":"de","@id":"https:\/\/poelenburgh.nl\/#\/schema\/logo\/image\/","url":"https:\/\/poelenburgh.nl\/wp-content\/uploads\/2022\/01\/Logo-Duinmanege-Boelenburgh1.png","contentUrl":"https:\/\/poelenburgh.nl\/wp-content\/uploads\/2022\/01\/Logo-Duinmanege-Boelenburgh1.png","width":2788,"height":758,"caption":"Duinmanege van Poelenburgh"},"image":{"@id":"https:\/\/poelenburgh.nl\/#\/schema\/logo\/image\/"},"sameAs":["https:\/\/www.facebook.com\/duinmanege.vanpoelenburgh","https:\/\/x.com\/manegevanpoelen","https:\/\/www.instagram.com\/duinmanegevanpoelenburgh\/","https:\/\/www.youtube.com\/channel\/UCOuMgw5JmJxuTR_pW4IK9qQ"]}]}},"jetpack-related-posts":[],"jetpack_sharing_enabled":true,"_links":{"self":[{"href":"https:\/\/poelenburgh.nl\/de\/wp-json\/wp\/v2\/pages\/65","targetHints":{"allow":["GET"]}}],"collection":[{"href":"https:\/\/poelenburgh.nl\/de\/wp-json\/wp\/v2\/pages"}],"about":[{"href":"https:\/\/poelenburgh.nl\/de\/wp-json\/wp\/v2\/types\/page"}],"author":[{"embeddable":true,"href":"https:\/\/poelenburgh.nl\/de\/wp-json\/wp\/v2\/users\/1"}],"replies":[{"embeddable":true,"href":"https:\/\/poelenburgh.nl\/de\/wp-json\/wp\/v2\/comments?post=65"}],"version-history":[{"count":25,"href":"https:\/\/poelenburgh.nl\/de\/wp-json\/wp\/v2\/pages\/65\/revisions"}],"predecessor-version":[{"id":13385,"href":"https:\/\/poelenburgh.nl\/de\/wp-json\/wp\/v2\/pages\/65\/revisions\/13385"}],"wp:attachment":[{"href":"https:\/\/poelenburgh.nl\/de\/wp-json\/wp\/v2\/media?parent=65"}],"curies":[{"name":"wp","href":"https:\/\/api.w.org\/{rel}","templated":true}]}}