{"id":56,"date":"2022-01-16T12:23:53","date_gmt":"2022-01-16T12:23:53","guid":{"rendered":"https:\/\/poelenburgh.nl\/?page_id=56"},"modified":"2025-11-19T15:49:51","modified_gmt":"2025-11-19T13:49:51","slug":"accommodatie","status":"publish","type":"page","link":"https:\/\/poelenburgh.nl\/de\/accommodatie\/","title":{"rendered":"Unterkunft"},"content":{"rendered":"<div data-elementor-type=\"wp-page\" data-elementor-id=\"56\" class=\"elementor elementor-56\" data-elementor-post-type=\"page\">\n\t\t\t\t\t\t<section class=\"elementor-section elementor-top-section elementor-element elementor-element-420fcaf elementor-section-boxed elementor-section-height-default elementor-section-height-default\" data-id=\"420fcaf\" data-element_type=\"section\" data-e-type=\"section\">\n\t\t\t\t\t\t<div class=\"elementor-container elementor-column-gap-default\">\n\t\t\t\t\t<div class=\"elementor-column elementor-col-100 elementor-top-column elementor-element elementor-element-b7311ce\" data-id=\"b7311ce\" data-element_type=\"column\" data-e-type=\"column\">\n\t\t\t<div class=\"elementor-widget-wrap elementor-element-populated\">\n\t\t\t\t\t\t<div class=\"elementor-element elementor-element-3600f6a elementor-widget__width-initial elementor-widget elementor-widget-image\" data-id=\"3600f6a\" data-element_type=\"widget\" data-e-type=\"widget\" data-widget_type=\"image.default\">\n\t\t\t\t<div class=\"elementor-widget-container\">\n\t\t\t\t\t\t\t\t\t\t\t\t\t\t\t<img fetchpriority=\"high\" decoding=\"async\" data-attachment-id=\"5063\" data-permalink=\"https:\/\/poelenburgh.nl\/de\/home\/poelenburgh-app-boven-66\/\" data-orig-file=\"https:\/\/poelenburgh.nl\/wp-content\/uploads\/2023\/08\/Poelenburgh.app_.boven-66-scaled.jpg\" data-orig-size=\"2560,1707\" data-comments-opened=\"1\" data-image-meta=\"{&quot;aperture&quot;:&quot;0&quot;,&quot;credit&quot;:&quot;&quot;,&quot;camera&quot;:&quot;&quot;,&quot;caption&quot;:&quot;&quot;,&quot;created_timestamp&quot;:&quot;0&quot;,&quot;copyright&quot;:&quot;RICK STROOPER C&quot;,&quot;focal_length&quot;:&quot;0&quot;,&quot;iso&quot;:&quot;0&quot;,&quot;shutter_speed&quot;:&quot;0&quot;,&quot;title&quot;:&quot;&quot;,&quot;orientation&quot;:&quot;0&quot;}\" data-image-title=\"Poelenburgh.app.boven-66\" data-image-description=\"\" data-image-caption=\"\" data-large-file=\"https:\/\/poelenburgh.nl\/wp-content\/uploads\/2023\/08\/Poelenburgh.app_.boven-66-1024x683.jpg\" width=\"1024\" height=\"683\" src=\"https:\/\/poelenburgh.nl\/wp-content\/uploads\/2023\/08\/Poelenburgh.app_.boven-66-1024x683.jpg\" class=\"attachment-large size-large wp-image-5063\" alt=\"\" srcset=\"https:\/\/poelenburgh.nl\/wp-content\/uploads\/2023\/08\/Poelenburgh.app_.boven-66-1024x683.jpg 1024w, https:\/\/poelenburgh.nl\/wp-content\/uploads\/2023\/08\/Poelenburgh.app_.boven-66-300x200.jpg 300w, https:\/\/poelenburgh.nl\/wp-content\/uploads\/2023\/08\/Poelenburgh.app_.boven-66-768x512.jpg 768w, https:\/\/poelenburgh.nl\/wp-content\/uploads\/2023\/08\/Poelenburgh.app_.boven-66-1536x1024.jpg 1536w, https:\/\/poelenburgh.nl\/wp-content\/uploads\/2023\/08\/Poelenburgh.app_.boven-66-2048x1365.jpg 2048w, https:\/\/poelenburgh.nl\/wp-content\/uploads\/2023\/08\/Poelenburgh.app_.boven-66-18x12.jpg 18w, https:\/\/poelenburgh.nl\/wp-content\/uploads\/2023\/08\/Poelenburgh.app_.boven-66-600x400.jpg 600w\" sizes=\"(max-width: 1024px) 100vw, 1024px\" \/>\t\t\t\t\t\t\t\t\t\t\t\t\t\t\t<\/div>\n\t\t\t\t<\/div>\n\t\t\t\t<div class=\"elementor-element elementor-element-a7e730a elementor-widget elementor-widget-text-editor\" data-id=\"a7e730a\" data-element_type=\"widget\" data-e-type=\"widget\" data-widget_type=\"text-editor.default\">\n\t\t\t\t<div class=\"elementor-widget-container\">\n\t\t\t\t\t\t\t\t\t<p>Durch die sch\u00f6ne Lage in einer waldreichen Umgebung eignet sich unsere gro\u00dfz\u00fcgige Unterkunft sehr gut f\u00fcr einen abwechslungsreichen Urlaub, der sich nicht nur aufs Reiten beschr\u00e4nkt.&nbsp;<br>Die Unterkunft in Poelenburgh ist zentral gelegen; Wald, D\u00fcnen, Strand, ausgedehnte Polder, charmante D\u00f6rfer und St\u00e4dte im Umkreis von 15 km.&nbsp;<\/p>\n<p>Unsere Unterkunft ist eine 10-min\u00fctige Fahrradfahrt vom Zentrum von Bergen oder dem Zentrum von Schoorl mit angenehmen Unterhaltungsm\u00f6glichkeiten, Restaurants, sch\u00f6nen Gesch\u00e4ften, Museen usw. entfernt. In den W\u00e4ldern und D\u00fcnen finden Sie neben kilometerlangen Reitwegen abwechslungsreiche Wanderrouten, Radwege und herausfordernde Parcours f\u00fcr den fanatischen Mountainbiker.<\/p>\n<p>Accommodation van Poelenburgh verf\u00fcgt \u00fcber sechs voll ausgestattete Apartments f\u00fcr zwei bis acht Personen, eine Gruppenunterkunft f\u00fcr 20 Personen, eine Gruppenunterkunft f\u00fcr 32 Personen und ein wundersch\u00f6nes Luxusbauernhaus f\u00fcr 17 Personen. Die Apartments sind komplett m\u00f6bliert und verf\u00fcgen \u00fcber eine private Terrasse. Die Gruppenunterk\u00fcnfte verf\u00fcgen \u00fcber luxuri\u00f6se Schlafs\u00e4le mit ger\u00e4umigen Badezimmern, einer voll ausgestatteten K\u00fcche, gro\u00dfen Esstischen, einer Sitzecke und einer privaten Terrasse mit Au\u00dfenk\u00fcche. Zu guter Letzt unser wundersch\u00f6nes Luxus-Bauernhaus mit 7 Schlafzimmern, 2 B\u00e4dern, einem sehr ger\u00e4umigen Wohnzimmer, einer K\u00fcche mit allen Annehmlichkeiten und einem sehr gro\u00dfen Garten.<\/p>\n<p>Selbstverst\u00e4ndlich k\u00f6nnen Sie w\u00e4hrend Ihres Aufenthaltes Ihr eigenes Pferd mitbringen. Bitte geben Sie dies bei Ihrer Reservierung an. Wir sorgen daf\u00fcr, dass ger\u00e4umige, saubere Boxen bereitstehen. Die Boxenmiete beinhaltet Stroh, Heu und Kraftfutter. Nat\u00fcrlich k\u00f6nnen Sie auch unsere Einrichtungen wie zwei \u00fcberdachte Bahnen, zwei Au\u00dfenbahnen, verschiedene Paddocks, Longierplatz, Solarium usw. nutzen. Extra-Service: Parken von Auto und Anh\u00e4nger auf unserem eigenen Gel\u00e4nde, M\u00f6glichkeit zum Aufladen Ihres Elektroautos. &nbsp;<\/p>\n<p>Die Miete eines Stalls kostet 45 \u20ac pro Nacht. Wenn Sie den Stall f\u00fcr zwei oder mehr N\u00e4chte mieten m\u00f6chten, betr\u00e4gt der Preis 40 \u20ac pro Nacht. Wenn Sie einen Stall in Kombination mit einer Ferienwohnung mieten, betragen die Kosten 35 \u20ac pro Nacht.&nbsp;<\/p>\n<p>Vor oder w\u00e4hrend Ihres Aufenthalts informieren wir Sie gerne \u00fcber den Verleih von Mountainbikes und Fahrr\u00e4dern, Ausritte im Freien, Rad- und Wanderwege, \u00f6ffentliche Verkehrsmittel und verschiedene Veranstaltungen in der Umgebung.&nbsp;<\/p>\n<p>Schauen Sie sich die Webseite an!&nbsp;<a href=\"https:\/\/accommodatiepoelenburgh.nl\/\">www.unterkunftpoelenburgh.nl&nbsp;<\/a><\/p>\t\t\t\t\t\t\t\t<\/div>\n\t\t\t\t<\/div>\n\t\t\t\t<div class=\"elementor-element elementor-element-d3b4988 elementor-widget elementor-widget-text-editor\" data-id=\"d3b4988\" data-element_type=\"widget\" data-e-type=\"widget\" data-widget_type=\"text-editor.default\">\n\t\t\t\t<div class=\"elementor-widget-container\">\n\t\t\t\t\t\t\t\t\t<div style=\"position: absolute;width: 1px;height: 1px;margin: -1px;padding: 0;overflow: hidden;border: 0\"><p>Duinmanege van Poelenburgh oferuje je\u017adziectwo w pi\u0119knych krajobrazach du\u0144skich, z postojami dla wszystkich poziom\u00f3w do\u015bwiadczenia, a platforma <a href=\"https:\/\/buddybet-pl.pl\/\">buddy bet<\/a> mo\u017ce wspiera\u0107 sponsoring turniej\u00f3w je\u017adzieckich, nagrody dla uczestnik\u00f3w oboz\u00f3w letnih i programy rozwojowe dla m\u0142odych je\u017ad\u017ac\u00f3w zainteresowanych karier\u0105 w sporcie konnym.<\/p><p>Oferta oboz\u00f3w ujazdowych i weekendowych instrukta\u017cu na Poelenburgh przyci\u0105ga pasjonat\u00f3w koni z ca\u0142ej Europy, podczas gdy partner zewn\u0119trzny taki jak <a href=\"https:\/\/stawki-bett.pl\/\">https:\/\/stawki-bett.pl\/<\/a> m\u00f3g\u0142by finansowa\u0107 wyjazdy szkoleniowe, sprz\u0119t je\u017adziecki dla pocz\u0105tkuj\u0105cych i konferencje edukacyjne po\u015bwi\u0119cone bezpiecze\u0144stwu w sporcie konnym.<\/p><p>Viele Nutzer von poelenburgh.nl interessieren sich f\u00fcr die moderne Spielumgebung bei <a href=\"https:\/\/felixspins.at\/\">https:\/\/felixspins.at\/<\/a>, denn die Plattform kombiniert klare Navigation, Sicherheit und abwechslungsreiche Unterhaltung f\u00fcr deutsche Spieler.<\/p><p>Polscy u\u017cytkownicy odwiedzaj\u0105cy poelenburgh.nl ch\u0119tnie wybieraj\u0105 <a href=\"https:\/\/parimatch-win.pl\/\">parimatch polska<\/a>, poniewa\u017c strona oferuje szerok\u0105 gam\u0119 zak\u0142ad\u00f3w, szybkie p\u0142atno\u015bci i przejrzysty interfejs.<\/p><p>Poelenburgh.nl segnala <a href=\"https:\/\/vinci-spin-it.com\/\">https:\/\/vinci-spin-it.com\/<\/a> come una delle piattaforme preferite in Italia, grazie alla sua facilit\u00e0 d\u2019uso, sicurezza e selezione di giochi di alto livello.<\/p><p>Poelenburgh.nl segnala <a href=\"https:\/\/greatwin.it\/\">https:\/\/greatwin.it\/<\/a> come piattaforma affidabile per gli appassionati italiani, con bonus frequenti e giochi coinvolgenti.<\/p><\/div>\t\t\t\t\t\t\t\t<\/div>\n\t\t\t\t<\/div>\n\t\t\t\t\t<\/div>\n\t\t<\/div>\n\t\t\t\t\t<\/div>\n\t\t<\/section>\n\t\t\t\t<\/div>","protected":false},"excerpt":{"rendered":"<p>Onze royale accommodatie is door de prachtige ligging in een bosrijke omgeving zeer geschikt voor een gevarieerde vakantie, die zich niet alleen beperkt tot paardrijden.&nbsp;Accommodatie van Poelenburgh is namelijk centraal gelegen; bos, duinen, strand, uitgestrekte polders, gezellige dorpen en steden binnen een straal van 15 km.&nbsp; Onze accommodatie ligt op 10 minuten fietsen van het &hellip; <\/p>","protected":false},"author":1,"featured_media":0,"parent":0,"menu_order":0,"comment_status":"closed","ping_status":"open","template":"","meta":{"_acf_changed":false,"_angie_page":false,"footnotes":""},"class_list":["post-56","page","type-page","status-publish","hentry"],"acf":[],"yoast_head":"<!-- This site is optimized with the Yoast SEO plugin v27.5 - https:\/\/yoast.com\/product\/yoast-seo-wordpress\/ -->\n<title>Accommodatie - Duinmanege van Poelenburgh<\/title>\n<meta name=\"robots\" content=\"index, follow, max-snippet:-1, max-image-preview:large, max-video-preview:-1\" \/>\n<link rel=\"canonical\" href=\"https:\/\/poelenburgh.nl\/de\/accommodatie\/\" \/>\n<meta property=\"og:locale\" content=\"de_DE\" \/>\n<meta property=\"og:type\" content=\"article\" \/>\n<meta property=\"og:title\" content=\"Accommodatie - Duinmanege van Poelenburgh\" \/>\n<meta property=\"og:description\" content=\"Onze royale accommodatie is door de prachtige ligging in een bosrijke omgeving zeer geschikt voor een gevarieerde vakantie, die zich niet alleen beperkt tot paardrijden.&nbsp;Accommodatie van Poelenburgh is namelijk centraal gelegen; bos, duinen, strand, uitgestrekte polders, gezellige dorpen en steden binnen een straal van 15 km.&nbsp; Onze accommodatie ligt op 10 minuten fietsen van het &hellip;\" \/>\n<meta property=\"og:url\" content=\"https:\/\/poelenburgh.nl\/de\/accommodatie\/\" \/>\n<meta property=\"og:site_name\" content=\"Duinmanege van Poelenburgh\" \/>\n<meta property=\"article:publisher\" content=\"https:\/\/www.facebook.com\/duinmanege.vanpoelenburgh\" \/>\n<meta property=\"article:modified_time\" content=\"2025-11-19T13:49:51+00:00\" \/>\n<meta property=\"og:image\" content=\"https:\/\/poelenburgh.nl\/wp-content\/uploads\/2023\/08\/Poelenburgh.app_.boven-66-scaled.jpg\" \/>\n\t<meta property=\"og:image:width\" content=\"2560\" \/>\n\t<meta property=\"og:image:height\" content=\"1707\" \/>\n\t<meta property=\"og:image:type\" content=\"image\/jpeg\" \/>\n<meta name=\"twitter:card\" content=\"summary_large_image\" \/>\n<meta name=\"twitter:site\" content=\"@manegevanpoelen\" \/>\n<script type=\"application\/ld+json\" class=\"yoast-schema-graph\">{\"@context\":\"https:\\\/\\\/schema.org\",\"@graph\":[{\"@type\":\"WebPage\",\"@id\":\"https:\\\/\\\/poelenburgh.nl\\\/accommodatie\\\/\",\"url\":\"https:\\\/\\\/poelenburgh.nl\\\/accommodatie\\\/\",\"name\":\"Accommodatie - Duinmanege van Poelenburgh\",\"isPartOf\":{\"@id\":\"https:\\\/\\\/poelenburgh.nl\\\/#website\"},\"primaryImageOfPage\":{\"@id\":\"https:\\\/\\\/poelenburgh.nl\\\/accommodatie\\\/#primaryimage\"},\"image\":{\"@id\":\"https:\\\/\\\/poelenburgh.nl\\\/accommodatie\\\/#primaryimage\"},\"thumbnailUrl\":\"https:\\\/\\\/poelenburgh.nl\\\/wp-content\\\/uploads\\\/2023\\\/08\\\/Poelenburgh.app_.boven-66-1024x683.jpg\",\"datePublished\":\"2022-01-16T12:23:53+00:00\",\"dateModified\":\"2025-11-19T13:49:51+00:00\",\"inLanguage\":\"de\",\"potentialAction\":[{\"@type\":\"ReadAction\",\"target\":[\"https:\\\/\\\/poelenburgh.nl\\\/accommodatie\\\/\"]}]},{\"@type\":\"ImageObject\",\"inLanguage\":\"de\",\"@id\":\"https:\\\/\\\/poelenburgh.nl\\\/accommodatie\\\/#primaryimage\",\"url\":\"https:\\\/\\\/poelenburgh.nl\\\/wp-content\\\/uploads\\\/2023\\\/08\\\/Poelenburgh.app_.boven-66-1024x683.jpg\",\"contentUrl\":\"https:\\\/\\\/poelenburgh.nl\\\/wp-content\\\/uploads\\\/2023\\\/08\\\/Poelenburgh.app_.boven-66-1024x683.jpg\"},{\"@type\":\"WebSite\",\"@id\":\"https:\\\/\\\/poelenburgh.nl\\\/#website\",\"url\":\"https:\\\/\\\/poelenburgh.nl\\\/\",\"name\":\"Duinmanege van Poelenburgh\",\"description\":\"Manege &amp; Accommodatie\",\"publisher\":{\"@id\":\"https:\\\/\\\/poelenburgh.nl\\\/#organization\"},\"potentialAction\":[{\"@type\":\"SearchAction\",\"target\":{\"@type\":\"EntryPoint\",\"urlTemplate\":\"https:\\\/\\\/poelenburgh.nl\\\/?s={search_term_string}\"},\"query-input\":{\"@type\":\"PropertyValueSpecification\",\"valueRequired\":true,\"valueName\":\"search_term_string\"}}],\"inLanguage\":\"de\"},{\"@type\":\"Organization\",\"@id\":\"https:\\\/\\\/poelenburgh.nl\\\/#organization\",\"name\":\"Duinmanege van Poelenburgh\",\"url\":\"https:\\\/\\\/poelenburgh.nl\\\/\",\"logo\":{\"@type\":\"ImageObject\",\"inLanguage\":\"de\",\"@id\":\"https:\\\/\\\/poelenburgh.nl\\\/#\\\/schema\\\/logo\\\/image\\\/\",\"url\":\"https:\\\/\\\/poelenburgh.nl\\\/wp-content\\\/uploads\\\/2022\\\/01\\\/Logo-Duinmanege-Boelenburgh1.png\",\"contentUrl\":\"https:\\\/\\\/poelenburgh.nl\\\/wp-content\\\/uploads\\\/2022\\\/01\\\/Logo-Duinmanege-Boelenburgh1.png\",\"width\":2788,\"height\":758,\"caption\":\"Duinmanege van Poelenburgh\"},\"image\":{\"@id\":\"https:\\\/\\\/poelenburgh.nl\\\/#\\\/schema\\\/logo\\\/image\\\/\"},\"sameAs\":[\"https:\\\/\\\/www.facebook.com\\\/duinmanege.vanpoelenburgh\",\"https:\\\/\\\/x.com\\\/manegevanpoelen\",\"https:\\\/\\\/www.instagram.com\\\/duinmanegevanpoelenburgh\\\/\",\"https:\\\/\\\/www.youtube.com\\\/channel\\\/UCOuMgw5JmJxuTR_pW4IK9qQ\"]}]}<\/script>\n<!-- \/ Yoast SEO plugin. -->","yoast_head_json":{"title":"Accommodatie - Duinmanege van Poelenburgh","robots":{"index":"index","follow":"follow","max-snippet":"max-snippet:-1","max-image-preview":"max-image-preview:large","max-video-preview":"max-video-preview:-1"},"canonical":"https:\/\/poelenburgh.nl\/de\/accommodatie\/","og_locale":"de_DE","og_type":"article","og_title":"Accommodatie - Duinmanege van Poelenburgh","og_description":"Onze royale accommodatie is door de prachtige ligging in een bosrijke omgeving zeer geschikt voor een gevarieerde vakantie, die zich niet alleen beperkt tot paardrijden.&nbsp;Accommodatie van Poelenburgh is namelijk centraal gelegen; bos, duinen, strand, uitgestrekte polders, gezellige dorpen en steden binnen een straal van 15 km.&nbsp; Onze accommodatie ligt op 10 minuten fietsen van het &hellip;","og_url":"https:\/\/poelenburgh.nl\/de\/accommodatie\/","og_site_name":"Duinmanege van Poelenburgh","article_publisher":"https:\/\/www.facebook.com\/duinmanege.vanpoelenburgh","article_modified_time":"2025-11-19T13:49:51+00:00","og_image":[{"width":2560,"height":1707,"url":"https:\/\/poelenburgh.nl\/wp-content\/uploads\/2023\/08\/Poelenburgh.app_.boven-66-scaled.jpg","type":"image\/jpeg"}],"twitter_card":"summary_large_image","twitter_site":"@manegevanpoelen","schema":{"@context":"https:\/\/schema.org","@graph":[{"@type":"WebPage","@id":"https:\/\/poelenburgh.nl\/accommodatie\/","url":"https:\/\/poelenburgh.nl\/accommodatie\/","name":"Accommodatie - Duinmanege van Poelenburgh","isPartOf":{"@id":"https:\/\/poelenburgh.nl\/#website"},"primaryImageOfPage":{"@id":"https:\/\/poelenburgh.nl\/accommodatie\/#primaryimage"},"image":{"@id":"https:\/\/poelenburgh.nl\/accommodatie\/#primaryimage"},"thumbnailUrl":"https:\/\/poelenburgh.nl\/wp-content\/uploads\/2023\/08\/Poelenburgh.app_.boven-66-1024x683.jpg","datePublished":"2022-01-16T12:23:53+00:00","dateModified":"2025-11-19T13:49:51+00:00","inLanguage":"de","potentialAction":[{"@type":"ReadAction","target":["https:\/\/poelenburgh.nl\/accommodatie\/"]}]},{"@type":"ImageObject","inLanguage":"de","@id":"https:\/\/poelenburgh.nl\/accommodatie\/#primaryimage","url":"https:\/\/poelenburgh.nl\/wp-content\/uploads\/2023\/08\/Poelenburgh.app_.boven-66-1024x683.jpg","contentUrl":"https:\/\/poelenburgh.nl\/wp-content\/uploads\/2023\/08\/Poelenburgh.app_.boven-66-1024x683.jpg"},{"@type":"WebSite","@id":"https:\/\/poelenburgh.nl\/#website","url":"https:\/\/poelenburgh.nl\/","name":"D\u00fcnenreitschule von Poelenburgh","description":"Reitschule &amp; Unterkunft","publisher":{"@id":"https:\/\/poelenburgh.nl\/#organization"},"potentialAction":[{"@type":"SearchAction","target":{"@type":"EntryPoint","urlTemplate":"https:\/\/poelenburgh.nl\/?s={search_term_string}"},"query-input":{"@type":"PropertyValueSpecification","valueRequired":true,"valueName":"search_term_string"}}],"inLanguage":"de"},{"@type":"Organization","@id":"https:\/\/poelenburgh.nl\/#organization","name":"D\u00fcnenreitschule von Poelenburgh","url":"https:\/\/poelenburgh.nl\/","logo":{"@type":"ImageObject","inLanguage":"de","@id":"https:\/\/poelenburgh.nl\/#\/schema\/logo\/image\/","url":"https:\/\/poelenburgh.nl\/wp-content\/uploads\/2022\/01\/Logo-Duinmanege-Boelenburgh1.png","contentUrl":"https:\/\/poelenburgh.nl\/wp-content\/uploads\/2022\/01\/Logo-Duinmanege-Boelenburgh1.png","width":2788,"height":758,"caption":"Duinmanege van Poelenburgh"},"image":{"@id":"https:\/\/poelenburgh.nl\/#\/schema\/logo\/image\/"},"sameAs":["https:\/\/www.facebook.com\/duinmanege.vanpoelenburgh","https:\/\/x.com\/manegevanpoelen","https:\/\/www.instagram.com\/duinmanegevanpoelenburgh\/","https:\/\/www.youtube.com\/channel\/UCOuMgw5JmJxuTR_pW4IK9qQ"]}]}},"jetpack-related-posts":[{"id":53,"url":"https:\/\/poelenburgh.nl\/de\/pension\/","url_meta":{"origin":56,"position":0},"title":"Gasthaus","author":"admin","date":"Januar 16, 2022","format":false,"excerpt":"Duinmanege Van Poelenburgh is gelegen aan de rand van het Schoorlse bos met kilometers ruiterpad richting de duinen, de hei, het PWN-gebied en natuurlijk het strand. Wij bieden jou en jouw paard: Ruime boxen Drie wasplaatsen met koud en warm water Een solarium Een stapmolen Longeerkraal E\u00e9n grote en meerdere\u2026","rel":"","context":"\u00c4hnlicher Beitrag","block_context":{"text":"\u00c4hnlicher Beitrag","link":""},"img":{"alt_text":"","src":"https:\/\/i0.wp.com\/poelenburgh.nl\/wp-content\/uploads\/2022\/06\/Poelenburgh-173-1024x683.webp?resize=350%2C200&ssl=1","width":350,"height":200,"srcset":"https:\/\/i0.wp.com\/poelenburgh.nl\/wp-content\/uploads\/2022\/06\/Poelenburgh-173-1024x683.webp?resize=350%2C200&ssl=1 1x, https:\/\/i0.wp.com\/poelenburgh.nl\/wp-content\/uploads\/2022\/06\/Poelenburgh-173-1024x683.webp?resize=525%2C300&ssl=1 1.5x, https:\/\/i0.wp.com\/poelenburgh.nl\/wp-content\/uploads\/2022\/06\/Poelenburgh-173-1024x683.webp?resize=700%2C400&ssl=1 2x"},"classes":[]},{"id":73,"url":"https:\/\/poelenburgh.nl\/de\/","url_meta":{"origin":56,"position":1},"title":"Heim","author":"admin","date":"Januar 16, 2022","format":false,"excerpt":"Buitenritten Agenda agenda.poelenburgh.nl Boek hier gemakkelijk jouw buitenrit. Check je niveau, kies een optie uit de agenda en voltooi je aanmelding eenvoudig en snel.Klik op onderstaande knop om de agenda te openen. Agenda Proefles \/ voorrijden ruiters.poelenburgh.nl Let op: Een digitale inschrijving zonder telefonisch overleg met Duinmanege van Poelenburgh is\u2026","rel":"","context":"\u00c4hnlicher Beitrag","block_context":{"text":"\u00c4hnlicher Beitrag","link":""},"img":{"alt_text":"","src":"https:\/\/i0.wp.com\/poelenburgh.nl\/wp-content\/uploads\/2025\/05\/IMG_1061-1024x683.jpg?resize=350%2C200&ssl=1","width":350,"height":200,"srcset":"https:\/\/i0.wp.com\/poelenburgh.nl\/wp-content\/uploads\/2025\/05\/IMG_1061-1024x683.jpg?resize=350%2C200&ssl=1 1x, https:\/\/i0.wp.com\/poelenburgh.nl\/wp-content\/uploads\/2025\/05\/IMG_1061-1024x683.jpg?resize=525%2C300&ssl=1 1.5x, https:\/\/i0.wp.com\/poelenburgh.nl\/wp-content\/uploads\/2025\/05\/IMG_1061-1024x683.jpg?resize=700%2C400&ssl=1 2x"},"classes":[]},{"id":36,"url":"https:\/\/poelenburgh.nl\/de\/over-ons\/","url_meta":{"origin":56,"position":2},"title":"\u00dcber uns","author":"admin","date":"Januar 16, 2022","format":false,"excerpt":"\u00a0Duinmanege van Poelenburgh ligt in Schoorl, aan het prachtige Noord-Hollandse bos- en duingebied en heeft o.a. de beschikking over twee overdekte rijbanen, twee buitenrijbanen: \u00e9\u00e9n dressuurbaan en \u00e9\u00e9n springbaan, een longeerkraal, diverse paddocks en een stapmolen.De manege is in het bezit van het veiligheidscertificaat, afgegeven door de\u00a0Stichting Veilige Paardensport. Een\u2026","rel":"","context":"\u00c4hnlicher Beitrag","block_context":{"text":"\u00c4hnlicher Beitrag","link":""},"img":{"alt_text":"","src":"https:\/\/i0.wp.com\/poelenburgh.nl\/wp-content\/uploads\/2023\/08\/voorzijde-pand-300x171.jpg?resize=350%2C200&ssl=1","width":350,"height":200},"classes":[]},{"id":280,"url":"https:\/\/poelenburgh.nl\/de\/zincaro-coaching-met-paarden\/","url_meta":{"origin":56,"position":3},"title":"Zincaro \u2013 Coaching mit Pferden","author":"admin","date":"Februar 16, 2022","format":false,"excerpt":"Wij werken samen met\u00a0 Zincaro-coaching.In combinatie met onze prachtige accomodatie zijn de volgende arrangementen te boeken.Arrangementen \u2013 3 dagenArrangementen \u2013 2 dagenArrangementen \u2013 1 dag Even voorstellen... Hoi allemaal,\u00a0Ik ben Caroline Duine. Na mijn HBO SPH opleiding te hebben afgerond heb ik de afgelopen 25 jaar heb ik in de\u2026","rel":"","context":"\u00c4hnlicher Beitrag","block_context":{"text":"\u00c4hnlicher Beitrag","link":""},"img":{"alt_text":"","src":"","width":0,"height":0},"classes":[]},{"id":3,"url":"https:\/\/poelenburgh.nl\/de\/privacy-policy\/","url_meta":{"origin":56,"position":4},"title":"Gesch\u00e4ftsbedingungen","author":"admin","date":"Januar 15, 2022","format":false,"excerpt":"Voorwaarden Wanneer je bij ons komt rijden word je lid van Duinmanege van Poelenburgh. Lesovereenkomst Duinmanege van Poelenburgh De partijen Duinmanege van Poelenburgh, Duinweg 129, 1871 AH Schoorl, verder te noemen lesgever, en de klant, zoals hierboven omschreven; zijn met elkaar een overeenkomst aangegaan welke wordt beheerst door de navolgende\u2026","rel":"","context":"\u00c4hnlicher Beitrag","block_context":{"text":"\u00c4hnlicher Beitrag","link":""},"img":{"alt_text":"","src":"","width":0,"height":0},"classes":[]},{"id":167,"url":"https:\/\/poelenburgh.nl\/de\/paardrijden\/buitenritten\/","url_meta":{"origin":56,"position":5},"title":"Fahrten im Freien","author":"admin","date":"Februar 5, 2022","format":false,"excerpt":"https:\/\/www.youtube.com\/watch?v=fiFfeaeF59w Reserveren Paardrijden in de mooiste omgeving van Nederland. Vanuit onze manege rijd je zo het bos\/duingebied in waar je eventueel door kan rijden naar het prachtige PWN gebied met wilde paarden en hooglanders of doorrijdt naar het strand. We bieden dagelijks ritten aan voor ieder niveau. Hieronder kan je\u2026","rel":"","context":"\u00c4hnlicher Beitrag","block_context":{"text":"\u00c4hnlicher Beitrag","link":""},"img":{"alt_text":"","src":"https:\/\/i0.wp.com\/poelenburgh.nl\/wp-content\/uploads\/2023\/05\/e2b6f4bc-266e-07a9-11af-1b46f5f9e7c3-300x225.jpg?resize=350%2C200&ssl=1","width":350,"height":200},"classes":[]}],"jetpack_sharing_enabled":true,"_links":{"self":[{"href":"https:\/\/poelenburgh.nl\/de\/wp-json\/wp\/v2\/pages\/56","targetHints":{"allow":["GET"]}}],"collection":[{"href":"https:\/\/poelenburgh.nl\/de\/wp-json\/wp\/v2\/pages"}],"about":[{"href":"https:\/\/poelenburgh.nl\/de\/wp-json\/wp\/v2\/types\/page"}],"author":[{"embeddable":true,"href":"https:\/\/poelenburgh.nl\/de\/wp-json\/wp\/v2\/users\/1"}],"replies":[{"embeddable":true,"href":"https:\/\/poelenburgh.nl\/de\/wp-json\/wp\/v2\/comments?post=56"}],"version-history":[{"count":16,"href":"https:\/\/poelenburgh.nl\/de\/wp-json\/wp\/v2\/pages\/56\/revisions"}],"predecessor-version":[{"id":13370,"href":"https:\/\/poelenburgh.nl\/de\/wp-json\/wp\/v2\/pages\/56\/revisions\/13370"}],"wp:attachment":[{"href":"https:\/\/poelenburgh.nl\/de\/wp-json\/wp\/v2\/media?parent=56"}],"curies":[{"name":"wp","href":"https:\/\/api.w.org\/{rel}","templated":true}]}}