{"id":53,"date":"2022-01-16T12:23:14","date_gmt":"2022-01-16T12:23:14","guid":{"rendered":"https:\/\/poelenburgh.nl\/?page_id=53"},"modified":"2023-08-18T13:50:25","modified_gmt":"2023-08-18T13:50:25","slug":"pension","status":"publish","type":"page","link":"https:\/\/poelenburgh.nl\/de\/pension\/","title":{"rendered":"Gasthaus"},"content":{"rendered":"<div data-elementor-type=\"wp-page\" data-elementor-id=\"53\" class=\"elementor elementor-53\" data-elementor-post-type=\"page\">\n\t\t\t\t\t\t<section class=\"elementor-section elementor-top-section elementor-element elementor-element-00faccd elementor-section-boxed elementor-section-height-default elementor-section-height-default\" data-id=\"00faccd\" data-element_type=\"section\" data-e-type=\"section\">\n\t\t\t\t\t\t<div class=\"elementor-container elementor-column-gap-default\">\n\t\t\t\t\t<div class=\"elementor-column elementor-col-50 elementor-top-column elementor-element elementor-element-22c505d\" data-id=\"22c505d\" data-element_type=\"column\" data-e-type=\"column\">\n\t\t\t<div class=\"elementor-widget-wrap elementor-element-populated\">\n\t\t\t\t\t\t<div class=\"elementor-element elementor-element-e8244fb elementor-widget elementor-widget-image\" data-id=\"e8244fb\" data-element_type=\"widget\" data-e-type=\"widget\" data-widget_type=\"image.default\">\n\t\t\t\t<div class=\"elementor-widget-container\">\n\t\t\t\t\t\t\t\t\t\t\t\t\t\t\t<img fetchpriority=\"high\" decoding=\"async\" data-attachment-id=\"1410\" data-permalink=\"https:\/\/poelenburgh.nl\/de\/poelenburgh-173\/\" data-orig-file=\"https:\/\/poelenburgh.nl\/wp-content\/uploads\/2022\/06\/Poelenburgh-173-scaled.webp\" data-orig-size=\"2560,1707\" data-comments-opened=\"1\" data-image-meta=\"{&quot;aperture&quot;:&quot;0&quot;,&quot;credit&quot;:&quot;&quot;,&quot;camera&quot;:&quot;&quot;,&quot;caption&quot;:&quot;&quot;,&quot;created_timestamp&quot;:&quot;0&quot;,&quot;copyright&quot;:&quot;&quot;,&quot;focal_length&quot;:&quot;0&quot;,&quot;iso&quot;:&quot;0&quot;,&quot;shutter_speed&quot;:&quot;0&quot;,&quot;title&quot;:&quot;&quot;,&quot;orientation&quot;:&quot;0&quot;}\" data-image-title=\"Poelenburgh-173\" data-image-description=\"\" data-image-caption=\"\" data-large-file=\"https:\/\/poelenburgh.nl\/wp-content\/uploads\/2022\/06\/Poelenburgh-173-1024x683.webp\" width=\"1024\" height=\"683\" src=\"https:\/\/poelenburgh.nl\/wp-content\/uploads\/2022\/06\/Poelenburgh-173-1024x683.webp\" class=\"attachment-large size-large wp-image-1410\" alt=\"\" srcset=\"https:\/\/poelenburgh.nl\/wp-content\/uploads\/2022\/06\/Poelenburgh-173-1024x683.webp 1024w, https:\/\/poelenburgh.nl\/wp-content\/uploads\/2022\/06\/Poelenburgh-173-300x200.webp 300w, https:\/\/poelenburgh.nl\/wp-content\/uploads\/2022\/06\/Poelenburgh-173-768x512.webp 768w, https:\/\/poelenburgh.nl\/wp-content\/uploads\/2022\/06\/Poelenburgh-173-1536x1024.webp 1536w, https:\/\/poelenburgh.nl\/wp-content\/uploads\/2022\/06\/Poelenburgh-173-2048x1365.webp 2048w, https:\/\/poelenburgh.nl\/wp-content\/uploads\/2022\/06\/Poelenburgh-173-600x400.webp 600w\" sizes=\"(max-width: 1024px) 100vw, 1024px\" \/>\t\t\t\t\t\t\t\t\t\t\t\t\t\t\t<\/div>\n\t\t\t\t<\/div>\n\t\t\t\t<div class=\"elementor-element elementor-element-1b91247 elementor-widget elementor-widget-text-editor\" data-id=\"1b91247\" data-element_type=\"widget\" data-e-type=\"widget\" data-widget_type=\"text-editor.default\">\n\t\t\t\t<div class=\"elementor-widget-container\">\n\t\t\t\t\t\t\t\t\t<div class=\"col2 flexitem\">\n<div class=\"wrapper\">\n<div class=\"flexrow\">\n<div class=\"flexitem intro-col\">\n<p>Duinmanege Van Poelenburgh liegt am Rande des Waldes von Schoorl mit kilometerlangen Reitwegen zu den D\u00fcnen, der Heide, dem PWN-Gebiet und nat\u00fcrlich dem Strand.<\/p>\n<p><strong>Wir bieten Ihnen und Ihrem Pferd:<\/strong><\/p>\n<ul>\n<li>Ger\u00e4umige Boxen<\/li>\n<li>Drei Waschpl\u00e4tze mit Kalt- und Warmwasser<\/li>\n<li>Ein Solarium<\/li>\n<li>Eine Stufenm\u00fchle<\/li>\n<li>Lungenperle<\/li>\n<li>Eine gro\u00dfe und mehrere kleine Paddocks<\/li>\n<li>Beweidung von Mai bis Oktober<\/li>\n<li>Zwei Indoor-Bahnen (20 x 40 und 20 x 60 m)<\/li>\n<li>Zwei Au\u00dfenpl\u00e4tze: ein Dressurplatz und ein Springplatz.&nbsp;<\/li>\n<li>M\u00f6glichkeit, einen Anh\u00e4nger f\u00fcr einen Tag oder einen Teil des Tages zu mieten.<\/li>\n<li>Gruppenunterricht und Privatunterricht; Dressur und Springen auf Ihrem eigenen Niveau<\/li>\n<li>Unterricht\/Anleitung zum Longieren<\/li>\n<li>Grundlage&nbsp; &nbsp; &nbsp; &nbsp; &nbsp; &nbsp; &nbsp; &nbsp; &nbsp; &nbsp; &nbsp; &nbsp; &nbsp; &nbsp; &nbsp; &nbsp; &nbsp; &nbsp; &nbsp; &nbsp; &nbsp; &nbsp; &nbsp; &nbsp; &nbsp; &nbsp; &nbsp; &nbsp; &nbsp;&nbsp;<\/li><\/ul><\/div><\/div><\/div><\/div><div class=\"flexitem sidebar\"><div class=\"sidebar-wrapper\"><div class=\"sidebar-widget\"><\/div>\n<\/div>\n<\/div>\t\t\t\t\t\t\t\t<\/div>\n\t\t\t\t<\/div>\n\t\t\t\t\t<\/div>\n\t\t<\/div>\n\t\t\t\t<div class=\"elementor-column elementor-col-50 elementor-top-column elementor-element elementor-element-3d3f81f\" data-id=\"3d3f81f\" data-element_type=\"column\" data-e-type=\"column\">\n\t\t\t<div class=\"elementor-widget-wrap elementor-element-populated\">\n\t\t\t\t\t\t<div class=\"elementor-element elementor-element-beaebc2 elementor-widget elementor-widget-spacer\" data-id=\"beaebc2\" data-element_type=\"widget\" data-e-type=\"widget\" data-widget_type=\"spacer.default\">\n\t\t\t\t<div class=\"elementor-widget-container\">\n\t\t\t\t\t\t\t<div class=\"elementor-spacer\">\n\t\t\t<div class=\"elementor-spacer-inner\"><\/div>\n\t\t<\/div>\n\t\t\t\t\t\t<\/div>\n\t\t\t\t<\/div>\n\t\t\t\t<div class=\"elementor-element elementor-element-5818e2a elementor-widget elementor-widget-text-editor\" data-id=\"5818e2a\" data-element_type=\"widget\" data-e-type=\"widget\" data-widget_type=\"text-editor.default\">\n\t\t\t\t<div class=\"elementor-widget-container\">\n\t\t\t\t\t\t\t\t\t<div class=\"col2 flexitem\"><div class=\"wrapper\"><div class=\"flexrow\"><div class=\"flexitem intro-col\"><p>Die Pferde werden f\u00fcnfmal t\u00e4glich gef\u00fcttert: drei Kraftfutter und zwei (oder drei) Heu. Alle St\u00e4lle werden zweimal pro Woche ausgemistet und t\u00e4glich mit hochwertigem Weizenstroh belegt.<\/p><p>Dressurwettbewerbe werden jeden Monat im Reitzentrum KNHS von der Poelenburgh Horse Sports Association organisiert.<br \/>F\u00fcr mehr Informationen\u00a0<a href=\"http:\/\/www.pvpoelenburgh.nl\/\" target=\"_blank\" rel=\"noopener\">www.pvpoelenburgh.nl<\/a><\/p><p>Wie Sie sehen, bieten wir den Pferden sowohl des Freizeitreiters als auch des Turnierreiters ein gutes Zuhause,\u00a0<\/p><p>Wir laden Sie herzlich ein, unsere Unterkunft zu besichtigen. F\u00fcr weitere Informationen \u00fcber St\u00e4lle Ihres Pferdes oder Ponys k\u00f6nnen Sie jederzeit anrufen oder eine E-Mail senden.<\/p><p><a href=\"https:\/\/www.youtube.com\/watch?v=AQgnN92q7O4\" target=\"_blank\" rel=\"noopener\">Making of Video unserer Heuballen<\/a><\/p><\/div><\/div><\/div><\/div><div class=\"flexitem sidebar\"><div class=\"sidebar-wrapper\"><div class=\"sidebar-widget\">\u00a0<\/div><\/div><div class=\"sidebar-wrapper\"><div class=\"sidebar-widget\"><p>Auf unserer Instagram-Seite finden Sie aktuellere Fotos unserer Reitschule.<\/p><p><a href=\"https:\/\/www.instagram.com\/duinmanegevanpoelenburgh\/?hl=nl\" target=\"_blank\" rel=\"noopener\">Instagram<\/a><\/p><\/div><\/div><\/div>\t\t\t\t\t\t\t\t<\/div>\n\t\t\t\t<\/div>\n\t\t\t\t<div class=\"elementor-element elementor-element-d97bdf3 elementor-widget elementor-widget-image\" data-id=\"d97bdf3\" data-element_type=\"widget\" data-e-type=\"widget\" data-widget_type=\"image.default\">\n\t\t\t\t<div class=\"elementor-widget-container\">\n\t\t\t\t\t\t\t\t\t\t\t\t\t\t\t<img decoding=\"async\" data-attachment-id=\"5287\" data-permalink=\"https:\/\/poelenburgh.nl\/de\/pwn-drie-paarden\/\" data-orig-file=\"https:\/\/poelenburgh.nl\/wp-content\/uploads\/2023\/08\/pwn-drie-paarden.jpg\" data-orig-size=\"1599,758\" data-comments-opened=\"1\" data-image-meta=\"{&quot;aperture&quot;:&quot;0&quot;,&quot;credit&quot;:&quot;&quot;,&quot;camera&quot;:&quot;&quot;,&quot;caption&quot;:&quot;&quot;,&quot;created_timestamp&quot;:&quot;0&quot;,&quot;copyright&quot;:&quot;&quot;,&quot;focal_length&quot;:&quot;0&quot;,&quot;iso&quot;:&quot;0&quot;,&quot;shutter_speed&quot;:&quot;0&quot;,&quot;title&quot;:&quot;&quot;,&quot;orientation&quot;:&quot;0&quot;}\" data-image-title=\"pwn drie paarden\" data-image-description=\"\" data-image-caption=\"\" data-large-file=\"https:\/\/poelenburgh.nl\/wp-content\/uploads\/2023\/08\/pwn-drie-paarden-1024x485.jpg\" width=\"1024\" height=\"485\" src=\"https:\/\/poelenburgh.nl\/wp-content\/uploads\/2023\/08\/pwn-drie-paarden-1024x485.jpg\" class=\"attachment-large size-large wp-image-5287\" alt=\"\" srcset=\"https:\/\/poelenburgh.nl\/wp-content\/uploads\/2023\/08\/pwn-drie-paarden-1024x485.jpg 1024w, https:\/\/poelenburgh.nl\/wp-content\/uploads\/2023\/08\/pwn-drie-paarden-300x142.jpg 300w, https:\/\/poelenburgh.nl\/wp-content\/uploads\/2023\/08\/pwn-drie-paarden-768x364.jpg 768w, https:\/\/poelenburgh.nl\/wp-content\/uploads\/2023\/08\/pwn-drie-paarden-1536x728.jpg 1536w, https:\/\/poelenburgh.nl\/wp-content\/uploads\/2023\/08\/pwn-drie-paarden-18x9.jpg 18w, https:\/\/poelenburgh.nl\/wp-content\/uploads\/2023\/08\/pwn-drie-paarden-600x284.jpg 600w, https:\/\/poelenburgh.nl\/wp-content\/uploads\/2023\/08\/pwn-drie-paarden.jpg 1599w\" sizes=\"(max-width: 1024px) 100vw, 1024px\" \/>\t\t\t\t\t\t\t\t\t\t\t\t\t\t\t<\/div>\n\t\t\t\t<\/div>\n\t\t\t\t\t<\/div>\n\t\t<\/div>\n\t\t\t\t\t<\/div>\n\t\t<\/section>\n\t\t\t\t<\/div>","protected":false},"excerpt":{"rendered":"<p>Duinmanege Van Poelenburgh liegt am Rande des Schoorl-Waldes mit kilometerlangen Reitwegen zu den D\u00fcnen, der Heide, dem PWN-Gebiet und nat\u00fcrlich dem Strand. Wir bieten Ihnen und Ihrem Pferd: Ger\u00e4umige Boxen Drei Waschpl\u00e4tze mit kaltem und warmem Wasser Ein Solarium Eine F\u00fchranlage Lungerkraal Eine gro\u00dfe und mehrere kleine Paddocks Weidegang ab Mai \u2026 <\/p>","protected":false},"author":1,"featured_media":0,"parent":0,"menu_order":0,"comment_status":"closed","ping_status":"open","template":"","meta":{"_acf_changed":false,"_angie_page":false,"footnotes":""},"class_list":["post-53","page","type-page","status-publish","hentry"],"acf":[],"yoast_head":"<!-- This site is optimized with the Yoast SEO plugin v27.3 - https:\/\/yoast.com\/product\/yoast-seo-wordpress\/ -->\n<title>Pension - Duinmanege van Poelenburgh<\/title>\n<meta name=\"robots\" content=\"index, follow, max-snippet:-1, max-image-preview:large, max-video-preview:-1\" \/>\n<link rel=\"canonical\" href=\"https:\/\/poelenburgh.nl\/de\/pension\/\" \/>\n<meta property=\"og:locale\" content=\"de_DE\" \/>\n<meta property=\"og:type\" content=\"article\" \/>\n<meta property=\"og:title\" content=\"Pension - Duinmanege van Poelenburgh\" \/>\n<meta property=\"og:description\" content=\"Duinmanege Van Poelenburgh is gelegen aan de rand van het Schoorlse bos met kilometers ruiterpad richting de duinen, de hei, het PWN-gebied en natuurlijk het strand. Wij bieden jou en jouw paard: Ruime boxen Drie wasplaatsen met koud en warm water Een solarium Een stapmolen Longeerkraal E\u00e9n grote en meerdere kleine paddocks Weidegang van mei &hellip;\" \/>\n<meta property=\"og:url\" content=\"https:\/\/poelenburgh.nl\/de\/pension\/\" \/>\n<meta property=\"og:site_name\" content=\"Duinmanege van Poelenburgh\" \/>\n<meta property=\"article:publisher\" content=\"https:\/\/www.facebook.com\/duinmanege.vanpoelenburgh\" \/>\n<meta property=\"article:modified_time\" content=\"2023-08-18T13:50:25+00:00\" \/>\n<meta property=\"og:image\" content=\"https:\/\/poelenburgh.nl\/wp-content\/uploads\/2022\/06\/Poelenburgh-173-1024x683.webp\" \/>\n<meta name=\"twitter:card\" content=\"summary_large_image\" \/>\n<meta name=\"twitter:site\" content=\"@manegevanpoelen\" \/>\n<meta name=\"twitter:label1\" content=\"Gesch\u00e4tzte Lesezeit\" \/>\n\t<meta name=\"twitter:data1\" content=\"2\u00a0Minuten\" \/>\n<script type=\"application\/ld+json\" class=\"yoast-schema-graph\">{\"@context\":\"https:\\\/\\\/schema.org\",\"@graph\":[{\"@type\":\"WebPage\",\"@id\":\"https:\\\/\\\/poelenburgh.nl\\\/pension\\\/\",\"url\":\"https:\\\/\\\/poelenburgh.nl\\\/pension\\\/\",\"name\":\"Pension - Duinmanege van Poelenburgh\",\"isPartOf\":{\"@id\":\"https:\\\/\\\/poelenburgh.nl\\\/#website\"},\"primaryImageOfPage\":{\"@id\":\"https:\\\/\\\/poelenburgh.nl\\\/pension\\\/#primaryimage\"},\"image\":{\"@id\":\"https:\\\/\\\/poelenburgh.nl\\\/pension\\\/#primaryimage\"},\"thumbnailUrl\":\"https:\\\/\\\/poelenburgh.nl\\\/wp-content\\\/uploads\\\/2022\\\/06\\\/Poelenburgh-173-1024x683.webp\",\"datePublished\":\"2022-01-16T12:23:14+00:00\",\"dateModified\":\"2023-08-18T13:50:25+00:00\",\"inLanguage\":\"de\",\"potentialAction\":[{\"@type\":\"ReadAction\",\"target\":[\"https:\\\/\\\/poelenburgh.nl\\\/pension\\\/\"]}]},{\"@type\":\"ImageObject\",\"inLanguage\":\"de\",\"@id\":\"https:\\\/\\\/poelenburgh.nl\\\/pension\\\/#primaryimage\",\"url\":\"https:\\\/\\\/poelenburgh.nl\\\/wp-content\\\/uploads\\\/2022\\\/06\\\/Poelenburgh-173-1024x683.webp\",\"contentUrl\":\"https:\\\/\\\/poelenburgh.nl\\\/wp-content\\\/uploads\\\/2022\\\/06\\\/Poelenburgh-173-1024x683.webp\"},{\"@type\":\"WebSite\",\"@id\":\"https:\\\/\\\/poelenburgh.nl\\\/#website\",\"url\":\"https:\\\/\\\/poelenburgh.nl\\\/\",\"name\":\"Duinmanege van Poelenburgh\",\"description\":\"Manege &amp; Accommodatie\",\"publisher\":{\"@id\":\"https:\\\/\\\/poelenburgh.nl\\\/#organization\"},\"potentialAction\":[{\"@type\":\"SearchAction\",\"target\":{\"@type\":\"EntryPoint\",\"urlTemplate\":\"https:\\\/\\\/poelenburgh.nl\\\/?s={search_term_string}\"},\"query-input\":{\"@type\":\"PropertyValueSpecification\",\"valueRequired\":true,\"valueName\":\"search_term_string\"}}],\"inLanguage\":\"de\"},{\"@type\":\"Organization\",\"@id\":\"https:\\\/\\\/poelenburgh.nl\\\/#organization\",\"name\":\"Duinmanege van Poelenburgh\",\"url\":\"https:\\\/\\\/poelenburgh.nl\\\/\",\"logo\":{\"@type\":\"ImageObject\",\"inLanguage\":\"de\",\"@id\":\"https:\\\/\\\/poelenburgh.nl\\\/#\\\/schema\\\/logo\\\/image\\\/\",\"url\":\"https:\\\/\\\/poelenburgh.nl\\\/wp-content\\\/uploads\\\/2022\\\/01\\\/Logo-Duinmanege-Boelenburgh1.png\",\"contentUrl\":\"https:\\\/\\\/poelenburgh.nl\\\/wp-content\\\/uploads\\\/2022\\\/01\\\/Logo-Duinmanege-Boelenburgh1.png\",\"width\":2788,\"height\":758,\"caption\":\"Duinmanege van Poelenburgh\"},\"image\":{\"@id\":\"https:\\\/\\\/poelenburgh.nl\\\/#\\\/schema\\\/logo\\\/image\\\/\"},\"sameAs\":[\"https:\\\/\\\/www.facebook.com\\\/duinmanege.vanpoelenburgh\",\"https:\\\/\\\/x.com\\\/manegevanpoelen\",\"https:\\\/\\\/www.instagram.com\\\/duinmanegevanpoelenburgh\\\/\",\"https:\\\/\\\/www.youtube.com\\\/channel\\\/UCOuMgw5JmJxuTR_pW4IK9qQ\"]}]}<\/script>\n<!-- \/ Yoast SEO plugin. -->","yoast_head_json":{"title":"Pension - Duinmanege van Poelenburgh","robots":{"index":"index","follow":"follow","max-snippet":"max-snippet:-1","max-image-preview":"max-image-preview:large","max-video-preview":"max-video-preview:-1"},"canonical":"https:\/\/poelenburgh.nl\/de\/pension\/","og_locale":"de_DE","og_type":"article","og_title":"Pension - Duinmanege van Poelenburgh","og_description":"Duinmanege Van Poelenburgh is gelegen aan de rand van het Schoorlse bos met kilometers ruiterpad richting de duinen, de hei, het PWN-gebied en natuurlijk het strand. Wij bieden jou en jouw paard: Ruime boxen Drie wasplaatsen met koud en warm water Een solarium Een stapmolen Longeerkraal E\u00e9n grote en meerdere kleine paddocks Weidegang van mei &hellip;","og_url":"https:\/\/poelenburgh.nl\/de\/pension\/","og_site_name":"Duinmanege van Poelenburgh","article_publisher":"https:\/\/www.facebook.com\/duinmanege.vanpoelenburgh","article_modified_time":"2023-08-18T13:50:25+00:00","og_image":[{"url":"https:\/\/poelenburgh.nl\/wp-content\/uploads\/2022\/06\/Poelenburgh-173-1024x683.webp","type":"","width":"","height":""}],"twitter_card":"summary_large_image","twitter_site":"@manegevanpoelen","twitter_misc":{"Gesch\u00e4tzte Lesezeit":"2\u00a0Minuten"},"schema":{"@context":"https:\/\/schema.org","@graph":[{"@type":"WebPage","@id":"https:\/\/poelenburgh.nl\/pension\/","url":"https:\/\/poelenburgh.nl\/pension\/","name":"Pension - Duinmanege van Poelenburgh","isPartOf":{"@id":"https:\/\/poelenburgh.nl\/#website"},"primaryImageOfPage":{"@id":"https:\/\/poelenburgh.nl\/pension\/#primaryimage"},"image":{"@id":"https:\/\/poelenburgh.nl\/pension\/#primaryimage"},"thumbnailUrl":"https:\/\/poelenburgh.nl\/wp-content\/uploads\/2022\/06\/Poelenburgh-173-1024x683.webp","datePublished":"2022-01-16T12:23:14+00:00","dateModified":"2023-08-18T13:50:25+00:00","inLanguage":"de","potentialAction":[{"@type":"ReadAction","target":["https:\/\/poelenburgh.nl\/pension\/"]}]},{"@type":"ImageObject","inLanguage":"de","@id":"https:\/\/poelenburgh.nl\/pension\/#primaryimage","url":"https:\/\/poelenburgh.nl\/wp-content\/uploads\/2022\/06\/Poelenburgh-173-1024x683.webp","contentUrl":"https:\/\/poelenburgh.nl\/wp-content\/uploads\/2022\/06\/Poelenburgh-173-1024x683.webp"},{"@type":"WebSite","@id":"https:\/\/poelenburgh.nl\/#website","url":"https:\/\/poelenburgh.nl\/","name":"D\u00fcnenreitschule von Poelenburgh","description":"Reitschule &amp; Unterkunft","publisher":{"@id":"https:\/\/poelenburgh.nl\/#organization"},"potentialAction":[{"@type":"SearchAction","target":{"@type":"EntryPoint","urlTemplate":"https:\/\/poelenburgh.nl\/?s={search_term_string}"},"query-input":{"@type":"PropertyValueSpecification","valueRequired":true,"valueName":"search_term_string"}}],"inLanguage":"de"},{"@type":"Organization","@id":"https:\/\/poelenburgh.nl\/#organization","name":"D\u00fcnenreitschule von Poelenburgh","url":"https:\/\/poelenburgh.nl\/","logo":{"@type":"ImageObject","inLanguage":"de","@id":"https:\/\/poelenburgh.nl\/#\/schema\/logo\/image\/","url":"https:\/\/poelenburgh.nl\/wp-content\/uploads\/2022\/01\/Logo-Duinmanege-Boelenburgh1.png","contentUrl":"https:\/\/poelenburgh.nl\/wp-content\/uploads\/2022\/01\/Logo-Duinmanege-Boelenburgh1.png","width":2788,"height":758,"caption":"Duinmanege van Poelenburgh"},"image":{"@id":"https:\/\/poelenburgh.nl\/#\/schema\/logo\/image\/"},"sameAs":["https:\/\/www.facebook.com\/duinmanege.vanpoelenburgh","https:\/\/x.com\/manegevanpoelen","https:\/\/www.instagram.com\/duinmanegevanpoelenburgh\/","https:\/\/www.youtube.com\/channel\/UCOuMgw5JmJxuTR_pW4IK9qQ"]}]}},"jetpack-related-posts":[],"jetpack_sharing_enabled":true,"_links":{"self":[{"href":"https:\/\/poelenburgh.nl\/de\/wp-json\/wp\/v2\/pages\/53","targetHints":{"allow":["GET"]}}],"collection":[{"href":"https:\/\/poelenburgh.nl\/de\/wp-json\/wp\/v2\/pages"}],"about":[{"href":"https:\/\/poelenburgh.nl\/de\/wp-json\/wp\/v2\/types\/page"}],"author":[{"embeddable":true,"href":"https:\/\/poelenburgh.nl\/de\/wp-json\/wp\/v2\/users\/1"}],"replies":[{"embeddable":true,"href":"https:\/\/poelenburgh.nl\/de\/wp-json\/wp\/v2\/comments?post=53"}],"version-history":[{"count":13,"href":"https:\/\/poelenburgh.nl\/de\/wp-json\/wp\/v2\/pages\/53\/revisions"}],"predecessor-version":[{"id":5413,"href":"https:\/\/poelenburgh.nl\/de\/wp-json\/wp\/v2\/pages\/53\/revisions\/5413"}],"wp:attachment":[{"href":"https:\/\/poelenburgh.nl\/de\/wp-json\/wp\/v2\/media?parent=53"}],"curies":[{"name":"wp","href":"https:\/\/api.w.org\/{rel}","templated":true}]}}