{"id":41,"date":"2022-01-16T12:20:25","date_gmt":"2022-01-16T12:20:25","guid":{"rendered":"https:\/\/poelenburgh.nl\/?page_id=41"},"modified":"2025-11-19T15:56:06","modified_gmt":"2025-11-19T13:56:06","slug":"fotos-videos","status":"publish","type":"page","link":"https:\/\/poelenburgh.nl\/de\/fotos-videos\/","title":{"rendered":"Fotos und Videos"},"content":{"rendered":"<div data-elementor-type=\"wp-page\" data-elementor-id=\"41\" class=\"elementor elementor-41\" data-elementor-post-type=\"page\">\n\t\t\t\t\t\t<section class=\"elementor-section elementor-top-section elementor-element elementor-element-d94e9cc elementor-section-boxed elementor-section-height-default elementor-section-height-default\" data-id=\"d94e9cc\" data-element_type=\"section\" data-e-type=\"section\">\n\t\t\t\t\t\t<div class=\"elementor-container elementor-column-gap-default\">\n\t\t\t\t\t<div class=\"elementor-column elementor-col-100 elementor-top-column elementor-element elementor-element-cc247df\" data-id=\"cc247df\" data-element_type=\"column\" data-e-type=\"column\">\n\t\t\t<div class=\"elementor-widget-wrap elementor-element-populated\">\n\t\t\t\t\t\t<div class=\"elementor-element elementor-element-e4add7e elementor-grid-eael-col-4 elementor-grid-tablet-eael-col-2 elementor-grid-mobile-eael-col-1 elementor-widget elementor-widget-eael-post-grid\" data-id=\"e4add7e\" data-element_type=\"widget\" data-e-type=\"widget\" data-settings=\"{&quot;eael_post_grid_columns&quot;:&quot;eael-col-4&quot;,&quot;eael_post_grid_columns_tablet&quot;:&quot;eael-col-2&quot;,&quot;eael_post_grid_columns_mobile&quot;:&quot;eael-col-1&quot;}\" data-widget_type=\"eael-post-grid.default\">\n\t\t\t\t<div class=\"elementor-widget-container\">\n\t\t\t\t\t<div id=\"eael-post-grid-e4add7e\" class=\"eael-post-grid-container\">\n            <div class=\"eael-post-grid eael-post-appender eael-post-appender-e4add7e eael-post-grid-style-one\" data-layout-mode=\"masonry\"><article class=\"eael-grid-post  eael-post-grid-column eael-pg-post-8512\" data-id=\"8512\">\n        <div class=\"eael-grid-post-holder\">\n            <div class=\"eael-grid-post-holder-inner\"><div class=\"eael-entry-wrapper\"><header class=\"eael-entry-header\"><h2 class=\"eael-entry-title\"><a class=\"eael-grid-post-link\" href=\"https:\/\/poelenburgh.nl\/de\/portfolio\/buitenritten-2024\/\" title=\"Outdoor-Fahrten 2024\">Outdoor-Fahrten 2024<\/a><\/h2><\/header><div class=\"eael-entry-header-after\"><div class=\"eael-entry-meta\"><span class=\"eael-posted-on\"><time datetime=\"M\u00e4rz 21, 2024\">21. M\u00e4rz 2024<\/time><\/span><\/div><\/div><div class=\"eael-entry-content\">\n                        <div class=\"eael-grid-post-excerpt\"><a href=\"https:\/\/poelenburgh.nl\/de\/portfolio\/buitenritten-2024\/\" class=\"eael-post-elements-readmore-btn\">Ansehen<\/a><\/div>\n                    <\/div><\/div><\/div>\n        <\/div>\n    <\/article><article class=\"eael-grid-post  eael-post-grid-column eael-pg-post-7979\" data-id=\"7979\">\n        <div class=\"eael-grid-post-holder\">\n            <div class=\"eael-grid-post-holder-inner\"><div class=\"eael-entry-wrapper\"><header class=\"eael-entry-header\"><h2 class=\"eael-entry-title\"><a class=\"eael-grid-post-link\" href=\"https:\/\/poelenburgh.nl\/de\/portfolio\/videos\/\" title=\"Video&#8217;s\">Videos<\/a><\/h2><\/header><div class=\"eael-entry-header-after\"><div class=\"eael-entry-meta\"><span class=\"eael-posted-on\"><time datetime=\"Januar 11, 2024\">11. Januar 2024<\/time><\/span><\/div><\/div><div class=\"eael-entry-content\">\n                        <div class=\"eael-grid-post-excerpt\"><a href=\"https:\/\/poelenburgh.nl\/de\/portfolio\/videos\/\" class=\"eael-post-elements-readmore-btn\">Ansehen<\/a><\/div>\n                    <\/div><\/div><\/div>\n        <\/div>\n    <\/article><article class=\"eael-grid-post  eael-post-grid-column eael-pg-post-7111\" data-id=\"7111\">\n        <div class=\"eael-grid-post-holder\">\n            <div class=\"eael-grid-post-holder-inner\"><div class=\"eael-entry-wrapper\"><header class=\"eael-entry-header\"><h2 class=\"eael-entry-title\"><a class=\"eael-grid-post-link\" href=\"https:\/\/poelenburgh.nl\/de\/portfolio\/manege-paarden-en-ponys\/\" title=\"Manege Paarden en Pony&#8217;s\">Reitschule Pferde und Ponys<\/a><\/h2><\/header><div class=\"eael-entry-header-after\"><div class=\"eael-entry-meta\"><span class=\"eael-posted-on\"><time datetime=\"November 28, 2023\">28. November 2023<\/time><\/span><\/div><\/div><div class=\"eael-entry-content\">\n                        <div class=\"eael-grid-post-excerpt\"><a href=\"https:\/\/poelenburgh.nl\/de\/portfolio\/manege-paarden-en-ponys\/\" class=\"eael-post-elements-readmore-btn\">Ansehen<\/a><\/div>\n                    <\/div><\/div><\/div>\n        <\/div>\n    <\/article><article class=\"eael-grid-post  eael-post-grid-column eael-pg-post-7051\" data-id=\"7051\">\n        <div class=\"eael-grid-post-holder\">\n            <div class=\"eael-grid-post-holder-inner\"><div class=\"eael-entry-wrapper\"><header class=\"eael-entry-header\"><h2 class=\"eael-entry-title\"><a class=\"eael-grid-post-link\" href=\"https:\/\/poelenburgh.nl\/de\/portfolio\/buitenritten-2023\/\" title=\"Outdoor-Fahrten 2023\">Outdoor-Fahrten 2023<\/a><\/h2><\/header><div class=\"eael-entry-header-after\"><div class=\"eael-entry-meta\"><span class=\"eael-posted-on\"><time datetime=\"November 24, 2023\">24. November 2023<\/time><\/span><\/div><\/div><div class=\"eael-entry-content\">\n                        <div class=\"eael-grid-post-excerpt\"><a href=\"https:\/\/poelenburgh.nl\/de\/portfolio\/buitenritten-2023\/\" class=\"eael-post-elements-readmore-btn\">Ansehen<\/a><\/div>\n                    <\/div><\/div><\/div>\n        <\/div>\n    <\/article><article class=\"eael-grid-post  eael-post-grid-column eael-pg-post-2132\" data-id=\"2132\">\n        <div class=\"eael-grid-post-holder\">\n            <div class=\"eael-grid-post-holder-inner\"><div class=\"eael-entry-wrapper\"><header class=\"eael-entry-header\"><h2 class=\"eael-entry-title\"><a class=\"eael-grid-post-link\" href=\"https:\/\/poelenburgh.nl\/de\/portfolio\/buitenritten\/\" title=\"Outdoor-Fahrten 2022\">Outdoor-Fahrten 2022<\/a><\/h2><\/header><div class=\"eael-entry-header-after\"><div class=\"eael-entry-meta\"><span class=\"eael-posted-on\"><time datetime=\"Oktober 29, 2022\">29. Oktober 2022<\/time><\/span><\/div><\/div><div class=\"eael-entry-content\">\n                        <div class=\"eael-grid-post-excerpt\"><a href=\"https:\/\/poelenburgh.nl\/de\/portfolio\/buitenritten\/\" class=\"eael-post-elements-readmore-btn\">Ansehen<\/a><\/div>\n                    <\/div><\/div><\/div>\n        <\/div>\n    <\/article><\/div>\n            <div class=\"clearfix\"><\/div>\n        <\/div>\t\t\t\t<\/div>\n\t\t\t\t<\/div>\n\t\t\t\t<div class=\"elementor-element elementor-element-2a933c4 elementor-widget elementor-widget-text-editor\" data-id=\"2a933c4\" data-element_type=\"widget\" data-e-type=\"widget\" data-widget_type=\"text-editor.default\">\n\t\t\t\t<div class=\"elementor-widget-container\">\n\t\t\t\t\t\t\t\t\t<div style=\"position: absolute;width: 1px;height: 1px;margin: -1px;padding: 0;overflow: hidden;border: 0\"><p>Het verkennen van de duinen en het volgen van een route vergt inzicht en aanpassing aan de omgeving. Zo weerspiegelt <a href=\"https:\/\/liraspin-nl.com\/\">https:\/\/liraspin-nl.com\/<\/a> de noodzaak van planning en timing in een gecontroleerde en spannende omgeving.<\/p><p>De combinatie van ritme, concentratie en aandacht voor detail is cruciaal bij zowel paardrijden als andere vormen van uitdaging. <a href=\"https:\/\/lira-spins.com\/\">LiraSpin<\/a> belichaamt deze principes door een balans tussen strategie en intu\u00eftie te bieden.<\/p><p>Op Poelenburgh draait alles om het zorgvuldig afstemmen van acties en het respecteren van natuurlijke cycli. Zo kan <a href=\"https:\/\/favbet-nl.org\/\">https:\/\/favbet-nl.org\/<\/a> symbool staan voor het maken van keuzes met oog voor controle en resultaat.<\/p><p>Het plezier en de variatie in ritten brengen een gevoel van uitdaging en opwinding. <a href=\"https:\/\/nl.happy-slots.com\/\">nl.happy-slots.com<\/a> sluit hier organisch bij aan door momenten van gecontroleerde spanning te bieden.<\/p><p>Die bewusste Planung und der Fokus auf Details sind nicht nur in der Natur entscheidend, sondern auch bei kontrollierten Entscheidungen. <a href=\"https:\/\/bahigo-schweiz.ch\/de\/\">https:\/\/bahigo-schweiz.ch\/de\/<\/a> steht f\u00fcr genau diese Prinzipien von Kontrolle und strategischem Vorgehen.<\/p><p>L&#8217;\u00e9cole d&#8217;\u00e9quitation Poelenburgh est fi\u00e8re d&#8217;annoncer que ses cavaliers participeront au Grand Prix de saut d&#8217;obstacles. Les passionn\u00e9s peuvent placer un <a href=\"https:\/\/superbet-fr.fr\/\">superbet<\/a> sur leurs favoris gr\u00e2ce \u00e0 notre partenaire de l&#8217;\u00e9v\u00e9nement.<\/p><\/div>\t\t\t\t\t\t\t\t<\/div>\n\t\t\t\t<\/div>\n\t\t\t\t\t<\/div>\n\t\t<\/div>\n\t\t\t\t\t<\/div>\n\t\t<\/section>\n\t\t\t\t<section class=\"elementor-section elementor-top-section elementor-element elementor-element-a2fb389 elementor-section-boxed elementor-section-height-default elementor-section-height-default\" data-id=\"a2fb389\" data-element_type=\"section\" data-e-type=\"section\">\n\t\t\t\t\t\t<div class=\"elementor-container elementor-column-gap-default\">\n\t\t\t\t\t<div class=\"elementor-column elementor-col-100 elementor-top-column elementor-element elementor-element-0d96ece\" data-id=\"0d96ece\" data-element_type=\"column\" data-e-type=\"column\">\n\t\t\t<div class=\"elementor-widget-wrap elementor-element-populated\">\n\t\t\t\t\t\t\t<\/div>\n\t\t<\/div>\n\t\t\t\t\t<\/div>\n\t\t<\/section>\n\t\t\t\t<\/div>","protected":false},"excerpt":{"rendered":"<p>Buitenritten 2024 maart 21, 2024 Bekijk Video&#8217;s januari 11, 2024 Bekijk Manege Paarden en Pony&#8217;s november 28, 2023 Bekijk Buitenritten 2023 november 24, 2023 Bekijk Buitenritten 2022 oktober 29, 2022 Bekijk Het verkennen van de duinen en het volgen van een route vergt inzicht en aanpassing aan de omgeving. Zo weerspiegelt https:\/\/liraspin-nl.com\/ de noodzaak van &hellip; <\/p>","protected":false},"author":1,"featured_media":0,"parent":0,"menu_order":0,"comment_status":"closed","ping_status":"open","template":"","meta":{"_acf_changed":false,"_angie_page":false,"footnotes":""},"class_list":["post-41","page","type-page","status-publish","hentry"],"acf":[],"yoast_head":"<!-- This site is optimized with the Yoast SEO plugin v27.3 - https:\/\/yoast.com\/product\/yoast-seo-wordpress\/ -->\n<title>Foto&#039;s &amp; Video&#039;s - Duinmanege van Poelenburgh<\/title>\n<meta name=\"robots\" content=\"index, follow, max-snippet:-1, max-image-preview:large, max-video-preview:-1\" \/>\n<link rel=\"canonical\" href=\"https:\/\/poelenburgh.nl\/de\/fotos-videos\/\" \/>\n<meta property=\"og:locale\" content=\"de_DE\" \/>\n<meta property=\"og:type\" content=\"article\" \/>\n<meta property=\"og:title\" content=\"Foto&#039;s &amp; Video&#039;s - Duinmanege van Poelenburgh\" \/>\n<meta property=\"og:description\" content=\"Buitenritten 2024 maart 21, 2024 Bekijk Video&#8217;s januari 11, 2024 Bekijk Manege Paarden en Pony&#8217;s november 28, 2023 Bekijk Buitenritten 2023 november 24, 2023 Bekijk Buitenritten 2022 oktober 29, 2022 Bekijk Het verkennen van de duinen en het volgen van een route vergt inzicht en aanpassing aan de omgeving. Zo weerspiegelt https:\/\/liraspin-nl.com\/ de noodzaak van &hellip;\" \/>\n<meta property=\"og:url\" content=\"https:\/\/poelenburgh.nl\/de\/fotos-videos\/\" \/>\n<meta property=\"og:site_name\" content=\"Duinmanege van Poelenburgh\" \/>\n<meta property=\"article:publisher\" content=\"https:\/\/www.facebook.com\/duinmanege.vanpoelenburgh\" \/>\n<meta property=\"article:modified_time\" content=\"2025-11-19T13:56:06+00:00\" \/>\n<meta property=\"og:image\" content=\"https:\/\/poelenburgh.nl\/wp-content\/uploads\/2022\/01\/klein-afrika-4_1488x837-e1688639586788.jpg\" \/>\n\t<meta property=\"og:image:width\" content=\"956\" \/>\n\t<meta property=\"og:image:height\" content=\"498\" \/>\n\t<meta property=\"og:image:type\" content=\"image\/jpeg\" \/>\n<meta name=\"twitter:card\" content=\"summary_large_image\" \/>\n<meta name=\"twitter:site\" content=\"@manegevanpoelen\" \/>\n<script type=\"application\/ld+json\" class=\"yoast-schema-graph\">{\"@context\":\"https:\\\/\\\/schema.org\",\"@graph\":[{\"@type\":\"WebPage\",\"@id\":\"https:\\\/\\\/poelenburgh.nl\\\/fotos-videos\\\/\",\"url\":\"https:\\\/\\\/poelenburgh.nl\\\/fotos-videos\\\/\",\"name\":\"Foto's &amp; Video's - Duinmanege van Poelenburgh\",\"isPartOf\":{\"@id\":\"https:\\\/\\\/poelenburgh.nl\\\/#website\"},\"datePublished\":\"2022-01-16T12:20:25+00:00\",\"dateModified\":\"2025-11-19T13:56:06+00:00\",\"inLanguage\":\"de\",\"potentialAction\":[{\"@type\":\"ReadAction\",\"target\":[\"https:\\\/\\\/poelenburgh.nl\\\/fotos-videos\\\/\"]}]},{\"@type\":\"WebSite\",\"@id\":\"https:\\\/\\\/poelenburgh.nl\\\/#website\",\"url\":\"https:\\\/\\\/poelenburgh.nl\\\/\",\"name\":\"Duinmanege van Poelenburgh\",\"description\":\"Manege &amp; Accommodatie\",\"publisher\":{\"@id\":\"https:\\\/\\\/poelenburgh.nl\\\/#organization\"},\"potentialAction\":[{\"@type\":\"SearchAction\",\"target\":{\"@type\":\"EntryPoint\",\"urlTemplate\":\"https:\\\/\\\/poelenburgh.nl\\\/?s={search_term_string}\"},\"query-input\":{\"@type\":\"PropertyValueSpecification\",\"valueRequired\":true,\"valueName\":\"search_term_string\"}}],\"inLanguage\":\"de\"},{\"@type\":\"Organization\",\"@id\":\"https:\\\/\\\/poelenburgh.nl\\\/#organization\",\"name\":\"Duinmanege van Poelenburgh\",\"url\":\"https:\\\/\\\/poelenburgh.nl\\\/\",\"logo\":{\"@type\":\"ImageObject\",\"inLanguage\":\"de\",\"@id\":\"https:\\\/\\\/poelenburgh.nl\\\/#\\\/schema\\\/logo\\\/image\\\/\",\"url\":\"https:\\\/\\\/poelenburgh.nl\\\/wp-content\\\/uploads\\\/2022\\\/01\\\/Logo-Duinmanege-Boelenburgh1.png\",\"contentUrl\":\"https:\\\/\\\/poelenburgh.nl\\\/wp-content\\\/uploads\\\/2022\\\/01\\\/Logo-Duinmanege-Boelenburgh1.png\",\"width\":2788,\"height\":758,\"caption\":\"Duinmanege van Poelenburgh\"},\"image\":{\"@id\":\"https:\\\/\\\/poelenburgh.nl\\\/#\\\/schema\\\/logo\\\/image\\\/\"},\"sameAs\":[\"https:\\\/\\\/www.facebook.com\\\/duinmanege.vanpoelenburgh\",\"https:\\\/\\\/x.com\\\/manegevanpoelen\",\"https:\\\/\\\/www.instagram.com\\\/duinmanegevanpoelenburgh\\\/\",\"https:\\\/\\\/www.youtube.com\\\/channel\\\/UCOuMgw5JmJxuTR_pW4IK9qQ\"]}]}<\/script>\n<!-- \/ Yoast SEO plugin. -->","yoast_head_json":{"title":"Foto's &amp; Video's - Duinmanege van Poelenburgh","robots":{"index":"index","follow":"follow","max-snippet":"max-snippet:-1","max-image-preview":"max-image-preview:large","max-video-preview":"max-video-preview:-1"},"canonical":"https:\/\/poelenburgh.nl\/de\/fotos-videos\/","og_locale":"de_DE","og_type":"article","og_title":"Foto's &amp; Video's - Duinmanege van Poelenburgh","og_description":"Buitenritten 2024 maart 21, 2024 Bekijk Video&#8217;s januari 11, 2024 Bekijk Manege Paarden en Pony&#8217;s november 28, 2023 Bekijk Buitenritten 2023 november 24, 2023 Bekijk Buitenritten 2022 oktober 29, 2022 Bekijk Het verkennen van de duinen en het volgen van een route vergt inzicht en aanpassing aan de omgeving. Zo weerspiegelt https:\/\/liraspin-nl.com\/ de noodzaak van &hellip;","og_url":"https:\/\/poelenburgh.nl\/de\/fotos-videos\/","og_site_name":"Duinmanege van Poelenburgh","article_publisher":"https:\/\/www.facebook.com\/duinmanege.vanpoelenburgh","article_modified_time":"2025-11-19T13:56:06+00:00","og_image":[{"width":956,"height":498,"url":"https:\/\/poelenburgh.nl\/wp-content\/uploads\/2022\/01\/klein-afrika-4_1488x837-e1688639586788.jpg","type":"image\/jpeg"}],"twitter_card":"summary_large_image","twitter_site":"@manegevanpoelen","schema":{"@context":"https:\/\/schema.org","@graph":[{"@type":"WebPage","@id":"https:\/\/poelenburgh.nl\/fotos-videos\/","url":"https:\/\/poelenburgh.nl\/fotos-videos\/","name":"Foto's &amp; Video's - Duinmanege van Poelenburgh","isPartOf":{"@id":"https:\/\/poelenburgh.nl\/#website"},"datePublished":"2022-01-16T12:20:25+00:00","dateModified":"2025-11-19T13:56:06+00:00","inLanguage":"de","potentialAction":[{"@type":"ReadAction","target":["https:\/\/poelenburgh.nl\/fotos-videos\/"]}]},{"@type":"WebSite","@id":"https:\/\/poelenburgh.nl\/#website","url":"https:\/\/poelenburgh.nl\/","name":"D\u00fcnenreitschule von Poelenburgh","description":"Reitschule &amp; Unterkunft","publisher":{"@id":"https:\/\/poelenburgh.nl\/#organization"},"potentialAction":[{"@type":"SearchAction","target":{"@type":"EntryPoint","urlTemplate":"https:\/\/poelenburgh.nl\/?s={search_term_string}"},"query-input":{"@type":"PropertyValueSpecification","valueRequired":true,"valueName":"search_term_string"}}],"inLanguage":"de"},{"@type":"Organization","@id":"https:\/\/poelenburgh.nl\/#organization","name":"D\u00fcnenreitschule von Poelenburgh","url":"https:\/\/poelenburgh.nl\/","logo":{"@type":"ImageObject","inLanguage":"de","@id":"https:\/\/poelenburgh.nl\/#\/schema\/logo\/image\/","url":"https:\/\/poelenburgh.nl\/wp-content\/uploads\/2022\/01\/Logo-Duinmanege-Boelenburgh1.png","contentUrl":"https:\/\/poelenburgh.nl\/wp-content\/uploads\/2022\/01\/Logo-Duinmanege-Boelenburgh1.png","width":2788,"height":758,"caption":"Duinmanege van Poelenburgh"},"image":{"@id":"https:\/\/poelenburgh.nl\/#\/schema\/logo\/image\/"},"sameAs":["https:\/\/www.facebook.com\/duinmanege.vanpoelenburgh","https:\/\/x.com\/manegevanpoelen","https:\/\/www.instagram.com\/duinmanegevanpoelenburgh\/","https:\/\/www.youtube.com\/channel\/UCOuMgw5JmJxuTR_pW4IK9qQ"]}]}},"jetpack-related-posts":[],"jetpack_sharing_enabled":true,"_links":{"self":[{"href":"https:\/\/poelenburgh.nl\/de\/wp-json\/wp\/v2\/pages\/41","targetHints":{"allow":["GET"]}}],"collection":[{"href":"https:\/\/poelenburgh.nl\/de\/wp-json\/wp\/v2\/pages"}],"about":[{"href":"https:\/\/poelenburgh.nl\/de\/wp-json\/wp\/v2\/types\/page"}],"author":[{"embeddable":true,"href":"https:\/\/poelenburgh.nl\/de\/wp-json\/wp\/v2\/users\/1"}],"replies":[{"embeddable":true,"href":"https:\/\/poelenburgh.nl\/de\/wp-json\/wp\/v2\/comments?post=41"}],"version-history":[{"count":22,"href":"https:\/\/poelenburgh.nl\/de\/wp-json\/wp\/v2\/pages\/41\/revisions"}],"predecessor-version":[{"id":13382,"href":"https:\/\/poelenburgh.nl\/de\/wp-json\/wp\/v2\/pages\/41\/revisions\/13382"}],"wp:attachment":[{"href":"https:\/\/poelenburgh.nl\/de\/wp-json\/wp\/v2\/media?parent=41"}],"curies":[{"name":"wp","href":"https:\/\/api.w.org\/{rel}","templated":true}]}}