{"id":280,"date":"2022-02-16T10:38:31","date_gmt":"2022-02-16T10:38:31","guid":{"rendered":"https:\/\/poelenburgh.nl\/?page_id=280"},"modified":"2022-02-20T10:09:00","modified_gmt":"2022-02-20T10:09:00","slug":"zincaro-coaching-met-paarden","status":"publish","type":"page","link":"https:\/\/poelenburgh.nl\/de\/zincaro-coaching-met-paarden\/","title":{"rendered":"Zincaro \u2013 Coaching mit Pferden"},"content":{"rendered":"<div data-elementor-type=\"wp-page\" data-elementor-id=\"280\" class=\"elementor elementor-280\" data-elementor-post-type=\"page\">\n\t\t\t\t\t\t<section class=\"elementor-section elementor-top-section elementor-element elementor-element-8d51367 elementor-section-boxed elementor-section-height-default elementor-section-height-default\" data-id=\"8d51367\" data-element_type=\"section\" data-e-type=\"section\">\n\t\t\t\t\t\t<div class=\"elementor-container elementor-column-gap-default\">\n\t\t\t\t\t<div class=\"elementor-column elementor-col-50 elementor-top-column elementor-element elementor-element-bd983d9\" data-id=\"bd983d9\" data-element_type=\"column\" data-e-type=\"column\">\n\t\t\t<div class=\"elementor-widget-wrap elementor-element-populated\">\n\t\t\t\t\t\t<div class=\"elementor-element elementor-element-eb5af02 elementor-widget elementor-widget-text-editor\" data-id=\"eb5af02\" data-element_type=\"widget\" data-e-type=\"widget\" data-widget_type=\"text-editor.default\">\n\t\t\t\t<div class=\"elementor-widget-container\">\n\t\t\t\t\t\t\t\t\t<p>Wir arbeiten mit Zincaro Coaching zusammen.<br \/>Die folgenden Pakete k\u00f6nnen in Kombination mit unserer sch\u00f6nen Unterkunft gebucht werden.<\/p><ul><li id=\"menu-item-5954\"><u><a href=\"https:\/\/zincaro.nl\/arrangementen-3-dagen\/\">Pakete \u2013 3 Tage<\/a><\/u><\/li><li id=\"menu-item-5955\"><u><a href=\"https:\/\/zincaro.nl\/arrangementen-2-dagen\/\">Pakete \u2013 2 Tage<\/a><\/u><\/li><li id=\"menu-item-5947\"><u><a href=\"https:\/\/zincaro.nl\/arrangementen-1-dag\/\">Pakete \u2013 1 Tag<\/a><\/u><\/li><\/ul>\t\t\t\t\t\t\t\t<\/div>\n\t\t\t\t<\/div>\n\t\t\t\t<div class=\"elementor-element elementor-element-77a886b elementor-widget elementor-widget-heading\" data-id=\"77a886b\" data-element_type=\"widget\" data-e-type=\"widget\" data-widget_type=\"heading.default\">\n\t\t\t\t<div class=\"elementor-widget-container\">\n\t\t\t\t\t<h4 class=\"elementor-heading-title elementor-size-default\">Einf\u00fchren... <\/h4>\t\t\t\t<\/div>\n\t\t\t\t<\/div>\n\t\t\t\t<div class=\"elementor-element elementor-element-0699666 elementor-widget elementor-widget-text-editor\" data-id=\"0699666\" data-element_type=\"widget\" data-e-type=\"widget\" data-widget_type=\"text-editor.default\">\n\t\t\t\t<div class=\"elementor-widget-container\">\n\t\t\t\t\t\t\t\t\t<p>Hallo zusammen,\u00a0<br \/>Ich bin Caroline D\u00fcne. Nach Abschluss meiner HBO SPH-Ausbildung war ich die letzten 25 Jahre im Assistance-Bereich t\u00e4tig. In denen ich Kinder, Jugendliche, ihre Eltern und Kollegen als Seniorengruppenleiterin und als Pflegehelferin begleitete. Neben meiner Arbeit habe ich zwei Jahre Management studiert, mein Sportmassage-Diplom gemacht und nat\u00fcrlich meine Ausbildung zum Pferdetrainer. Vor sieben Jahren hatte die Ausbildung zum Pferdetrainer gerade erst begonnen.<br \/>Seit sechs Jahren gebe ich F\u00fchrungstraining, Einzel- und Gruppencoaching mit Pferden. Ich habe viele Kinder und Erwachsene, darunter auch viele Manager und Studenten der Sozialp\u00e4dagogik, in der Pferdebox f\u00fchren d\u00fcrfen. Jeden Tag bin ich \u00fcberrascht von der Kraft der Spiegelung von Pferden.<\/p>\t\t\t\t\t\t\t\t<\/div>\n\t\t\t\t<\/div>\n\t\t\t\t<div class=\"elementor-element elementor-element-1e03cec elementor-widget elementor-widget-text-editor\" data-id=\"1e03cec\" data-element_type=\"widget\" data-e-type=\"widget\" data-widget_type=\"text-editor.default\">\n\t\t\t\t<div class=\"elementor-widget-container\">\n\t\t\t\t\t\t\t\t\t<div><span style=\"color: var( --e-global-color-text ); font-family: var( --e-global-typography-text-font-family ), Sans-serif; font-weight: var( --e-global-typography-text-font-weight );\">F\u00fcr weitere Informationen klicken Sie hier:\u00a0<\/span><a style=\"font-family: var( --e-global-typography-text-font-family ), Sans-serif; font-weight: var( --e-global-typography-text-font-weight );\" href=\"https:\/\/zincaro.nl\/#\">https:\/\/zincaro.nl\/<\/a><\/div><p>\u00a0<\/p>\t\t\t\t\t\t\t\t<\/div>\n\t\t\t\t<\/div>\n\t\t\t\t\t<\/div>\n\t\t<\/div>\n\t\t\t\t<div class=\"elementor-column elementor-col-50 elementor-top-column elementor-element elementor-element-2fdfd84\" data-id=\"2fdfd84\" data-element_type=\"column\" data-e-type=\"column\">\n\t\t\t<div class=\"elementor-widget-wrap elementor-element-populated\">\n\t\t\t\t\t\t<div class=\"elementor-element elementor-element-e2a04be elementor-widget elementor-widget-heading\" data-id=\"e2a04be\" data-element_type=\"widget\" data-e-type=\"widget\" data-widget_type=\"heading.default\">\n\t\t\t\t<div class=\"elementor-widget-container\">\n\t\t\t\t\t<h4 class=\"elementor-heading-title elementor-size-default\">Qualit\u00e4tszeit zwei Tage<\/h4>\t\t\t\t<\/div>\n\t\t\t\t<\/div>\n\t\t\t\t<div class=\"elementor-element elementor-element-3de5ad1 elementor-widget elementor-widget-text-editor\" data-id=\"3de5ad1\" data-element_type=\"widget\" data-e-type=\"widget\" data-widget_type=\"text-editor.default\">\n\t\t\t\t<div class=\"elementor-widget-container\">\n\t\t\t\t\t\t\t\t\t<p>Besch\u00e4ftigt Besch\u00e4ftigt Besch\u00e4ftigt\u2026 Wir alle kennen es. Manchmal bleiben wir in Mustern stecken; mit Ihrer Familie, Ihren Verwandten, bei der Arbeit und mit allen Meinungen anderer Menschen \u00fcber Sie. Brauchen Sie Zeit f\u00fcr sich selbst und um dar\u00fcber nachzudenken, was Ihnen wirklich wichtig ist. Jetzt ist die Zeit!<br \/>W\u00e4hlen Sie selbst, zwei Tage, um sich eine Auszeit zu g\u00f6nnen und sich von allen Alltagssorgen zu l\u00f6sen. Verbinden Sie sich mit dem Tempo der Pferde, machen Sie sich an die Arbeit und lassen Sie sich verw\u00f6hnen.<br \/>Genie\u00dfen Sie die Ruhe der Schoorler D\u00fcnen und des Strandes und eine wunderbare entspannende Massage. Genie\u00dfen Sie die Natur und gesunde Bewegung am Strand. Nichts muss, alles ist erlaubt.<br \/>Kurz gesagt, g\u00f6nnen Sie sich ein fantastisches zweit\u00e4giges Event, bei dem Sie die Nummer 1 sind.<\/p>\t\t\t\t\t\t\t\t<\/div>\n\t\t\t\t<\/div>\n\t\t\t\t<div class=\"elementor-element elementor-element-b4f0e36 elementor-widget elementor-widget-text-editor\" data-id=\"b4f0e36\" data-element_type=\"widget\" data-e-type=\"widget\" data-widget_type=\"text-editor.default\">\n\t\t\t\t<div class=\"elementor-widget-container\">\n\t\t\t\t\t\t\t\t\t<p><b>Was lernst du?<\/b><\/p><ul><li>Trauen Sie sich, Ihrem eigenen Gef\u00fchl zu vertrauen<\/li><li>Du wirfst alte Muster und einschr\u00e4nkende Glaubenss\u00e4tze \u00fcber Bord und erschaffst neue M\u00f6glichkeiten<\/li><li>Du triffst bewusst deine eigenen Entscheidungen und lenkst dein Leben.<\/li><\/ul>\t\t\t\t\t\t\t\t<\/div>\n\t\t\t\t<\/div>\n\t\t\t\t\t<\/div>\n\t\t<\/div>\n\t\t\t\t\t<\/div>\n\t\t<\/section>\n\t\t\t\t<section class=\"elementor-section elementor-top-section elementor-element elementor-element-7066931 elementor-section-boxed elementor-section-height-default elementor-section-height-default\" data-id=\"7066931\" data-element_type=\"section\" data-e-type=\"section\">\n\t\t\t\t\t\t<div class=\"elementor-container elementor-column-gap-default\">\n\t\t\t\t\t<div class=\"elementor-column elementor-col-50 elementor-top-column elementor-element elementor-element-eba1367\" data-id=\"eba1367\" data-element_type=\"column\" data-e-type=\"column\">\n\t\t\t<div class=\"elementor-widget-wrap elementor-element-populated\">\n\t\t\t\t\t\t<div class=\"elementor-element elementor-element-a74d167 elementor-widget elementor-widget-text-editor\" data-id=\"a74d167\" data-element_type=\"widget\" data-e-type=\"widget\" data-widget_type=\"text-editor.default\">\n\t\t\t\t<div class=\"elementor-widget-container\">\n\t\t\t\t\t\t\t\t\t<p><b style=\"color: var( --e-global-color-text ); font-family: var( --e-global-typography-text-font-family ), Sans-serif;\">Programm:<\/b><\/p><p>Kombination aus Investieren in sich selbst und Verw\u00f6hntwerden.<\/p><ul><li>Beginnt Donnerstagmorgen 9.30 Uhr, endet Freitagnachmittag 17.00 Uhr<\/li><li>2 halbe Tage Arbeit mit den Pferden<\/li><li>Eine wunderbare Entspannungsmassage<\/li><li>Ein Spaziergang am Strand von Bergen aan Zee<\/li><\/ul><table class=\"Table\" width=\"100%\"><tbody><tr><td valign=\"top\" width=\"29%\">Satt. 9.30 \u2013 10.00 Uhr<\/td><td valign=\"top\" width=\"69%\">Check-in und Empfang in der Duinmanege van Poelenburgh.<\/td><\/tr><tr><td valign=\"top\" width=\"29%\">Satt. 10.00 \u2013 12.00<br \/>Satt. 12.15 \u2013 13.00<br \/>Satt. 13.30 \u2013 18.15<\/td><td valign=\"top\" width=\"69%\">Kennenlernen und loslegen mit den Pferden<br \/>Mittagessen<br \/>Entspannungsmassagen von Caroline Duine (+evtl. Kollegin)<\/td><\/tr><tr><td valign=\"top\">Satt. 18:30 \u2013 20:00 Uhr<\/td><td valign=\"top\">Abendessen \u2013 (exkl. BBQ auf Black Bastard verf\u00fcgbar bei gutem Wetter)<\/td><\/tr><tr><td valign=\"top\">Sonne. 9.30 \u2013 12.00<\/td><td valign=\"top\">Beginnen Sie mit den Pferden zu Ihrem eigenen Thema<\/td><\/tr><tr><td valign=\"top\">Sonne. 12.15 \u2013 13.00<\/td><td valign=\"top\">Mittagessen<\/td><\/tr><tr><td valign=\"top\">Sonne. 13.30 \u2013 15.30<\/td><td valign=\"top\">Spaziergang am Strand in Bergen aan Zee<\/td><\/tr><tr><td valign=\"top\">Sonne. 16:00 \u2013 17:00 Uhr<\/td><td valign=\"top\">Wochenende ausklingen &amp; was mitnehmen?<\/td><\/tr><\/tbody><\/table>\t\t\t\t\t\t\t\t<\/div>\n\t\t\t\t<\/div>\n\t\t\t\t\t<\/div>\n\t\t<\/div>\n\t\t\t\t<div class=\"elementor-column elementor-col-50 elementor-top-column elementor-element elementor-element-be53224\" data-id=\"be53224\" data-element_type=\"column\" data-e-type=\"column\">\n\t\t\t<div class=\"elementor-widget-wrap elementor-element-populated\">\n\t\t\t\t\t\t<div class=\"elementor-element elementor-element-d18161e elementor-widget elementor-widget-text-editor\" data-id=\"d18161e\" data-element_type=\"widget\" data-e-type=\"widget\" data-widget_type=\"text-editor.default\">\n\t\t\t\t<div class=\"elementor-widget-container\">\n\t\t\t\t\t\t\t\t\t<p><b>Kosten:<\/b><br \/>Kurswochenende: \u20ac 345,- (inkl. MwSt.) p\/P, komplett mit 2 x Sitzung mit den Pferden, 1 x 1-st\u00fcndige Entspannungsmassage, 1 x Strandspaziergang, 1 x \u00dcbernachtung, 1 x Fr\u00fchst\u00fcck, 2 x Mittagessen und Kaffee, Tee, Wasser und etwas Leckeres in den Pausen.<br \/>Unterkunft:\u00a0<a href=\"https:\/\/accommodatiepoelenburgh.nl\/appartement-duinzicht\">https:\/\/accommodatiepoelenburgh.nl\/appartement-duinzicht<\/a><br \/>Teilnehmerzahl: 4 Personen.<\/p><p><br \/><b>Freundinnen \/ Freund Rabatt:<\/b><br \/>Wenn Sie mit einer Freundin oder einem Freund kommen, profitieren beide von einem Rabatt von 15 \u20ac pro Person. Sie zahlen also nicht 345 \u20ac pP, sondern nur 330 \u20ac. Immer noch sch\u00f6n zu haben.<\/p><p><br \/><b>Option Abendessen:<\/b><br \/>In der Reitschule steht ein schwarzer Bastardgrill zur Verf\u00fcgung. Es ist m\u00f6glich, ein luxuri\u00f6ses Grillpaket zu bestellen und gemeinsam in Ihrem Apartment zu grillen. Kosten: 16,00 Euro p.P<\/p><p>F\u00fcr weitere Informationen k\u00f6nnen Sie\u00a0<a href=\"https:\/\/poelenburgh.nl\/de\/contact\/\">Kontakt\u00a0<\/a>bei uns aufnehmen.<\/p>\t\t\t\t\t\t\t\t<\/div>\n\t\t\t\t<\/div>\n\t\t\t\t\t<\/div>\n\t\t<\/div>\n\t\t\t\t\t<\/div>\n\t\t<\/section>\n\t\t\t\t<\/div>","protected":false},"excerpt":{"rendered":"<p>Wir arbeiten mit Zincaro-Coaching zusammen In Kombination mit unserer sch\u00f6nen Unterkunft k\u00f6nnen folgende Arrangements gebucht werden. Arrangements \u2013 3 Tage Arrangements \u2013 2 Tage Arrangements \u2013 1 Tag Wir stellen vor\u2026 Hallo zusammen, ich bin Caroline Duine. Nach Abschluss meiner HBO SPH-Ausbildung war ich die letzten 25 Jahre im Assistance-Bereich t\u00e4tig. \u2026 <\/p>","protected":false},"author":1,"featured_media":0,"parent":0,"menu_order":0,"comment_status":"closed","ping_status":"open","template":"","meta":{"_acf_changed":false,"_angie_page":false,"footnotes":""},"class_list":["post-280","page","type-page","status-publish","hentry"],"acf":[],"yoast_head":"<!-- This site is optimized with the Yoast SEO plugin v27.4 - https:\/\/yoast.com\/product\/yoast-seo-wordpress\/ -->\n<title>Zincaro - Coaching met paarden - Duinmanege van Poelenburgh<\/title>\n<meta name=\"robots\" content=\"index, follow, max-snippet:-1, max-image-preview:large, max-video-preview:-1\" \/>\n<link rel=\"canonical\" href=\"https:\/\/poelenburgh.nl\/de\/zincaro-coaching-met-paarden\/\" \/>\n<meta property=\"og:locale\" content=\"de_DE\" \/>\n<meta property=\"og:type\" content=\"article\" \/>\n<meta property=\"og:title\" content=\"Zincaro - Coaching met paarden - Duinmanege van Poelenburgh\" \/>\n<meta property=\"og:description\" content=\"Wij werken samen met\u00a0 Zincaro-coaching.In combinatie met onze prachtige accomodatie zijn de volgende arrangementen te boeken. Arrangementen \u2013 3 dagen Arrangementen \u2013 2 dagen Arrangementen \u2013 1 dag Even voorstellen&#8230; Hoi allemaal,\u00a0Ik ben Caroline Duine. Na mijn HBO SPH opleiding te hebben afgerond heb ik de afgelopen 25 jaar heb ik in de hulpverlening gewerkt. &hellip;\" \/>\n<meta property=\"og:url\" content=\"https:\/\/poelenburgh.nl\/de\/zincaro-coaching-met-paarden\/\" \/>\n<meta property=\"og:site_name\" content=\"Duinmanege van Poelenburgh\" \/>\n<meta property=\"article:publisher\" content=\"https:\/\/www.facebook.com\/duinmanege.vanpoelenburgh\" \/>\n<meta property=\"article:modified_time\" content=\"2022-02-20T10:09:00+00:00\" \/>\n<meta property=\"og:image\" content=\"https:\/\/poelenburgh.nl\/wp-content\/uploads\/2022\/01\/klein-afrika-4_1488x837-e1688639586788.jpg\" \/>\n\t<meta property=\"og:image:width\" content=\"956\" \/>\n\t<meta property=\"og:image:height\" content=\"498\" \/>\n\t<meta property=\"og:image:type\" content=\"image\/jpeg\" \/>\n<meta name=\"twitter:card\" content=\"summary_large_image\" \/>\n<meta name=\"twitter:site\" content=\"@manegevanpoelen\" \/>\n<meta name=\"twitter:label1\" content=\"Gesch\u00e4tzte Lesezeit\" \/>\n\t<meta name=\"twitter:data1\" content=\"3\u00a0Minuten\" \/>\n<script type=\"application\/ld+json\" class=\"yoast-schema-graph\">{\"@context\":\"https:\\\/\\\/schema.org\",\"@graph\":[{\"@type\":\"WebPage\",\"@id\":\"https:\\\/\\\/poelenburgh.nl\\\/zincaro-coaching-met-paarden\\\/\",\"url\":\"https:\\\/\\\/poelenburgh.nl\\\/zincaro-coaching-met-paarden\\\/\",\"name\":\"Zincaro - Coaching met paarden - Duinmanege van Poelenburgh\",\"isPartOf\":{\"@id\":\"https:\\\/\\\/poelenburgh.nl\\\/#website\"},\"datePublished\":\"2022-02-16T10:38:31+00:00\",\"dateModified\":\"2022-02-20T10:09:00+00:00\",\"inLanguage\":\"de\",\"potentialAction\":[{\"@type\":\"ReadAction\",\"target\":[\"https:\\\/\\\/poelenburgh.nl\\\/zincaro-coaching-met-paarden\\\/\"]}]},{\"@type\":\"WebSite\",\"@id\":\"https:\\\/\\\/poelenburgh.nl\\\/#website\",\"url\":\"https:\\\/\\\/poelenburgh.nl\\\/\",\"name\":\"Duinmanege van Poelenburgh\",\"description\":\"Manege &amp; Accommodatie\",\"publisher\":{\"@id\":\"https:\\\/\\\/poelenburgh.nl\\\/#organization\"},\"potentialAction\":[{\"@type\":\"SearchAction\",\"target\":{\"@type\":\"EntryPoint\",\"urlTemplate\":\"https:\\\/\\\/poelenburgh.nl\\\/?s={search_term_string}\"},\"query-input\":{\"@type\":\"PropertyValueSpecification\",\"valueRequired\":true,\"valueName\":\"search_term_string\"}}],\"inLanguage\":\"de\"},{\"@type\":\"Organization\",\"@id\":\"https:\\\/\\\/poelenburgh.nl\\\/#organization\",\"name\":\"Duinmanege van Poelenburgh\",\"url\":\"https:\\\/\\\/poelenburgh.nl\\\/\",\"logo\":{\"@type\":\"ImageObject\",\"inLanguage\":\"de\",\"@id\":\"https:\\\/\\\/poelenburgh.nl\\\/#\\\/schema\\\/logo\\\/image\\\/\",\"url\":\"https:\\\/\\\/poelenburgh.nl\\\/wp-content\\\/uploads\\\/2022\\\/01\\\/Logo-Duinmanege-Boelenburgh1.png\",\"contentUrl\":\"https:\\\/\\\/poelenburgh.nl\\\/wp-content\\\/uploads\\\/2022\\\/01\\\/Logo-Duinmanege-Boelenburgh1.png\",\"width\":2788,\"height\":758,\"caption\":\"Duinmanege van Poelenburgh\"},\"image\":{\"@id\":\"https:\\\/\\\/poelenburgh.nl\\\/#\\\/schema\\\/logo\\\/image\\\/\"},\"sameAs\":[\"https:\\\/\\\/www.facebook.com\\\/duinmanege.vanpoelenburgh\",\"https:\\\/\\\/x.com\\\/manegevanpoelen\",\"https:\\\/\\\/www.instagram.com\\\/duinmanegevanpoelenburgh\\\/\",\"https:\\\/\\\/www.youtube.com\\\/channel\\\/UCOuMgw5JmJxuTR_pW4IK9qQ\"]}]}<\/script>\n<!-- \/ Yoast SEO plugin. -->","yoast_head_json":{"title":"Zincaro - Coaching met paarden - Duinmanege van Poelenburgh","robots":{"index":"index","follow":"follow","max-snippet":"max-snippet:-1","max-image-preview":"max-image-preview:large","max-video-preview":"max-video-preview:-1"},"canonical":"https:\/\/poelenburgh.nl\/de\/zincaro-coaching-met-paarden\/","og_locale":"de_DE","og_type":"article","og_title":"Zincaro - Coaching met paarden - Duinmanege van Poelenburgh","og_description":"Wij werken samen met\u00a0 Zincaro-coaching.In combinatie met onze prachtige accomodatie zijn de volgende arrangementen te boeken. Arrangementen \u2013 3 dagen Arrangementen \u2013 2 dagen Arrangementen \u2013 1 dag Even voorstellen&#8230; Hoi allemaal,\u00a0Ik ben Caroline Duine. Na mijn HBO SPH opleiding te hebben afgerond heb ik de afgelopen 25 jaar heb ik in de hulpverlening gewerkt. &hellip;","og_url":"https:\/\/poelenburgh.nl\/de\/zincaro-coaching-met-paarden\/","og_site_name":"Duinmanege van Poelenburgh","article_publisher":"https:\/\/www.facebook.com\/duinmanege.vanpoelenburgh","article_modified_time":"2022-02-20T10:09:00+00:00","og_image":[{"width":956,"height":498,"url":"https:\/\/poelenburgh.nl\/wp-content\/uploads\/2022\/01\/klein-afrika-4_1488x837-e1688639586788.jpg","type":"image\/jpeg"}],"twitter_card":"summary_large_image","twitter_site":"@manegevanpoelen","twitter_misc":{"Gesch\u00e4tzte Lesezeit":"3\u00a0Minuten"},"schema":{"@context":"https:\/\/schema.org","@graph":[{"@type":"WebPage","@id":"https:\/\/poelenburgh.nl\/zincaro-coaching-met-paarden\/","url":"https:\/\/poelenburgh.nl\/zincaro-coaching-met-paarden\/","name":"Zincaro - Coaching met paarden - Duinmanege van Poelenburgh","isPartOf":{"@id":"https:\/\/poelenburgh.nl\/#website"},"datePublished":"2022-02-16T10:38:31+00:00","dateModified":"2022-02-20T10:09:00+00:00","inLanguage":"de","potentialAction":[{"@type":"ReadAction","target":["https:\/\/poelenburgh.nl\/zincaro-coaching-met-paarden\/"]}]},{"@type":"WebSite","@id":"https:\/\/poelenburgh.nl\/#website","url":"https:\/\/poelenburgh.nl\/","name":"D\u00fcnenreitschule von Poelenburgh","description":"Reitschule &amp; Unterkunft","publisher":{"@id":"https:\/\/poelenburgh.nl\/#organization"},"potentialAction":[{"@type":"SearchAction","target":{"@type":"EntryPoint","urlTemplate":"https:\/\/poelenburgh.nl\/?s={search_term_string}"},"query-input":{"@type":"PropertyValueSpecification","valueRequired":true,"valueName":"search_term_string"}}],"inLanguage":"de"},{"@type":"Organization","@id":"https:\/\/poelenburgh.nl\/#organization","name":"D\u00fcnenreitschule von Poelenburgh","url":"https:\/\/poelenburgh.nl\/","logo":{"@type":"ImageObject","inLanguage":"de","@id":"https:\/\/poelenburgh.nl\/#\/schema\/logo\/image\/","url":"https:\/\/poelenburgh.nl\/wp-content\/uploads\/2022\/01\/Logo-Duinmanege-Boelenburgh1.png","contentUrl":"https:\/\/poelenburgh.nl\/wp-content\/uploads\/2022\/01\/Logo-Duinmanege-Boelenburgh1.png","width":2788,"height":758,"caption":"Duinmanege van Poelenburgh"},"image":{"@id":"https:\/\/poelenburgh.nl\/#\/schema\/logo\/image\/"},"sameAs":["https:\/\/www.facebook.com\/duinmanege.vanpoelenburgh","https:\/\/x.com\/manegevanpoelen","https:\/\/www.instagram.com\/duinmanegevanpoelenburgh\/","https:\/\/www.youtube.com\/channel\/UCOuMgw5JmJxuTR_pW4IK9qQ"]}]}},"jetpack-related-posts":[{"id":6999,"url":"https:\/\/poelenburgh.nl\/de\/over-ons\/personeel\/","url_meta":{"origin":280,"position":0},"title":"Wir m\u00f6chten uns vorstellen:","author":"sandra","date":"Dezember 7, 2023","format":false,"excerpt":"Nikky KraakmanMijn naam is Nikky Kraakman,\u00a0Als klein meisje ben ik geboren op de boerderij aan de Duinweg en heb ik leren paardrijden op deze manege van onder andere mijn eigen moeder. Voor mijn studie ben ik een poosje naar Amsterdam gegaan, maar fanatiek paardrijden ben ik altijd blijven doen, het\u2026","rel":"","context":"\u00c4hnlicher Beitrag","block_context":{"text":"\u00c4hnlicher Beitrag","link":""},"img":{"alt_text":"","src":"","width":0,"height":0},"classes":[]},{"id":100,"url":"https:\/\/poelenburgh.nl\/de\/over-ons\/aanmelden-stage\/","url_meta":{"origin":280,"position":1},"title":"Praktikum anmelden","author":"admin","date":"Januar 22, 2022","format":false,"excerpt":"Wij bieden uiteenlopende stageplaatsen voor verschillende opleidingsniveaus.Wij zijn doorlopend op zoek naar stagiaires die ons team komen versterken. Wij hebben circa 100 paarden staan. Waarvan 60 pension\/leasepaarden en 40 manege paarden en pony\u2019s.Gedurende de stageperiode zijn de veelvoorkomende werkzaamheden:Dagelijkse verzorging van de paardenLichte stalwerkzaamhedenOpzadelen en klaarzetten van de pony\u2019s en\u2026","rel":"","context":"\u00c4hnlicher Beitrag","block_context":{"text":"\u00c4hnlicher Beitrag","link":""},"img":{"alt_text":"","src":"https:\/\/i0.wp.com\/poelenburgh.nl\/wp-content\/uploads\/2023\/11\/erkend-leerbedrijf.webp?resize=350%2C200&ssl=1","width":350,"height":200,"srcset":"https:\/\/i0.wp.com\/poelenburgh.nl\/wp-content\/uploads\/2023\/11\/erkend-leerbedrijf.webp?resize=350%2C200&ssl=1 1x, https:\/\/i0.wp.com\/poelenburgh.nl\/wp-content\/uploads\/2023\/11\/erkend-leerbedrijf.webp?resize=525%2C300&ssl=1 1.5x, https:\/\/i0.wp.com\/poelenburgh.nl\/wp-content\/uploads\/2023\/11\/erkend-leerbedrijf.webp?resize=700%2C400&ssl=1 2x"},"classes":[]},{"id":47,"url":"https:\/\/poelenburgh.nl\/de\/ruiterweekenden\/","url_meta":{"origin":280,"position":2},"title":"Reitwochenenden","author":"admin","date":"Januar 16, 2022","format":false,"excerpt":"Instructieweekend Meerdere malen per jaar organiseren wij instructieweekenden,\u00a0zie\u00a0agenda. Tijdens zo\u2019n weekend wordt meer aandacht besteed aan de theoretische en rijtechnische kant van het paardrijden.\u00a0Een instructieweekend begint vrijdagavond en is zondagmiddag afgelopen. Je kunt bij ons blijven overnachten, wij beschikken over geheel vernieuwde slaapzalen en sanitaire voorzieningen.\u00a0Tijdens het weekend wordt er\u2026","rel":"","context":"\u00c4hnlicher Beitrag","block_context":{"text":"\u00c4hnlicher Beitrag","link":""},"img":{"alt_text":"","src":"https:\/\/i0.wp.com\/poelenburgh.nl\/wp-content\/uploads\/2023\/08\/Nikki-Fash-1024x682.jpg?resize=350%2C200&ssl=1","width":350,"height":200,"srcset":"https:\/\/i0.wp.com\/poelenburgh.nl\/wp-content\/uploads\/2023\/08\/Nikki-Fash-1024x682.jpg?resize=350%2C200&ssl=1 1x, https:\/\/i0.wp.com\/poelenburgh.nl\/wp-content\/uploads\/2023\/08\/Nikki-Fash-1024x682.jpg?resize=525%2C300&ssl=1 1.5x, https:\/\/i0.wp.com\/poelenburgh.nl\/wp-content\/uploads\/2023\/08\/Nikki-Fash-1024x682.jpg?resize=700%2C400&ssl=1 2x"},"classes":[]},{"id":8089,"url":"https:\/\/poelenburgh.nl\/de\/ruiterkamp\/aanmelden\/","url_meta":{"origin":280,"position":3},"title":"Zur Anmeldung","author":"admin","date":"Januar 30, 2024","format":false,"excerpt":"Inschrijven Let op: vul ook bij het afrekenen de gegevens in van de ruiter. Jeugdkamp <!-- \u20ac292,50 - \u20ac610,00Prijsklasse: \u20ac292,50 tot \u20ac610,00 --> Aanbetaling Kies een optie100%50% Eigen fiets mee Kies een optieJaNee, ik wil er een huren Lid Poelenburgh Ruiters Kies een optieJaNee Eigen paard Kies een optieJaNee Datum\u2026","rel":"","context":"\u00c4hnlicher Beitrag","block_context":{"text":"\u00c4hnlicher Beitrag","link":""},"img":{"alt_text":"","src":"https:\/\/i0.wp.com\/poelenburgh.nl\/wp-content\/uploads\/2023\/05\/e2b6f4bc-266e-07a9-11af-1b46f5f9e7c3.jpg?resize=350%2C200&ssl=1","width":350,"height":200,"srcset":"https:\/\/i0.wp.com\/poelenburgh.nl\/wp-content\/uploads\/2023\/05\/e2b6f4bc-266e-07a9-11af-1b46f5f9e7c3.jpg?resize=350%2C200&ssl=1 1x, https:\/\/i0.wp.com\/poelenburgh.nl\/wp-content\/uploads\/2023\/05\/e2b6f4bc-266e-07a9-11af-1b46f5f9e7c3.jpg?resize=525%2C300&ssl=1 1.5x, https:\/\/i0.wp.com\/poelenburgh.nl\/wp-content\/uploads\/2023\/05\/e2b6f4bc-266e-07a9-11af-1b46f5f9e7c3.jpg?resize=700%2C400&ssl=1 2x"},"classes":[]},{"id":200,"url":"https:\/\/poelenburgh.nl\/de\/ruiterweekenden\/instructieweekend\/","url_meta":{"origin":280,"position":4},"title":"Unterrichtswochenende","author":"admin","date":"Februar 13, 2022","format":false,"excerpt":"Inschrijven instructieweekend Instructieweekend <!-- \u20ac122,00 - \u20ac317,50Prijsklasse: \u20ac122,00 tot \u20ac317,50 --> Aanbetaling Kies een optie100%50% Eigen paard Kies een optieJaNee Lid Poelenburgh Ruiters Kies een optieJaNee Stalling nodig Kies een optieJaNeeWissen Voornaam (ruiter) * Achternaam (ruiter) * Geboortedatum (ruiter) * Geslacht (ruiter) * Select an option\u2026 Vrouw Man Anders Lengte\u2026","rel":"","context":"\u00c4hnlicher Beitrag","block_context":{"text":"\u00c4hnlicher Beitrag","link":""},"img":{"alt_text":"","src":"","width":0,"height":0},"classes":[]},{"id":165,"url":"https:\/\/poelenburgh.nl\/de\/paardrijden\/rijlessen\/","url_meta":{"origin":280,"position":5},"title":"Fahrstunden","author":"admin","date":"Februar 5, 2022","format":false,"excerpt":"\/* widget: Content Tabs *\/ #uc_content_tabs_elementor_d9784743 { text-align: left; direction: ltr; position: relative; overflow:hidden; } #uc_content_tabs_elementor_d9784743 * { box-sizing: border-box; } #uc_content_tabs_elementor_d9784743 a { transition: 0.5s; } #uc_content_tabs_elementor_d9784743 > ul { margin:0px; list-style:none; display:flex; justify-content:flex-start; } #uc_content_tabs_elementor_d9784743 > ul > li { padding:0px; margin:0px; } #uc_content_tabs_elementor_d9784743 > ul > li\u2026","rel":"","context":"\u00c4hnlicher Beitrag","block_context":{"text":"\u00c4hnlicher Beitrag","link":""},"img":{"alt_text":"","src":"https:\/\/i0.wp.com\/poelenburgh.nl\/wp-content\/uploads\/2023\/08\/Nikki-Fash-1024x682.jpg?resize=350%2C200&ssl=1","width":350,"height":200,"srcset":"https:\/\/i0.wp.com\/poelenburgh.nl\/wp-content\/uploads\/2023\/08\/Nikki-Fash-1024x682.jpg?resize=350%2C200&ssl=1 1x, https:\/\/i0.wp.com\/poelenburgh.nl\/wp-content\/uploads\/2023\/08\/Nikki-Fash-1024x682.jpg?resize=525%2C300&ssl=1 1.5x, https:\/\/i0.wp.com\/poelenburgh.nl\/wp-content\/uploads\/2023\/08\/Nikki-Fash-1024x682.jpg?resize=700%2C400&ssl=1 2x"},"classes":[]}],"jetpack_sharing_enabled":true,"_links":{"self":[{"href":"https:\/\/poelenburgh.nl\/de\/wp-json\/wp\/v2\/pages\/280","targetHints":{"allow":["GET"]}}],"collection":[{"href":"https:\/\/poelenburgh.nl\/de\/wp-json\/wp\/v2\/pages"}],"about":[{"href":"https:\/\/poelenburgh.nl\/de\/wp-json\/wp\/v2\/types\/page"}],"author":[{"embeddable":true,"href":"https:\/\/poelenburgh.nl\/de\/wp-json\/wp\/v2\/users\/1"}],"replies":[{"embeddable":true,"href":"https:\/\/poelenburgh.nl\/de\/wp-json\/wp\/v2\/comments?post=280"}],"version-history":[{"count":23,"href":"https:\/\/poelenburgh.nl\/de\/wp-json\/wp\/v2\/pages\/280\/revisions"}],"predecessor-version":[{"id":712,"href":"https:\/\/poelenburgh.nl\/de\/wp-json\/wp\/v2\/pages\/280\/revisions\/712"}],"wp:attachment":[{"href":"https:\/\/poelenburgh.nl\/de\/wp-json\/wp\/v2\/media?parent=280"}],"curies":[{"name":"wp","href":"https:\/\/api.w.org\/{rel}","templated":true}]}}