{"id":2,"date":"2022-01-15T15:10:49","date_gmt":"2022-01-15T15:10:49","guid":{"rendered":"https:\/\/poelenburgh.nl\/?page_id=2"},"modified":"2023-08-18T12:34:57","modified_gmt":"2023-08-18T12:34:57","slug":"paard-leasen-of-kopen","status":"publish","type":"page","link":"https:\/\/poelenburgh.nl\/de\/over-ons\/paard-leasen-of-kopen\/","title":{"rendered":"Ein Pferd leasen oder kaufen"},"content":{"rendered":"<div data-elementor-type=\"wp-page\" data-elementor-id=\"2\" class=\"elementor elementor-2\" data-elementor-post-type=\"page\">\n\t\t\t\t\t\t<section class=\"elementor-section elementor-top-section elementor-element elementor-element-d7fc4cd elementor-section-boxed elementor-section-height-default elementor-section-height-default\" data-id=\"d7fc4cd\" data-element_type=\"section\" data-e-type=\"section\">\n\t\t\t\t\t\t<div class=\"elementor-container elementor-column-gap-default\">\n\t\t\t\t\t<div class=\"elementor-column elementor-col-100 elementor-top-column elementor-element elementor-element-cfcc3e5\" data-id=\"cfcc3e5\" data-element_type=\"column\" data-e-type=\"column\">\n\t\t\t<div class=\"elementor-widget-wrap elementor-element-populated\">\n\t\t\t\t\t\t<div class=\"elementor-element elementor-element-1f99612 elementor-widget elementor-widget-text-editor\" data-id=\"1f99612\" data-element_type=\"widget\" data-e-type=\"widget\" data-widget_type=\"text-editor.default\">\n\t\t\t\t<div class=\"elementor-widget-container\">\n\t\t\t\t\t\t\t\t\t<h2><img fetchpriority=\"high\" decoding=\"async\" data-attachment-id=\"5209\" data-permalink=\"https:\/\/poelenburgh.nl\/de\/home\/foto-poster-opendag-2021-2\/\" data-orig-file=\"https:\/\/poelenburgh.nl\/wp-content\/uploads\/2023\/08\/foto-poster-opendag-2021-2-e1703795390598.jpg\" data-orig-size=\"1185,1329\" data-comments-opened=\"1\" data-image-meta=\"{&quot;aperture&quot;:&quot;0&quot;,&quot;credit&quot;:&quot;&quot;,&quot;camera&quot;:&quot;&quot;,&quot;caption&quot;:&quot;&quot;,&quot;created_timestamp&quot;:&quot;1630527844&quot;,&quot;copyright&quot;:&quot;&quot;,&quot;focal_length&quot;:&quot;0&quot;,&quot;iso&quot;:&quot;0&quot;,&quot;shutter_speed&quot;:&quot;0&quot;,&quot;title&quot;:&quot;&quot;,&quot;orientation&quot;:&quot;1&quot;}\" data-image-title=\"foto poster opendag 2021 (2)\" data-image-description=\"\" data-image-caption=\"&lt;p&gt;NIKKY&lt;\/p&gt;\" data-large-file=\"https:\/\/poelenburgh.nl\/wp-content\/uploads\/2023\/08\/foto-poster-opendag-2021-2-e1703795390598-913x1024.jpg\" class=\"alignnone  wp-image-5209\" src=\"https:\/\/poelenburgh.nl\/wp-content\/uploads\/2023\/08\/foto-poster-opendag-2021-2-256x300.jpg\" alt=\"\" width=\"307\" height=\"360\" \/><\/h2><h2>\u00a0<\/h2><h2>Zu verkaufen:<\/h2><p>Wir haben regelm\u00e4\u00dfig sch\u00f6ne (Sport-)Pferde zum Verkauf. F\u00fcr weitere Informationen rufen Sie bitte 072-5092149 an und fragen Sie nach Nikky Kraakman oder Caroline van Baars.<\/p><h2>Mieten:<\/h2><p>Sie m\u00f6chten den Reitsport weiter betreiben, aber die Anschaffung eines Pferdes ist zu teuer? M\u00f6chten Sie erst einmal erleben, was es hei\u00dft, ein Pferd zu besitzen? Dann k\u00f6nnte das Leasing eines Pferdes oder Ponys eine Option f\u00fcr Sie sein.<\/p><p>Wenn Sie sich f\u00fcr Leasing interessieren, schauen wir uns gemeinsam Ihre W\u00fcnsche an und finden heraus, welches Pony oder Pferd zu Ihnen passt. Wenn Sie bereits ein Pony oder Pferd gesehen haben, das Ihnen zusagt, pr\u00fcfen wir die M\u00f6glichkeiten des Leasings. Es ist m\u00f6glich, das Pferd oder Pony unter fachkundiger Anleitung eines unserer Instruktoren auszuprobieren. Dann wird ein Mietvertrag erstellt und die Mietzeit beginnt. Das Pferd bleibt w\u00e4hrend der Pachtzeit bei Duinmanege van Poelenburgh im Stall.<\/p><p>Der Mietpreis beinhaltet Vollpension Lagerung und Nutzung unserer Einrichtungen. Es ist auch m\u00f6glich, Sattel und Zaumzeug gegen Aufpreis zu mieten. Kosten f\u00fcr Tierarzt, Hufschmied, eventuelle Zusatzversicherungen etc. sind exklusive.<\/p><p>\u00a0<\/p><p>M\u00f6chten Sie weitere Informationen zum Leasing eines Pferdes oder Ponys?\u00a0<a href=\"https:\/\/poelenburgh.nl\/de\/locatie-contact\/\">Rufen Sie uns an<\/a>\u00a0und fragen Sie nach Nikky Kraakman oder Caroline van Baars!<\/p>\t\t\t\t\t\t\t\t<\/div>\n\t\t\t\t<\/div>\n\t\t\t\t\t<\/div>\n\t\t<\/div>\n\t\t\t\t\t<\/div>\n\t\t<\/section>\n\t\t\t\t<\/div>","protected":false},"excerpt":{"rendered":"<p>\u00a0 Zu verkaufen: Wir haben regelm\u00e4\u00dfig sch\u00f6ne (Sport-)Pferde zum Verkauf. F\u00fcr weitere Informationen rufen Sie bitte 072-5092149 an und fragen Sie nach Nikky Kraakman oder Caroline van Baars. Leasing: Sie m\u00f6chten gerne weiterhin Pferdesport betreiben, aber die Anschaffung eines Pferdes ist Ihnen zu teuer? M\u00f6chten Sie zun\u00e4chst einmal erfahren, was es bedeutet, Eigent\u00fcmer zu sein? <\/p>","protected":false},"author":1,"featured_media":0,"parent":36,"menu_order":0,"comment_status":"closed","ping_status":"open","template":"","meta":{"_acf_changed":false,"_angie_page":false,"footnotes":""},"class_list":["post-2","page","type-page","status-publish","hentry"],"acf":[],"yoast_head":"<!-- This site is optimized with the Yoast SEO plugin v27.3 - https:\/\/yoast.com\/product\/yoast-seo-wordpress\/ -->\n<title>Paard leasen of kopen - Duinmanege van Poelenburgh<\/title>\n<meta name=\"robots\" content=\"index, follow, max-snippet:-1, max-image-preview:large, max-video-preview:-1\" \/>\n<link rel=\"canonical\" href=\"https:\/\/poelenburgh.nl\/de\/over-ons\/paard-leasen-of-kopen\/\" \/>\n<meta property=\"og:locale\" content=\"de_DE\" \/>\n<meta property=\"og:type\" content=\"article\" \/>\n<meta property=\"og:title\" content=\"Paard leasen of kopen - Duinmanege van Poelenburgh\" \/>\n<meta property=\"og:description\" content=\"\u00a0 Te koop: Wij hebben regelmatig leuke (sport)paarden te koop. Voor meer informatie kunt u bellen 072-5092149 en vragen naar Nikky Kraakman of\u00a0 Caroline van Baars. Leasen: Wil je graag verder in de paardensport maar is de aanschaf van een paard te kostbaar? Wil je eerst eens ervaren wat het met zich meebrengt om eigenaar &hellip;\" \/>\n<meta property=\"og:url\" content=\"https:\/\/poelenburgh.nl\/de\/over-ons\/paard-leasen-of-kopen\/\" \/>\n<meta property=\"og:site_name\" content=\"Duinmanege van Poelenburgh\" \/>\n<meta property=\"article:publisher\" content=\"https:\/\/www.facebook.com\/duinmanege.vanpoelenburgh\" \/>\n<meta property=\"article:modified_time\" content=\"2023-08-18T12:34:57+00:00\" \/>\n<meta property=\"og:image\" content=\"https:\/\/poelenburgh.nl\/wp-content\/uploads\/2023\/08\/foto-poster-opendag-2021-2-256x300.jpg\" \/>\n<meta name=\"twitter:card\" content=\"summary_large_image\" \/>\n<meta name=\"twitter:site\" content=\"@manegevanpoelen\" \/>\n<meta name=\"twitter:label1\" content=\"Gesch\u00e4tzte Lesezeit\" \/>\n\t<meta name=\"twitter:data1\" content=\"2\u00a0Minuten\" \/>\n<script type=\"application\/ld+json\" class=\"yoast-schema-graph\">{\"@context\":\"https:\\\/\\\/schema.org\",\"@graph\":[{\"@type\":\"WebPage\",\"@id\":\"https:\\\/\\\/poelenburgh.nl\\\/over-ons\\\/paard-leasen-of-kopen\\\/\",\"url\":\"https:\\\/\\\/poelenburgh.nl\\\/over-ons\\\/paard-leasen-of-kopen\\\/\",\"name\":\"Paard leasen of kopen - Duinmanege van Poelenburgh\",\"isPartOf\":{\"@id\":\"https:\\\/\\\/poelenburgh.nl\\\/#website\"},\"primaryImageOfPage\":{\"@id\":\"https:\\\/\\\/poelenburgh.nl\\\/over-ons\\\/paard-leasen-of-kopen\\\/#primaryimage\"},\"image\":{\"@id\":\"https:\\\/\\\/poelenburgh.nl\\\/over-ons\\\/paard-leasen-of-kopen\\\/#primaryimage\"},\"thumbnailUrl\":\"https:\\\/\\\/poelenburgh.nl\\\/wp-content\\\/uploads\\\/2023\\\/08\\\/foto-poster-opendag-2021-2-256x300.jpg\",\"datePublished\":\"2022-01-15T15:10:49+00:00\",\"dateModified\":\"2023-08-18T12:34:57+00:00\",\"breadcrumb\":{\"@id\":\"https:\\\/\\\/poelenburgh.nl\\\/over-ons\\\/paard-leasen-of-kopen\\\/#breadcrumb\"},\"inLanguage\":\"de\",\"potentialAction\":[{\"@type\":\"ReadAction\",\"target\":[\"https:\\\/\\\/poelenburgh.nl\\\/over-ons\\\/paard-leasen-of-kopen\\\/\"]}]},{\"@type\":\"ImageObject\",\"inLanguage\":\"de\",\"@id\":\"https:\\\/\\\/poelenburgh.nl\\\/over-ons\\\/paard-leasen-of-kopen\\\/#primaryimage\",\"url\":\"https:\\\/\\\/poelenburgh.nl\\\/wp-content\\\/uploads\\\/2023\\\/08\\\/foto-poster-opendag-2021-2-256x300.jpg\",\"contentUrl\":\"https:\\\/\\\/poelenburgh.nl\\\/wp-content\\\/uploads\\\/2023\\\/08\\\/foto-poster-opendag-2021-2-256x300.jpg\"},{\"@type\":\"BreadcrumbList\",\"@id\":\"https:\\\/\\\/poelenburgh.nl\\\/over-ons\\\/paard-leasen-of-kopen\\\/#breadcrumb\",\"itemListElement\":[{\"@type\":\"ListItem\",\"position\":1,\"name\":\"Over ons\",\"item\":\"https:\\\/\\\/poelenburgh.nl\\\/over-ons\\\/\"},{\"@type\":\"ListItem\",\"position\":2,\"name\":\"Paard leasen of kopen\"}]},{\"@type\":\"WebSite\",\"@id\":\"https:\\\/\\\/poelenburgh.nl\\\/#website\",\"url\":\"https:\\\/\\\/poelenburgh.nl\\\/\",\"name\":\"Duinmanege van Poelenburgh\",\"description\":\"Manege &amp; Accommodatie\",\"publisher\":{\"@id\":\"https:\\\/\\\/poelenburgh.nl\\\/#organization\"},\"potentialAction\":[{\"@type\":\"SearchAction\",\"target\":{\"@type\":\"EntryPoint\",\"urlTemplate\":\"https:\\\/\\\/poelenburgh.nl\\\/?s={search_term_string}\"},\"query-input\":{\"@type\":\"PropertyValueSpecification\",\"valueRequired\":true,\"valueName\":\"search_term_string\"}}],\"inLanguage\":\"de\"},{\"@type\":\"Organization\",\"@id\":\"https:\\\/\\\/poelenburgh.nl\\\/#organization\",\"name\":\"Duinmanege van Poelenburgh\",\"url\":\"https:\\\/\\\/poelenburgh.nl\\\/\",\"logo\":{\"@type\":\"ImageObject\",\"inLanguage\":\"de\",\"@id\":\"https:\\\/\\\/poelenburgh.nl\\\/#\\\/schema\\\/logo\\\/image\\\/\",\"url\":\"https:\\\/\\\/poelenburgh.nl\\\/wp-content\\\/uploads\\\/2022\\\/01\\\/Logo-Duinmanege-Boelenburgh1.png\",\"contentUrl\":\"https:\\\/\\\/poelenburgh.nl\\\/wp-content\\\/uploads\\\/2022\\\/01\\\/Logo-Duinmanege-Boelenburgh1.png\",\"width\":2788,\"height\":758,\"caption\":\"Duinmanege van Poelenburgh\"},\"image\":{\"@id\":\"https:\\\/\\\/poelenburgh.nl\\\/#\\\/schema\\\/logo\\\/image\\\/\"},\"sameAs\":[\"https:\\\/\\\/www.facebook.com\\\/duinmanege.vanpoelenburgh\",\"https:\\\/\\\/x.com\\\/manegevanpoelen\",\"https:\\\/\\\/www.instagram.com\\\/duinmanegevanpoelenburgh\\\/\",\"https:\\\/\\\/www.youtube.com\\\/channel\\\/UCOuMgw5JmJxuTR_pW4IK9qQ\"]}]}<\/script>\n<!-- \/ Yoast SEO plugin. -->","yoast_head_json":{"title":"Paard leasen of kopen - Duinmanege van Poelenburgh","robots":{"index":"index","follow":"follow","max-snippet":"max-snippet:-1","max-image-preview":"max-image-preview:large","max-video-preview":"max-video-preview:-1"},"canonical":"https:\/\/poelenburgh.nl\/de\/over-ons\/paard-leasen-of-kopen\/","og_locale":"de_DE","og_type":"article","og_title":"Paard leasen of kopen - Duinmanege van Poelenburgh","og_description":"\u00a0 Te koop: Wij hebben regelmatig leuke (sport)paarden te koop. Voor meer informatie kunt u bellen 072-5092149 en vragen naar Nikky Kraakman of\u00a0 Caroline van Baars. Leasen: Wil je graag verder in de paardensport maar is de aanschaf van een paard te kostbaar? Wil je eerst eens ervaren wat het met zich meebrengt om eigenaar &hellip;","og_url":"https:\/\/poelenburgh.nl\/de\/over-ons\/paard-leasen-of-kopen\/","og_site_name":"Duinmanege van Poelenburgh","article_publisher":"https:\/\/www.facebook.com\/duinmanege.vanpoelenburgh","article_modified_time":"2023-08-18T12:34:57+00:00","og_image":[{"url":"https:\/\/poelenburgh.nl\/wp-content\/uploads\/2023\/08\/foto-poster-opendag-2021-2-256x300.jpg","type":"","width":"","height":""}],"twitter_card":"summary_large_image","twitter_site":"@manegevanpoelen","twitter_misc":{"Gesch\u00e4tzte Lesezeit":"2\u00a0Minuten"},"schema":{"@context":"https:\/\/schema.org","@graph":[{"@type":"WebPage","@id":"https:\/\/poelenburgh.nl\/over-ons\/paard-leasen-of-kopen\/","url":"https:\/\/poelenburgh.nl\/over-ons\/paard-leasen-of-kopen\/","name":"Paard leasen of kopen - Duinmanege van Poelenburgh","isPartOf":{"@id":"https:\/\/poelenburgh.nl\/#website"},"primaryImageOfPage":{"@id":"https:\/\/poelenburgh.nl\/over-ons\/paard-leasen-of-kopen\/#primaryimage"},"image":{"@id":"https:\/\/poelenburgh.nl\/over-ons\/paard-leasen-of-kopen\/#primaryimage"},"thumbnailUrl":"https:\/\/poelenburgh.nl\/wp-content\/uploads\/2023\/08\/foto-poster-opendag-2021-2-256x300.jpg","datePublished":"2022-01-15T15:10:49+00:00","dateModified":"2023-08-18T12:34:57+00:00","breadcrumb":{"@id":"https:\/\/poelenburgh.nl\/over-ons\/paard-leasen-of-kopen\/#breadcrumb"},"inLanguage":"de","potentialAction":[{"@type":"ReadAction","target":["https:\/\/poelenburgh.nl\/over-ons\/paard-leasen-of-kopen\/"]}]},{"@type":"ImageObject","inLanguage":"de","@id":"https:\/\/poelenburgh.nl\/over-ons\/paard-leasen-of-kopen\/#primaryimage","url":"https:\/\/poelenburgh.nl\/wp-content\/uploads\/2023\/08\/foto-poster-opendag-2021-2-256x300.jpg","contentUrl":"https:\/\/poelenburgh.nl\/wp-content\/uploads\/2023\/08\/foto-poster-opendag-2021-2-256x300.jpg"},{"@type":"BreadcrumbList","@id":"https:\/\/poelenburgh.nl\/over-ons\/paard-leasen-of-kopen\/#breadcrumb","itemListElement":[{"@type":"ListItem","position":1,"name":"Over ons","item":"https:\/\/poelenburgh.nl\/over-ons\/"},{"@type":"ListItem","position":2,"name":"Paard leasen of kopen"}]},{"@type":"WebSite","@id":"https:\/\/poelenburgh.nl\/#website","url":"https:\/\/poelenburgh.nl\/","name":"D\u00fcnenreitschule von Poelenburgh","description":"Reitschule &amp; Unterkunft","publisher":{"@id":"https:\/\/poelenburgh.nl\/#organization"},"potentialAction":[{"@type":"SearchAction","target":{"@type":"EntryPoint","urlTemplate":"https:\/\/poelenburgh.nl\/?s={search_term_string}"},"query-input":{"@type":"PropertyValueSpecification","valueRequired":true,"valueName":"search_term_string"}}],"inLanguage":"de"},{"@type":"Organization","@id":"https:\/\/poelenburgh.nl\/#organization","name":"D\u00fcnenreitschule von Poelenburgh","url":"https:\/\/poelenburgh.nl\/","logo":{"@type":"ImageObject","inLanguage":"de","@id":"https:\/\/poelenburgh.nl\/#\/schema\/logo\/image\/","url":"https:\/\/poelenburgh.nl\/wp-content\/uploads\/2022\/01\/Logo-Duinmanege-Boelenburgh1.png","contentUrl":"https:\/\/poelenburgh.nl\/wp-content\/uploads\/2022\/01\/Logo-Duinmanege-Boelenburgh1.png","width":2788,"height":758,"caption":"Duinmanege van Poelenburgh"},"image":{"@id":"https:\/\/poelenburgh.nl\/#\/schema\/logo\/image\/"},"sameAs":["https:\/\/www.facebook.com\/duinmanege.vanpoelenburgh","https:\/\/x.com\/manegevanpoelen","https:\/\/www.instagram.com\/duinmanegevanpoelenburgh\/","https:\/\/www.youtube.com\/channel\/UCOuMgw5JmJxuTR_pW4IK9qQ"]}]}},"jetpack-related-posts":[],"jetpack_sharing_enabled":true,"_links":{"self":[{"href":"https:\/\/poelenburgh.nl\/de\/wp-json\/wp\/v2\/pages\/2","targetHints":{"allow":["GET"]}}],"collection":[{"href":"https:\/\/poelenburgh.nl\/de\/wp-json\/wp\/v2\/pages"}],"about":[{"href":"https:\/\/poelenburgh.nl\/de\/wp-json\/wp\/v2\/types\/page"}],"author":[{"embeddable":true,"href":"https:\/\/poelenburgh.nl\/de\/wp-json\/wp\/v2\/users\/1"}],"replies":[{"embeddable":true,"href":"https:\/\/poelenburgh.nl\/de\/wp-json\/wp\/v2\/comments?post=2"}],"version-history":[{"count":7,"href":"https:\/\/poelenburgh.nl\/de\/wp-json\/wp\/v2\/pages\/2\/revisions"}],"predecessor-version":[{"id":5369,"href":"https:\/\/poelenburgh.nl\/de\/wp-json\/wp\/v2\/pages\/2\/revisions\/5369"}],"up":[{"embeddable":true,"href":"https:\/\/poelenburgh.nl\/de\/wp-json\/wp\/v2\/pages\/36"}],"wp:attachment":[{"href":"https:\/\/poelenburgh.nl\/de\/wp-json\/wp\/v2\/media?parent=2"}],"curies":[{"name":"wp","href":"https:\/\/api.w.org\/{rel}","templated":true}]}}