{"id":100,"date":"2022-01-22T12:13:23","date_gmt":"2022-01-22T12:13:23","guid":{"rendered":"https:\/\/poelenburgh.nl\/?page_id=100"},"modified":"2024-01-15T12:56:04","modified_gmt":"2024-01-15T12:56:04","slug":"aanmelden-stage","status":"publish","type":"page","link":"https:\/\/poelenburgh.nl\/de\/over-ons\/aanmelden-stage\/","title":{"rendered":"Praktikum anmelden"},"content":{"rendered":"<div data-elementor-type=\"wp-page\" data-elementor-id=\"100\" class=\"elementor elementor-100\" data-elementor-post-type=\"page\">\n\t\t\t\t\t\t<section class=\"elementor-section elementor-top-section elementor-element elementor-element-bf46189 elementor-section-boxed elementor-section-height-default elementor-section-height-default\" data-id=\"bf46189\" data-element_type=\"section\" data-e-type=\"section\">\n\t\t\t\t\t\t<div class=\"elementor-container elementor-column-gap-default\">\n\t\t\t\t\t<div class=\"elementor-column elementor-col-100 elementor-top-column elementor-element elementor-element-f542694\" data-id=\"f542694\" data-element_type=\"column\" data-e-type=\"column\">\n\t\t\t<div class=\"elementor-widget-wrap elementor-element-populated\">\n\t\t\t\t\t\t<div class=\"elementor-element elementor-element-4a79920 elementor-widget elementor-widget-text-editor\" data-id=\"4a79920\" data-element_type=\"widget\" data-e-type=\"widget\" data-widget_type=\"text-editor.default\">\n\t\t\t\t<div class=\"elementor-widget-container\">\n\t\t\t\t\t\t\t\t\t<p><strong>Wir bieten eine Vielzahl von Praktika f\u00fcr unterschiedliche Bildungsstufen an.<\/strong><\/p><p>Wir sind laufend auf der Suche nach Praktikanten zur Verst\u00e4rkung unseres Teams. Wir haben etwa 100 Pferde. Davon 60 Pensions-\/Leasingpferde und 40 Reitschulpferde und -ponys.<\/p><p>Zu den gemeinsamen T\u00e4tigkeiten w\u00e4hrend des Praktikums geh\u00f6ren:<\/p><ul><li>T\u00e4gliche Pflege der Pferde<\/li><li>Leichte Stallarbeiten<\/li><li>Satteln und Vorbereiten der Ponys und Pferde<\/li><li>Ausfallen<\/li><li>Toilettengang<\/li><li>Getriebewartung<\/li><li>Pferde in die M\u00fchle\/Paddocks stellen<\/li><li>Unterst\u00fctzung bei der Ausbildung junger Pferde (bei ausreichender Erfahrung und in Absprache)<\/li><li>Reiten der Pferde (bei ausreichender Erfahrung und in Absprache)<\/li><\/ul><p>Zus\u00e4tzlich zu diesen Standardaktivit\u00e4ten bieten wir viele unterhaltsame Aktivit\u00e4ten an, zu denen Sie beitragen k\u00f6nnen:<\/p><ul><li>Mitarbeit bei Kinderfesten<\/li><li>Mithilfe bei Veranstaltungen (Tage der offenen T\u00fcr und Spieltage), Reitcamps, KNHS- und M&amp;RB-Wettbewerben.<\/li><li>F\u00fchrung von Ausritten im Freien (F\u00fchrerschein erforderlich)<\/li><li>Fellpflege bei Wettbewerben.<\/li><li>Kindern und Erwachsenen die Grundlagen des Reitens beibringen\u00a0<\/li><\/ul><p>Die Organisation einer Veranstaltung k\u00f6nnte einen Praktikumsauftrag darstellen.<\/p><p>Wir bieten Praktika sowohl f\u00fcr MBO- (BOL\/BBL) als auch f\u00fcr HBO-Studenten an. Selbstverst\u00e4ndlich bieten wir ein anschlie\u00dfendes Praktikum f\u00fcr die Pferdeausbildung an (z. B. Tier &amp; Management, Pferdehaltung und -management oder Agrarbetriebswirtschaft), aber auch f\u00fcr die Ausbildung zum Stallangestellten\/Pferdewart oder zum angehenden Ausbilder.\u00a0<\/p><p>Wir haben auch M\u00f6glichkeiten zur internen Unterbringung. Das Mitbringen eines Pferdes ist verhandelbar.<\/p><p>Du bist auf der Suche nach einem Praktikum, bei dem du nicht den ganzen Tag schmusen musst und bei dem du nicht nur eine Nummer bist? K\u00f6nnen Sie selbstst\u00e4ndig arbeiten und wissen, wie man Dinge anpackt? Dann k\u00f6nnte ein Praktikum bei Poelenburgh etwas f\u00fcr Sie sein!<\/p><p>Melden Sie sich jetzt \u00fcber das Anmeldeformular an. Bitte geben Sie in Ihrer Nachricht Ihr Alter, Ihre Telefonnummer und Ihre Ausbildung an.<\/p><p>Wir sind ein anerkannter Ausbildungsbetrieb.<\/p><p>Wir haben auch M\u00f6glichkeiten f\u00fcr ein Praktikum in der Gastronomie (Stufe 1 und 2), am besten schreiben Sie uns hierzu eine E-Mail.<\/p>\t\t\t\t\t\t\t\t<\/div>\n\t\t\t\t<\/div>\n\t\t\t\t\t<\/div>\n\t\t<\/div>\n\t\t\t\t\t<\/div>\n\t\t<\/section>\n\t\t\t\t<section class=\"elementor-section elementor-top-section elementor-element elementor-element-2195913 elementor-section-boxed elementor-section-height-default elementor-section-height-default\" data-id=\"2195913\" data-element_type=\"section\" data-e-type=\"section\">\n\t\t\t\t\t\t<div class=\"elementor-container elementor-column-gap-default\">\n\t\t\t\t\t<div class=\"elementor-column elementor-col-100 elementor-top-column elementor-element elementor-element-30182ea\" data-id=\"30182ea\" data-element_type=\"column\" data-e-type=\"column\">\n\t\t\t<div class=\"elementor-widget-wrap\">\n\t\t\t\t\t\t\t<\/div>\n\t\t<\/div>\n\t\t\t\t\t<\/div>\n\t\t<\/section>\n\t\t\t\t<section class=\"elementor-section elementor-top-section elementor-element elementor-element-b6510b1 elementor-section-boxed elementor-section-height-default elementor-section-height-default\" data-id=\"b6510b1\" data-element_type=\"section\" data-e-type=\"section\">\n\t\t\t\t\t\t<div class=\"elementor-container elementor-column-gap-default\">\n\t\t\t\t\t<div class=\"elementor-column elementor-col-100 elementor-top-column elementor-element elementor-element-5fa9d9d\" data-id=\"5fa9d9d\" data-element_type=\"column\" data-e-type=\"column\">\n\t\t\t<div class=\"elementor-widget-wrap elementor-element-populated\">\n\t\t\t\t\t\t<div class=\"elementor-element elementor-element-5bcb162 elementor-widget__width-initial elementor-widget elementor-widget-image\" data-id=\"5bcb162\" data-element_type=\"widget\" data-e-type=\"widget\" data-widget_type=\"image.default\">\n\t\t\t\t<div class=\"elementor-widget-container\">\n\t\t\t\t\t\t\t\t\t\t\t\t\t\t\t<img fetchpriority=\"high\" decoding=\"async\" data-attachment-id=\"7035\" data-permalink=\"https:\/\/poelenburgh.nl\/de\/over-ons\/aanmelden-stage\/img_20231120_223607_868\/\" data-orig-file=\"https:\/\/poelenburgh.nl\/wp-content\/uploads\/2023\/11\/IMG_20231120_223607_868.jpg\" data-orig-size=\"1439,1799\" data-comments-opened=\"1\" data-image-meta=\"{&quot;aperture&quot;:&quot;0&quot;,&quot;credit&quot;:&quot;&quot;,&quot;camera&quot;:&quot;&quot;,&quot;caption&quot;:&quot;&quot;,&quot;created_timestamp&quot;:&quot;0&quot;,&quot;copyright&quot;:&quot;&quot;,&quot;focal_length&quot;:&quot;0&quot;,&quot;iso&quot;:&quot;0&quot;,&quot;shutter_speed&quot;:&quot;0&quot;,&quot;title&quot;:&quot;&quot;,&quot;orientation&quot;:&quot;0&quot;}\" data-image-title=\"IMG_20231120_223607_868\" data-image-description=\"\" data-image-caption=\"\" data-large-file=\"https:\/\/poelenburgh.nl\/wp-content\/uploads\/2023\/11\/IMG_20231120_223607_868-819x1024.jpg\" width=\"819\" height=\"1024\" src=\"https:\/\/poelenburgh.nl\/wp-content\/uploads\/2023\/11\/IMG_20231120_223607_868-819x1024.jpg\" class=\"attachment-large size-large wp-image-7035\" alt=\"\" srcset=\"https:\/\/poelenburgh.nl\/wp-content\/uploads\/2023\/11\/IMG_20231120_223607_868-819x1024.jpg 819w, https:\/\/poelenburgh.nl\/wp-content\/uploads\/2023\/11\/IMG_20231120_223607_868-240x300.jpg 240w, https:\/\/poelenburgh.nl\/wp-content\/uploads\/2023\/11\/IMG_20231120_223607_868-768x960.jpg 768w, https:\/\/poelenburgh.nl\/wp-content\/uploads\/2023\/11\/IMG_20231120_223607_868-1229x1536.jpg 1229w, https:\/\/poelenburgh.nl\/wp-content\/uploads\/2023\/11\/IMG_20231120_223607_868-10x12.jpg 10w, https:\/\/poelenburgh.nl\/wp-content\/uploads\/2023\/11\/IMG_20231120_223607_868-600x750.jpg 600w, https:\/\/poelenburgh.nl\/wp-content\/uploads\/2023\/11\/IMG_20231120_223607_868.jpg 1439w\" sizes=\"(max-width: 819px) 100vw, 819px\" \/>\t\t\t\t\t\t\t\t\t\t\t\t\t\t\t<\/div>\n\t\t\t\t<\/div>\n\t\t\t\t<div class=\"elementor-element elementor-element-104f494 elementor-widget__width-initial elementor-widget elementor-widget-image\" data-id=\"104f494\" data-element_type=\"widget\" data-e-type=\"widget\" data-widget_type=\"image.default\">\n\t\t\t\t<div class=\"elementor-widget-container\">\n\t\t\t\t\t\t\t\t\t\t\t\t\t\t\t<img decoding=\"async\" data-attachment-id=\"7039\" data-permalink=\"https:\/\/poelenburgh.nl\/de\/over-ons\/aanmelden-stage\/erkend-leerbedrijf\/\" data-orig-file=\"https:\/\/poelenburgh.nl\/wp-content\/uploads\/2023\/11\/erkend-leerbedrijf.webp\" data-orig-size=\"1000,1000\" data-comments-opened=\"1\" data-image-meta=\"{&quot;aperture&quot;:&quot;0&quot;,&quot;credit&quot;:&quot;&quot;,&quot;camera&quot;:&quot;&quot;,&quot;caption&quot;:&quot;&quot;,&quot;created_timestamp&quot;:&quot;0&quot;,&quot;copyright&quot;:&quot;&quot;,&quot;focal_length&quot;:&quot;0&quot;,&quot;iso&quot;:&quot;0&quot;,&quot;shutter_speed&quot;:&quot;0&quot;,&quot;title&quot;:&quot;&quot;,&quot;orientation&quot;:&quot;0&quot;}\" data-image-title=\"erkend-leerbedrijf\" data-image-description=\"\" data-image-caption=\"\" data-large-file=\"https:\/\/poelenburgh.nl\/wp-content\/uploads\/2023\/11\/erkend-leerbedrijf.webp\" width=\"1000\" height=\"1000\" src=\"https:\/\/poelenburgh.nl\/wp-content\/uploads\/2023\/11\/erkend-leerbedrijf.webp\" class=\"attachment-large size-large wp-image-7039\" alt=\"\" srcset=\"https:\/\/poelenburgh.nl\/wp-content\/uploads\/2023\/11\/erkend-leerbedrijf.webp 1000w, https:\/\/poelenburgh.nl\/wp-content\/uploads\/2023\/11\/erkend-leerbedrijf-300x300.webp 300w, https:\/\/poelenburgh.nl\/wp-content\/uploads\/2023\/11\/erkend-leerbedrijf-150x150.webp 150w, https:\/\/poelenburgh.nl\/wp-content\/uploads\/2023\/11\/erkend-leerbedrijf-768x768.webp 768w, https:\/\/poelenburgh.nl\/wp-content\/uploads\/2023\/11\/erkend-leerbedrijf-12x12.webp 12w, https:\/\/poelenburgh.nl\/wp-content\/uploads\/2023\/11\/erkend-leerbedrijf-600x600.webp 600w, https:\/\/poelenburgh.nl\/wp-content\/uploads\/2023\/11\/erkend-leerbedrijf-100x100.webp 100w, https:\/\/poelenburgh.nl\/wp-content\/uploads\/2023\/11\/erkend-leerbedrijf-50x50.webp 50w\" sizes=\"(max-width: 1000px) 100vw, 1000px\" \/>\t\t\t\t\t\t\t\t\t\t\t\t\t\t\t<\/div>\n\t\t\t\t<\/div>\n\t\t\t\t<div class=\"elementor-element elementor-element-96887d8 elementor-widget__width-initial eael-contact-form-7-button-align-left eael-contact-form-7-button-custom elementor-widget elementor-widget-eael-contact-form-7\" data-id=\"96887d8\" data-element_type=\"widget\" data-e-type=\"widget\" data-widget_type=\"eael-contact-form-7.default\">\n\t\t\t\t<div class=\"elementor-widget-container\">\n\t\t\t\t\t<div class=\"eael-contact-form-7-wrapper\">\n                <div class=\"eael-contact-form eael-contact-form-7 eael-contact-form-96887d8 placeholder-show eael-contact-form-align-default\">\n<div class=\"wpcf7 no-js\" id=\"wpcf7-f2121-o1\" lang=\"nl-NL\" dir=\"ltr\" data-wpcf7-id=\"2121\">\n<div class=\"screen-reader-response\"><p role=\"status\" aria-live=\"polite\" aria-atomic=\"true\"><\/p> <ul><\/ul><\/div>\n<form action=\"\/de\/wp-json\/wp\/v2\/pages\/100#wpcf7-f2121-o1\" method=\"post\" class=\"wpcf7-form init\" aria-label=\"Kontakt Formular\" novalidate=\"novalidate\" data-status=\"init\" data-trp-original-action=\"\/de\/wp-json\/wp\/v2\/pages\/100#wpcf7-f2121-o1\">\n<fieldset class=\"hidden-fields-container\"><input type=\"hidden\" name=\"_wpcf7\" value=\"2121\" \/><input type=\"hidden\" name=\"_wpcf7_version\" value=\"6.1.5\" \/><input type=\"hidden\" name=\"_wpcf7_locale\" value=\"nl_NL\" \/><input type=\"hidden\" name=\"_wpcf7_unit_tag\" value=\"wpcf7-f2121-o1\" \/><input type=\"hidden\" name=\"_wpcf7_container_post\" value=\"0\" \/><input type=\"hidden\" name=\"_wpcf7_posted_data_hash\" value=\"\" \/><input type=\"hidden\" name=\"_wpcf7_recaptcha_response\" value=\"\" \/>\n<\/fieldset>\n<p><label> Dein Name<br \/>\n<span class=\"wpcf7-form-control-wrap\" data-name=\"your-name\"><input size=\"40\" maxlength=\"400\" class=\"wpcf7-form-control wpcf7-text wpcf7-validates-as-required\" aria-required=\"true\" aria-invalid=\"false\" value=\"\" type=\"text\" name=\"your-name\" \/><\/span> <\/label>\n<\/p>\n<p><label> deine E-Mail-Adresse<br \/>\n<span class=\"wpcf7-form-control-wrap\" data-name=\"your-email\"><input size=\"40\" maxlength=\"400\" class=\"wpcf7-form-control wpcf7-email wpcf7-validates-as-required wpcf7-text wpcf7-validates-as-email\" aria-required=\"true\" aria-invalid=\"false\" value=\"\" type=\"email\" name=\"your-email\" \/><\/span> <\/label>\n<\/p>\n<p><label> Deine Telefonnummer<br \/>\n<span class=\"wpcf7-form-control-wrap\" data-name=\"telefoon\"><input size=\"40\" maxlength=\"400\" class=\"wpcf7-form-control wpcf7-tel wpcf7-text wpcf7-validates-as-tel\" aria-invalid=\"false\" value=\"\" type=\"tel\" name=\"telefoon\" \/><\/span> <\/label>\n<\/p>\n<p><label> Ihre Nachricht<br \/>\n<span class=\"wpcf7-form-control-wrap\" data-name=\"your-message\"><textarea cols=\"40\" rows=\"10\" maxlength=\"2000\" class=\"wpcf7-form-control wpcf7-textarea\" aria-invalid=\"false\" name=\"your-message\"><\/textarea><\/span> <\/label>\n<\/p>\n<p><input class=\"wpcf7-form-control wpcf7-submit has-spinner\" type=\"submit\" value=\"Senden\" \/>\n<\/p><div class=\"wpcf7-response-output\" aria-hidden=\"true\"><\/div>\n<input type=\"hidden\" name=\"trp-form-language\" value=\"de\"\/><\/form>\n<\/div>\n<\/div>\n            <\/div>\t\t\t\t<\/div>\n\t\t\t\t<\/div>\n\t\t\t\t\t<\/div>\n\t\t<\/div>\n\t\t\t\t\t<\/div>\n\t\t<\/section>\n\t\t\t\t<\/div>","protected":false},"excerpt":{"rendered":"<p>Wij bieden uiteenlopende stageplaatsen voor verschillende opleidingsniveaus. Wij zijn doorlopend op zoek naar stagiaires die ons team komen versterken. Wij hebben circa 100 paarden staan. Waarvan 60 pension\/leasepaarden en 40 manege paarden en pony\u2019s. Gedurende de stageperiode zijn de veelvoorkomende werkzaamheden: Dagelijkse verzorging van de paarden Lichte stalwerkzaamheden Opzadelen en klaarzetten van de pony\u2019s en &hellip; <\/p>","protected":false},"author":1,"featured_media":0,"parent":36,"menu_order":0,"comment_status":"closed","ping_status":"open","template":"","meta":{"_acf_changed":false,"_angie_page":false,"footnotes":""},"class_list":["post-100","page","type-page","status-publish","hentry"],"acf":[],"yoast_head":"<!-- This site is optimized with the Yoast SEO plugin v27.3 - https:\/\/yoast.com\/product\/yoast-seo-wordpress\/ -->\n<title>Aanmelden stage - Duinmanege van Poelenburgh<\/title>\n<meta name=\"robots\" content=\"index, follow, max-snippet:-1, max-image-preview:large, max-video-preview:-1\" \/>\n<link rel=\"canonical\" href=\"https:\/\/poelenburgh.nl\/de\/over-ons\/aanmelden-stage\/\" \/>\n<meta property=\"og:locale\" content=\"de_DE\" \/>\n<meta property=\"og:type\" content=\"article\" \/>\n<meta property=\"og:title\" content=\"Aanmelden stage - Duinmanege van Poelenburgh\" \/>\n<meta property=\"og:description\" content=\"Wij bieden uiteenlopende stageplaatsen voor verschillende opleidingsniveaus. Wij zijn doorlopend op zoek naar stagiaires die ons team komen versterken. Wij hebben circa 100 paarden staan. Waarvan 60 pension\/leasepaarden en 40 manege paarden en pony\u2019s. Gedurende de stageperiode zijn de veelvoorkomende werkzaamheden: Dagelijkse verzorging van de paarden Lichte stalwerkzaamheden Opzadelen en klaarzetten van de pony\u2019s en &hellip;\" \/>\n<meta property=\"og:url\" content=\"https:\/\/poelenburgh.nl\/de\/over-ons\/aanmelden-stage\/\" \/>\n<meta property=\"og:site_name\" content=\"Duinmanege van Poelenburgh\" \/>\n<meta property=\"article:publisher\" content=\"https:\/\/www.facebook.com\/duinmanege.vanpoelenburgh\" \/>\n<meta property=\"article:modified_time\" content=\"2024-01-15T12:56:04+00:00\" \/>\n<meta property=\"og:image\" content=\"https:\/\/poelenburgh.nl\/wp-content\/uploads\/2023\/11\/IMG_20231120_223607_868-819x1024.jpg\" \/>\n<meta name=\"twitter:card\" content=\"summary_large_image\" \/>\n<meta name=\"twitter:site\" content=\"@manegevanpoelen\" \/>\n<meta name=\"twitter:label1\" content=\"Gesch\u00e4tzte Lesezeit\" \/>\n\t<meta name=\"twitter:data1\" content=\"2\u00a0Minuten\" \/>\n<script type=\"application\/ld+json\" class=\"yoast-schema-graph\">{\"@context\":\"https:\\\/\\\/schema.org\",\"@graph\":[{\"@type\":\"WebPage\",\"@id\":\"https:\\\/\\\/poelenburgh.nl\\\/over-ons\\\/aanmelden-stage\\\/\",\"url\":\"https:\\\/\\\/poelenburgh.nl\\\/over-ons\\\/aanmelden-stage\\\/\",\"name\":\"Aanmelden stage - Duinmanege van Poelenburgh\",\"isPartOf\":{\"@id\":\"https:\\\/\\\/poelenburgh.nl\\\/#website\"},\"primaryImageOfPage\":{\"@id\":\"https:\\\/\\\/poelenburgh.nl\\\/over-ons\\\/aanmelden-stage\\\/#primaryimage\"},\"image\":{\"@id\":\"https:\\\/\\\/poelenburgh.nl\\\/over-ons\\\/aanmelden-stage\\\/#primaryimage\"},\"thumbnailUrl\":\"https:\\\/\\\/poelenburgh.nl\\\/wp-content\\\/uploads\\\/2023\\\/11\\\/IMG_20231120_223607_868-819x1024.jpg\",\"datePublished\":\"2022-01-22T12:13:23+00:00\",\"dateModified\":\"2024-01-15T12:56:04+00:00\",\"breadcrumb\":{\"@id\":\"https:\\\/\\\/poelenburgh.nl\\\/over-ons\\\/aanmelden-stage\\\/#breadcrumb\"},\"inLanguage\":\"de\",\"potentialAction\":[{\"@type\":\"ReadAction\",\"target\":[\"https:\\\/\\\/poelenburgh.nl\\\/over-ons\\\/aanmelden-stage\\\/\"]}]},{\"@type\":\"ImageObject\",\"inLanguage\":\"de\",\"@id\":\"https:\\\/\\\/poelenburgh.nl\\\/over-ons\\\/aanmelden-stage\\\/#primaryimage\",\"url\":\"https:\\\/\\\/poelenburgh.nl\\\/wp-content\\\/uploads\\\/2023\\\/11\\\/IMG_20231120_223607_868-819x1024.jpg\",\"contentUrl\":\"https:\\\/\\\/poelenburgh.nl\\\/wp-content\\\/uploads\\\/2023\\\/11\\\/IMG_20231120_223607_868-819x1024.jpg\"},{\"@type\":\"BreadcrumbList\",\"@id\":\"https:\\\/\\\/poelenburgh.nl\\\/over-ons\\\/aanmelden-stage\\\/#breadcrumb\",\"itemListElement\":[{\"@type\":\"ListItem\",\"position\":1,\"name\":\"Over ons\",\"item\":\"https:\\\/\\\/poelenburgh.nl\\\/over-ons\\\/\"},{\"@type\":\"ListItem\",\"position\":2,\"name\":\"Aanmelden stage\"}]},{\"@type\":\"WebSite\",\"@id\":\"https:\\\/\\\/poelenburgh.nl\\\/#website\",\"url\":\"https:\\\/\\\/poelenburgh.nl\\\/\",\"name\":\"Duinmanege van Poelenburgh\",\"description\":\"Manege &amp; Accommodatie\",\"publisher\":{\"@id\":\"https:\\\/\\\/poelenburgh.nl\\\/#organization\"},\"potentialAction\":[{\"@type\":\"SearchAction\",\"target\":{\"@type\":\"EntryPoint\",\"urlTemplate\":\"https:\\\/\\\/poelenburgh.nl\\\/?s={search_term_string}\"},\"query-input\":{\"@type\":\"PropertyValueSpecification\",\"valueRequired\":true,\"valueName\":\"search_term_string\"}}],\"inLanguage\":\"de\"},{\"@type\":\"Organization\",\"@id\":\"https:\\\/\\\/poelenburgh.nl\\\/#organization\",\"name\":\"Duinmanege van Poelenburgh\",\"url\":\"https:\\\/\\\/poelenburgh.nl\\\/\",\"logo\":{\"@type\":\"ImageObject\",\"inLanguage\":\"de\",\"@id\":\"https:\\\/\\\/poelenburgh.nl\\\/#\\\/schema\\\/logo\\\/image\\\/\",\"url\":\"https:\\\/\\\/poelenburgh.nl\\\/wp-content\\\/uploads\\\/2022\\\/01\\\/Logo-Duinmanege-Boelenburgh1.png\",\"contentUrl\":\"https:\\\/\\\/poelenburgh.nl\\\/wp-content\\\/uploads\\\/2022\\\/01\\\/Logo-Duinmanege-Boelenburgh1.png\",\"width\":2788,\"height\":758,\"caption\":\"Duinmanege van Poelenburgh\"},\"image\":{\"@id\":\"https:\\\/\\\/poelenburgh.nl\\\/#\\\/schema\\\/logo\\\/image\\\/\"},\"sameAs\":[\"https:\\\/\\\/www.facebook.com\\\/duinmanege.vanpoelenburgh\",\"https:\\\/\\\/x.com\\\/manegevanpoelen\",\"https:\\\/\\\/www.instagram.com\\\/duinmanegevanpoelenburgh\\\/\",\"https:\\\/\\\/www.youtube.com\\\/channel\\\/UCOuMgw5JmJxuTR_pW4IK9qQ\"]}]}<\/script>\n<!-- \/ Yoast SEO plugin. -->","yoast_head_json":{"title":"Aanmelden stage - Duinmanege van Poelenburgh","robots":{"index":"index","follow":"follow","max-snippet":"max-snippet:-1","max-image-preview":"max-image-preview:large","max-video-preview":"max-video-preview:-1"},"canonical":"https:\/\/poelenburgh.nl\/de\/over-ons\/aanmelden-stage\/","og_locale":"de_DE","og_type":"article","og_title":"Aanmelden stage - Duinmanege van Poelenburgh","og_description":"Wij bieden uiteenlopende stageplaatsen voor verschillende opleidingsniveaus. Wij zijn doorlopend op zoek naar stagiaires die ons team komen versterken. Wij hebben circa 100 paarden staan. Waarvan 60 pension\/leasepaarden en 40 manege paarden en pony\u2019s. Gedurende de stageperiode zijn de veelvoorkomende werkzaamheden: Dagelijkse verzorging van de paarden Lichte stalwerkzaamheden Opzadelen en klaarzetten van de pony\u2019s en &hellip;","og_url":"https:\/\/poelenburgh.nl\/de\/over-ons\/aanmelden-stage\/","og_site_name":"Duinmanege van Poelenburgh","article_publisher":"https:\/\/www.facebook.com\/duinmanege.vanpoelenburgh","article_modified_time":"2024-01-15T12:56:04+00:00","og_image":[{"url":"https:\/\/poelenburgh.nl\/wp-content\/uploads\/2023\/11\/IMG_20231120_223607_868-819x1024.jpg","type":"","width":"","height":""}],"twitter_card":"summary_large_image","twitter_site":"@manegevanpoelen","twitter_misc":{"Gesch\u00e4tzte Lesezeit":"2\u00a0Minuten"},"schema":{"@context":"https:\/\/schema.org","@graph":[{"@type":"WebPage","@id":"https:\/\/poelenburgh.nl\/over-ons\/aanmelden-stage\/","url":"https:\/\/poelenburgh.nl\/over-ons\/aanmelden-stage\/","name":"Aanmelden stage - Duinmanege van Poelenburgh","isPartOf":{"@id":"https:\/\/poelenburgh.nl\/#website"},"primaryImageOfPage":{"@id":"https:\/\/poelenburgh.nl\/over-ons\/aanmelden-stage\/#primaryimage"},"image":{"@id":"https:\/\/poelenburgh.nl\/over-ons\/aanmelden-stage\/#primaryimage"},"thumbnailUrl":"https:\/\/poelenburgh.nl\/wp-content\/uploads\/2023\/11\/IMG_20231120_223607_868-819x1024.jpg","datePublished":"2022-01-22T12:13:23+00:00","dateModified":"2024-01-15T12:56:04+00:00","breadcrumb":{"@id":"https:\/\/poelenburgh.nl\/over-ons\/aanmelden-stage\/#breadcrumb"},"inLanguage":"de","potentialAction":[{"@type":"ReadAction","target":["https:\/\/poelenburgh.nl\/over-ons\/aanmelden-stage\/"]}]},{"@type":"ImageObject","inLanguage":"de","@id":"https:\/\/poelenburgh.nl\/over-ons\/aanmelden-stage\/#primaryimage","url":"https:\/\/poelenburgh.nl\/wp-content\/uploads\/2023\/11\/IMG_20231120_223607_868-819x1024.jpg","contentUrl":"https:\/\/poelenburgh.nl\/wp-content\/uploads\/2023\/11\/IMG_20231120_223607_868-819x1024.jpg"},{"@type":"BreadcrumbList","@id":"https:\/\/poelenburgh.nl\/over-ons\/aanmelden-stage\/#breadcrumb","itemListElement":[{"@type":"ListItem","position":1,"name":"Over ons","item":"https:\/\/poelenburgh.nl\/over-ons\/"},{"@type":"ListItem","position":2,"name":"Aanmelden stage"}]},{"@type":"WebSite","@id":"https:\/\/poelenburgh.nl\/#website","url":"https:\/\/poelenburgh.nl\/","name":"D\u00fcnenreitschule von Poelenburgh","description":"Reitschule &amp; Unterkunft","publisher":{"@id":"https:\/\/poelenburgh.nl\/#organization"},"potentialAction":[{"@type":"SearchAction","target":{"@type":"EntryPoint","urlTemplate":"https:\/\/poelenburgh.nl\/?s={search_term_string}"},"query-input":{"@type":"PropertyValueSpecification","valueRequired":true,"valueName":"search_term_string"}}],"inLanguage":"de"},{"@type":"Organization","@id":"https:\/\/poelenburgh.nl\/#organization","name":"D\u00fcnenreitschule von Poelenburgh","url":"https:\/\/poelenburgh.nl\/","logo":{"@type":"ImageObject","inLanguage":"de","@id":"https:\/\/poelenburgh.nl\/#\/schema\/logo\/image\/","url":"https:\/\/poelenburgh.nl\/wp-content\/uploads\/2022\/01\/Logo-Duinmanege-Boelenburgh1.png","contentUrl":"https:\/\/poelenburgh.nl\/wp-content\/uploads\/2022\/01\/Logo-Duinmanege-Boelenburgh1.png","width":2788,"height":758,"caption":"Duinmanege van Poelenburgh"},"image":{"@id":"https:\/\/poelenburgh.nl\/#\/schema\/logo\/image\/"},"sameAs":["https:\/\/www.facebook.com\/duinmanege.vanpoelenburgh","https:\/\/x.com\/manegevanpoelen","https:\/\/www.instagram.com\/duinmanegevanpoelenburgh\/","https:\/\/www.youtube.com\/channel\/UCOuMgw5JmJxuTR_pW4IK9qQ"]}]}},"jetpack-related-posts":[],"jetpack_sharing_enabled":true,"_links":{"self":[{"href":"https:\/\/poelenburgh.nl\/de\/wp-json\/wp\/v2\/pages\/100","targetHints":{"allow":["GET"]}}],"collection":[{"href":"https:\/\/poelenburgh.nl\/de\/wp-json\/wp\/v2\/pages"}],"about":[{"href":"https:\/\/poelenburgh.nl\/de\/wp-json\/wp\/v2\/types\/page"}],"author":[{"embeddable":true,"href":"https:\/\/poelenburgh.nl\/de\/wp-json\/wp\/v2\/users\/1"}],"replies":[{"embeddable":true,"href":"https:\/\/poelenburgh.nl\/de\/wp-json\/wp\/v2\/comments?post=100"}],"version-history":[{"count":31,"href":"https:\/\/poelenburgh.nl\/de\/wp-json\/wp\/v2\/pages\/100\/revisions"}],"predecessor-version":[{"id":8016,"href":"https:\/\/poelenburgh.nl\/de\/wp-json\/wp\/v2\/pages\/100\/revisions\/8016"}],"up":[{"embeddable":true,"href":"https:\/\/poelenburgh.nl\/de\/wp-json\/wp\/v2\/pages\/36"}],"wp:attachment":[{"href":"https:\/\/poelenburgh.nl\/de\/wp-json\/wp\/v2\/media?parent=100"}],"curies":[{"name":"wp","href":"https:\/\/api.w.org\/{rel}","templated":true}]}}